{"id":117,"date":"2015-08-11T10:07:13","date_gmt":"2015-08-11T10:07:13","guid":{"rendered":"https:\/\/ecoturismo.lanzarotebiosfera.org\/?page_id=117"},"modified":"2020-10-20T07:08:58","modified_gmt":"2020-10-20T07:08:58","slug":"biblioteca","status":"publish","type":"page","link":"https:\/\/ecoturismo.lanzarotebiosfera.org\/de\/biblioteca\/","title":{"rendered":"Bibliothek"},"content":{"rendered":"[vc_row][vc_column][vc_column_text]\n<p style=\"text-align: justify;\">Um die Clubunternehmen und deren Kunden stets \u00fcber die Themen u.a. in Sachen \u00d6kotourismus im Biosph\u00e4renreservat Lanzarote auf dem Laufenden zu halten, stellen wir folgende Links und Dokumente zur Verf\u00fcgung.<\/p>\n[\/vc_column_text][\/vc_column][\/vc_row][vc_row][vc_column width=&#8220;1\/2&#8243;][vc_column_text]<b>B\u00fccher, Zeitschriften und Brosch\u00fcren:<\/b><\/p>\n<p><strong>ARTENVIELFALT<\/strong><\/p>\n<ul>\n<li style=\"text-align: justify;\"><a href=\"http:\/\/www.datosdelanzarote.com\/Uploads\/doc\/Lista-de-especies-silvestres-de-Canarias-2009-20160314141658375Lista_Especies_Silvestres.pdf\" target=\"_blank\" rel=\"noopener noreferrer\">Liste \u00fcber wild lebende und wachsende Arten der Kanaren<\/a>. Hongos, plantas y animales terrestres. <em>Gobierno de Canarias. 2009.<\/em><\/li>\n<li><a href=\"http:\/\/www.lanzarotebiosfera.org\/wp-content\/uploads\/plantas_autoctonas_lanzarote_web.pdf\" target=\"_blank\" rel=\"noopener noreferrer\">Las plantas aut\u00f3ctonas de Lanzarote. Su uso en jardiner\u00eda.<\/a>\u00a0 Reserva de la Biosfera de Lanzarote, 2007<\/li>\n<li style=\"text-align: justify;\"><a href=\"http:\/\/www.datosdelanzarote.com\/Uploads\/doc\/Gu%C3%ADa-bot%C3%A1nica-del-Aeropuerto-de-Lanzarote-20160330105153818Gu%C3%ADa-Bot%C3%A1nica%E2%80%A6Lanzarote-web_MENOR.pdf\" target=\"_blank\" rel=\"noopener noreferrer\">Botanikf\u00fchrer des Flughafens von Lanzarote<\/a>. <em>AENA. Ministerio de Fomento. Gobierno de Espa\u00f1a.<\/em><\/li>\n<li style=\"text-align: justify;\"><a href=\"http:\/\/auladenaturalezademaguez.com\/cuadernillo-flora-y-fauna-de-lanzarote\/#\" target=\"_blank\" rel=\"noopener noreferrer\">Tier- und Pflanzenf\u00fchrer f\u00fcr Lanzarote<\/a>. <em>Aula de la Naturaleza de M\u00e1guez. Cabildo de Lanzarote.<\/em><\/li>\n<li style=\"text-align: justify;\"><a href=\"http:\/\/www.memoriadelanzarote.com\/contenidos\/20110822103900AVES-Y-PLANTAS-PELIGRO-DE-EXTINCION.pdf\" target=\"_blank\" rel=\"noopener noreferrer\">Vom Aussterben bedrohte Vogel- und Pflanzenarten auf Lanzarote<\/a>. <em>ASCAN. Cabildo de Lanzarote. 1991.<\/em><\/li>\n<li style=\"text-align: justify;\"><a href=\"\/wp-content\/uploads\/2015\/08\/MBP-Plantas-invasoras.pdf\">Handbuch bew\u00e4hrter Praktiken hinsichtlich der Nutzung exotischer Pflanzen der Kanaren<\/a>. Gobierno de Canarias. 2015.<\/li>\n<li style=\"text-align: justify;\"><a href=\"\/wp-content\/uploads\/2015\/08\/Miniguia-100-BIRDS-100-reasons-to-visit-Spain-OK.pdf\">Miniguide to the Birds of Spain<\/a>. SEO BirdLife. 2013.<\/li>\n<li style=\"text-align: justify;\"><a href=\"http:\/\/www.geoparquelanzarote.org\/wp-content\/uploads\/2016\/01\/Guia-interpretativa-ecosistemas-anquialinos-ES.pdf\" target=\"_blank\" rel=\"noopener noreferrer\">Interpretationsf\u00fchrer \u00fcber die anchialinen \u00d6kosysteme der Jameos del Agua und des Atlantistunnels<\/a>. Alejandro Mart\u00ednez <em>et. al<\/em> 2016.<\/li>\n<\/ul>\n<p><strong>LANDWIRTSCHAFT<\/strong><\/p>\n<ul>\n<li style=\"text-align: justify;\"><a href=\"http:\/\/www.memoriadelanzarote.com\/contenidos\/20140729093300cultivos_tradicionales_lanzarote.pdf\" target=\"_blank\" rel=\"noopener noreferrer\">Die traditionelle Landwirtschaft der Insel Lanzarote. Getreide: Vielfalt und \u00d6kologie<\/a>.<br \/>\n<em>Jaime Gil. 2005.<\/em><\/li>\n<li style=\"text-align: justify;\"><a href=\"\/wp-content\/uploads\/2015\/08\/Papas-antiguas-de-Lanzarote.pdf\" target=\"_blank\" rel=\"noopener noreferrer\">Kartoffelsorten auf Lanzarote. Eigenschaften und grundlegende Morphologie<\/a><em>Jaime Gil y Marta Pe\u00f1a. 2007.<\/em><\/li>\n<li style=\"text-align: justify;\"><a href=\"http:\/\/vegadeyuco.es\/descargas\/licores.pdf\" target=\"_blank\" rel=\"noopener noreferrer\">Traditionelle Lik\u00f6rsorten der Insel Lanzarote<\/a>.\u00a0<em>Giovanni Lemes Pacheco<\/em>. <a href=\"http:\/\/vegadeyuco.es\/\" target=\"_blank\" rel=\"noopener noreferrer\">Bodegas Vega de Yuco<\/a>.<\/li>\n<\/ul>\n<p><strong>PATRIMONIO<\/strong><\/p>\n<ul>\n<li><a href=\"https:\/\/s3-eu-west-1.amazonaws.com\/ayuntamiento.teguise\/wp-content\/uploads\/2015\/09\/teguise-conjunto-historico-artistico.pdf\">Gu\u00eda de Patrimonio de Teguise<\/a>.\u00a0 Conjunto Hist\u00f3rico &#8211; Art\u00edstico 1985. Publicaci\u00f3n del Ayuntamiento de Teguise. 2007.<\/li>\n<li><a href=\"http:\/\/www.datosdelanzarote.com\/Uploads\/doc\/La-cultura-del-agua-en-Lanzarote-20170118141654869cultura-del-agua-lanzarote.pdf\" target=\"_blank\" rel=\"noopener noreferrer\">La Cultura del Agua en Lanzarote<\/a>.<br \/>\n<em>VV.AA. 2006.<\/em><\/li>\n<li><a href=\"http:\/\/www.memoriadelanzarote.com\/contenidos\/20090316142728vern%C3%A1cula.pdf\" target=\"_blank\" rel=\"noopener noreferrer\">La Arquitectura Vern\u00e1cula de Lanzarote y su Funcionalidad Social<\/a>.<br \/>\n<em>Demelza D\u00edaz y Manuel A. Fajardo.<\/em><\/li>\n<\/ul>\n<p><strong>LANDSCHAFT<\/strong><\/p>\n<ul>\n<li><a href=\"http:\/\/www.cabildodelanzarote.com\/Uploads\/doc\/20130910101222473.pdf\" target=\"_blank\" rel=\"noopener noreferrer\">Karteikarten \u00fcber Gebiete<br \/>\n<\/a><em>Cabildo de Lanzarote<\/em><\/li>\n<li><a href=\"http:\/\/www.iehcan.com\/wp-content\/uploads\/2015\/12\/Libro-JTB-2015-para-web.pdf\" target=\"_blank\" rel=\"noopener noreferrer\">Lanzarote &#8211; Natur zwischen Vulkanen<\/a><br \/>\n<em>VV.AA. 2015<\/em><\/li>\n<li><a href=\"http:\/\/www.datosdelanzarote.com\/Uploads\/doc\/Reserva-Marina-Isla-de-La-Graciosa-e-Islotes-del-Norte-de-Lanzarote-20150218111349811informacion_generica_graciosa-(1).pdf\" target=\"_blank\" rel=\"noopener noreferrer\">Meeresreservat des Chinijo-Archipels (Insel La Graciosa und Eil\u00e4nder vor der Nordk\u00fcste Lanzarotes)<\/a><\/li>\n<li><a href=\"http:\/\/www.turismolanzarote.com\/buceo\/guia_lanzaroteideal_af.pdf\" target=\"_blank\" rel=\"noopener noreferrer\">Tauchf\u00fchrer f\u00fcr Lanzarote<\/a>.<br \/>\n<em>Arturo Boyra, Cristina Fern\u00e1ndez-Gil y Carlos Su\u00e1rez. 2011.<\/em><\/li>\n<li><a href=\"http:\/\/auladenaturalezademaguez.com\/senderos-interpretativos-2\/\" target=\"_blank\" rel=\"noopener noreferrer\">Wanderwegf\u00fchrer<\/a>. <em>Aula de la Naturaleza de M\u00e1guez. Cabildo de Lanzarote.<\/em><\/li>\n<\/ul>\n<p><strong>TOURISMUS<\/strong><\/p>\n<ul>\n<li style=\"text-align: justify;\"><a href=\"\/wp-content\/uploads\/2015\/08\/DEC\u00c1LOGO-TURISTA-EXCELENTE-RB-ESPA\u00d1OL.pdf\">Dekalog f\u00fcr hervorragenden Tourismus im BR Lanzarote<\/a>.<\/li>\n<li style=\"text-align: justify;\"><a href=\"\/wp-content\/uploads\/2015\/08\/DEC\u00c1LOGO-TURISTA-EXCELENTE-RB-INGL\u00c9S.pdf\">Lanzarote Biosphere Reserve: How to be an excellent visitor<\/a>.<\/li>\n<li style=\"text-align: justify;\">\n<div id=\"articleTitle\">\n<p><a href=\"\/wp-content\/uploads\/2015\/08\/El-cultivo-del-vi\u00f1edo-como-recurso-tur\u00edstico-cultural-La-Geria.pdf\">Der Weinanbau als kulturelle touristische Ressource: La Geria (Lanzarote, Kanarische Inseln, Spanien)<\/a>.\u00a0<em>A. Gonz\u00e1lez Morales, A. Ram\u00f3n Ojeda, S. Hern\u00e1ndez Torres. 2015.<\/em><\/p>\n<\/div>\n<\/li>\n<li style=\"text-align: justify;\"><a href=\"http:\/\/www.aderlan.org\/downloads\/actividades%20y%20publicaciones\/Lanzarote%20Rural-Gu%C3%ADa%20de%20Recursos%20Tur%C3%ADsticos.pdf\" target=\"_blank\" rel=\"noopener noreferrer\">L\u00e4ndliches Lanzarote. Reisef\u00fchrer \u00fcber touristische Ressourcen<\/a>.\u00a0<em>ADERLAN. 2002.<\/em><\/li>\n<\/ul>\n[\/vc_column_text][\/vc_column][vc_column width=&#8220;1\/2&#8243;][vc_column_text]<b>Websites und Blogs<\/b><\/p>\n<ul>\n<li>Website <a href=\"http:\/\/www.geoparquelanzarote.org\/\" target=\"_blank\" rel=\"noopener noreferrer\">Geopark Lanzarote und Chinijo-Archipel<\/a><\/li>\n<li>Website <a href=\"http:\/\/www.turismolanzarote.com\/\" target=\"_blank\" rel=\"noopener noreferrer\">Tourismus Lanzarote<\/a><\/li>\n<li>Website <a href=\"http:\/\/www.centrosturisticos.com\/centros\/CENTROS\/published_es\/DEFAULT\/index.html\" target=\"_blank\" rel=\"noopener noreferrer\">Kunst-, Kultur- und Besucherzentren auf Lanzarote<\/a><\/li>\n<li><a href=\"http:\/\/www.aderlan.org\/\">Asociaci\u00f3n para el Desarrollo Rural y Pesquero de Lanzarote<\/a> (ADERLAN).<\/li>\n<li><a href=\"http:\/\/www.gobiernodecanarias.org\/cmayot\/espaciosnaturales\/instrumentos\/lanz_descarga.html\" target=\"_blank\" rel=\"noopener noreferrer\">Netzwerk kanarischer Naturschutzgebiete<\/a> &#8211; Lanzarote<\/li>\n<li><a href=\"http:\/\/www.biodiversidadcanarias.es\/atlantis\/common\/index.jsf\" target=\"_blank\" rel=\"noopener noreferrer\">Datenbank der kanarischen Artenvielfalt<\/a><\/li>\n<li><a href=\"http:\/\/www.floralanzarote.com\/\" target=\"_blank\" rel=\"noopener noreferrer\">Tier- und Pflanzenwelt auf Lanzarote<\/a><\/li>\n<li><a href=\"http:\/\/www.floradecanarias.com\/\" target=\"_blank\" rel=\"noopener noreferrer\">Vaskul\u00e4re Pflanzenarten der Kanaren<\/a><\/li>\n<li><a href=\"http:\/\/atlasdesemillasdecanarias.org\/index.php\" target=\"_blank\" rel=\"noopener noreferrer\">Digitaler Atlas &#8211; Samen der Kanaren<\/a><\/li>\n<li><a href=\"http:\/\/birdinglanzarote.blogspot.com.es\/\" target=\"_blank\" rel=\"noopener noreferrer\">Vogelarten auf Lanzarote<\/a><\/li>\n<li><a href=\"http:\/\/blog.birdingcanarias.com\/\" target=\"_blank\" rel=\"noopener noreferrer\">Birding Canarias<\/a><\/li>\n<li><a href=\"http:\/\/www.webs.ulpgc.es\/toplanzarote\/\" target=\"_blank\" rel=\"noopener noreferrer\">Ortsnamenskunde der Insel Lanzarote<\/a><\/li>\n<li><a href=\"http:\/\/www.gobiernodecanarias.org\/educacion\/culturacanaria\/juegos\/juegos.htm\">Juegos tradicionales\u00a0<\/a><\/li>\n<\/ul>\n[\/vc_column_text][vc_column_text]<b>Soziale Netzwerke:<\/b><\/p>\n<ul>\n<li><a href=\"https:\/\/www.facebook.com\/reservadelabiosferadelanzarote\/\" target=\"_blank\" rel=\"noopener noreferrer\">Biosph\u00e4renreservat Lanzarote<\/a>. Cabildo de Lanzarote.<\/li>\n<li><a href=\"https:\/\/www.facebook.com\/Agrolanzarote\/?fref=ts\" target=\"_blank\" rel=\"noopener noreferrer\">Agrolanzarote<\/a>. Seite f\u00fcr Agrarwirtschaft.<\/li>\n<li><a href=\"https:\/\/www.facebook.com\/Patrimonio-Historico-de-Lanzarote-436097549880741\/?fref=ts\" target=\"_blank\" rel=\"noopener noreferrer\">Historisches Erbe<\/a>. Cabildo de Lanzarote.<\/li>\n<li><a href=\"https:\/\/www.facebook.com\/MemoriaDeLanzarote\/\" target=\"_blank\" rel=\"noopener noreferrer\">Digitalspeicher Lanzarote<\/a>. Cabildo de Lanzarote.<\/li>\n<li><a href=\"https:\/\/www.facebook.com\/ProyectoGeoparqueLanzaroteLanzaroteGeoparkProject\/\" target=\"_blank\" rel=\"noopener noreferrer\">UNESCO-Geopark Lanzarote und Chinijo-Archipel<\/a>. Cabildo de Lanzarote.<\/li>\n<li><a href=\"https:\/\/www.facebook.com\/TurismoLanzarote\" target=\"_blank\" rel=\"noopener noreferrer\">Tourismus Lanzarote<\/a>. Cabildo de Lanzarote.<\/li>\n<li><a href=\"https:\/\/www.facebook.com\/SaboreaLanzarote\/?fref=ts\" target=\"_blank\" rel=\"noopener noreferrer\">Saborea Lanzarote<\/a>. Seite f\u00fcr Gastronomie. Cabildo de Lanzarote.<\/li>\n<\/ul>\n<p>&nbsp;<\/p>\n[\/vc_column_text][\/vc_column][\/vc_row][vc_row][vc_column][vc_column_text]\n<p><strong>Clubberichte und Ver\u00f6ffentlichungen<\/strong><\/p>\n[\/vc_column_text][vc_basic_grid post_type=&#8220;post&#8220; max_items=&#8220;10&#8243; grid_id=&#8220;vc_gid:1512482654172-d97d49a9-d33f-5&#8243; taxonomies=&#8220;3&#8243;][\/vc_column][\/vc_row][vc_row][vc_column][vc_column_text]\n[\/vc_column_text][\/vc_column][\/vc_row]","protected":false},"excerpt":{"rendered":"<p>[vc_row][vc_column][vc_column_text] Um die Clubunternehmen und deren Kunden stets \u00fcber die Themen u.a. in Sachen \u00d6kotourismus im Biosph\u00e4renreservat Lanzarote auf dem Laufenden zu halten, stellen wir folgende Links und Dokumente zur Verf\u00fcgung. [\/vc_column_text][\/vc_column][\/vc_row][vc_row][vc_column width=&#8220;1\/2&#8243;][vc_column_text]B\u00fccher, Zeitschriften und Brosch\u00fcren: ARTENVIELFALT Liste \u00fcber wild lebende und wachsende Arten der Kanaren. Hongos, plantas y animales terrestres. Gobierno de Canarias. 2009. [&hellip;]<\/p>\n","protected":false},"author":2,"featured_media":1690,"parent":0,"menu_order":0,"comment_status":"open","ping_status":"open","template":"","meta":[],"yoast_head":"<!-- This site is optimized with the Yoast SEO plugin v18.2 - https:\/\/yoast.com\/wordpress\/plugins\/seo\/ -->\n<title>Bibliothek - Club Producto Tur\u00edstico<\/title>\n<meta name=\"robots\" content=\"index, follow, max-snippet:-1, max-image-preview:large, max-video-preview:-1\" \/>\n<link rel=\"canonical\" href=\"https:\/\/ecoturismo.lanzarotebiosfera.org\/biblioteca\/\" \/>\n<meta property=\"og:locale\" content=\"de_DE\" \/>\n<meta property=\"og:type\" content=\"article\" \/>\n<meta property=\"og:title\" content=\"[:es]Biblioteca[:en]Library[:de]Bibliothek[:fr]Biblioth\u00e8que[:] - Club Producto Tur\u00edstico\" \/>\n<meta property=\"og:description\" content=\"[vc_row][vc_column][vc_column_text] Um die Clubunternehmen und deren Kunden stets \u00fcber die Themen u.a. in Sachen \u00d6kotourismus im Biosph\u00e4renreservat Lanzarote auf dem Laufenden zu halten, stellen wir folgende Links und Dokumente zur Verf\u00fcgung. [\/vc_column_text][\/vc_column][\/vc_row][vc_row][vc_column width=&#8220;1\/2&#8243;][vc_column_text]B\u00fccher, Zeitschriften und Brosch\u00fcren: ARTENVIELFALT Liste \u00fcber wild lebende und wachsende Arten der Kanaren. Hongos, plantas y animales terrestres. Gobierno de Canarias. 2009. [&hellip;]\" \/>\n<meta property=\"og:url\" content=\"https:\/\/ecoturismo.lanzarotebiosfera.org\/biblioteca\/\" \/>\n<meta property=\"og:site_name\" content=\"Club Producto Tur\u00edstico\" \/>\n<meta property=\"article:modified_time\" content=\"2020-10-20T07:08:58+00:00\" \/>\n<meta property=\"og:image\" content=\"https:\/\/ecoturismo.lanzarotebiosfera.org\/wp-content\/uploads\/2018\/08\/Marca_Revivir-Lanzarote-13-1.png\" \/>\n\t<meta property=\"og:image:width\" content=\"3508\" \/>\n\t<meta property=\"og:image:height\" content=\"2480\" \/>\n\t<meta property=\"og:image:type\" content=\"image\/png\" \/>\n<meta name=\"twitter:card\" content=\"summary_large_image\" \/>\n<meta name=\"twitter:label1\" content=\"Gesch\u00e4tzte Lesezeit\" \/>\n\t<meta name=\"twitter:data1\" content=\"13 Minuten\" \/>\n<script type=\"application\/ld+json\" class=\"yoast-schema-graph\">{\"@context\":\"https:\/\/schema.org\",\"@graph\":[{\"@type\":\"WebSite\",\"@id\":\"https:\/\/ecoturismo.lanzarotebiosfera.org\/#website\",\"url\":\"https:\/\/ecoturismo.lanzarotebiosfera.org\/\",\"name\":\"Club Producto Tur\u00edstico\",\"description\":\"Lanzarote Reserva de la Biosfera\",\"potentialAction\":[{\"@type\":\"SearchAction\",\"target\":{\"@type\":\"EntryPoint\",\"urlTemplate\":\"https:\/\/ecoturismo.lanzarotebiosfera.org\/?s={search_term_string}\"},\"query-input\":\"required name=search_term_string\"}],\"inLanguage\":\"de-DE\"},{\"@type\":\"ImageObject\",\"@id\":\"https:\/\/ecoturismo.lanzarotebiosfera.org\/biblioteca\/#primaryimage\",\"inLanguage\":\"de-DE\",\"url\":\"https:\/\/ecoturismo.lanzarotebiosfera.org\/wp-content\/uploads\/2018\/08\/Marca_Revivir-Lanzarote-13-1.png\",\"contentUrl\":\"https:\/\/ecoturismo.lanzarotebiosfera.org\/wp-content\/uploads\/2018\/08\/Marca_Revivir-Lanzarote-13-1.png\",\"width\":3508,\"height\":2480},{\"@type\":\"WebPage\",\"@id\":\"https:\/\/ecoturismo.lanzarotebiosfera.org\/biblioteca\/#webpage\",\"url\":\"https:\/\/ecoturismo.lanzarotebiosfera.org\/biblioteca\/\",\"name\":\"[:es]Biblioteca[:en]Library[:de]Bibliothek[:fr]Biblioth\u00e8que[:] - Club Producto Tur\u00edstico\",\"isPartOf\":{\"@id\":\"https:\/\/ecoturismo.lanzarotebiosfera.org\/#website\"},\"primaryImageOfPage\":{\"@id\":\"https:\/\/ecoturismo.lanzarotebiosfera.org\/biblioteca\/#primaryimage\"},\"datePublished\":\"2015-08-11T10:07:13+00:00\",\"dateModified\":\"2020-10-20T07:08:58+00:00\",\"breadcrumb\":{\"@id\":\"https:\/\/ecoturismo.lanzarotebiosfera.org\/biblioteca\/#breadcrumb\"},\"inLanguage\":\"de-DE\",\"potentialAction\":[{\"@type\":\"ReadAction\",\"target\":[\"https:\/\/ecoturismo.lanzarotebiosfera.org\/biblioteca\/\"]}]},{\"@type\":\"BreadcrumbList\",\"@id\":\"https:\/\/ecoturismo.lanzarotebiosfera.org\/biblioteca\/#breadcrumb\",\"itemListElement\":[{\"@type\":\"ListItem\",\"position\":1,\"name\":\"Portada\",\"item\":\"https:\/\/ecoturismo.lanzarotebiosfera.org\/\"},{\"@type\":\"ListItem\",\"position\":2,\"name\":\"Biblioteca\"}]}]}<\/script>\n<!-- \/ Yoast SEO plugin. -->","yoast_head_json":{"title":"[:es]Biblioteca[:en]Library[:de]Bibliothek[:fr]Biblioth\u00e8que[:] - Club Producto Tur\u00edstico","robots":{"index":"index","follow":"follow","max-snippet":"max-snippet:-1","max-image-preview":"max-image-preview:large","max-video-preview":"max-video-preview:-1"},"canonical":"https:\/\/ecoturismo.lanzarotebiosfera.org\/biblioteca\/","og_locale":"de_DE","og_type":"article","og_title":"[:es]Biblioteca[:en]Library[:de]Bibliothek[:fr]Biblioth\u00e8que[:] - Club Producto Tur\u00edstico","og_description":"[vc_row][vc_column][vc_column_text] Um die Clubunternehmen und deren Kunden stets \u00fcber die Themen u.a. in Sachen \u00d6kotourismus im Biosph\u00e4renreservat Lanzarote auf dem Laufenden zu halten, stellen wir folgende Links und Dokumente zur Verf\u00fcgung. [\/vc_column_text][\/vc_column][\/vc_row][vc_row][vc_column width=&#8220;1\/2&#8243;][vc_column_text]B\u00fccher, Zeitschriften und Brosch\u00fcren: ARTENVIELFALT Liste \u00fcber wild lebende und wachsende Arten der Kanaren. Hongos, plantas y animales terrestres. Gobierno de Canarias. 2009. [&hellip;]","og_url":"https:\/\/ecoturismo.lanzarotebiosfera.org\/biblioteca\/","og_site_name":"Club Producto Tur\u00edstico","article_modified_time":"2020-10-20T07:08:58+00:00","og_image":[{"width":3508,"height":2480,"url":"https:\/\/ecoturismo.lanzarotebiosfera.org\/wp-content\/uploads\/2018\/08\/Marca_Revivir-Lanzarote-13-1.png","type":"image\/png"}],"twitter_card":"summary_large_image","twitter_misc":{"Gesch\u00e4tzte Lesezeit":"13 Minuten"},"schema":{"@context":"https:\/\/schema.org","@graph":[{"@type":"WebSite","@id":"https:\/\/ecoturismo.lanzarotebiosfera.org\/#website","url":"https:\/\/ecoturismo.lanzarotebiosfera.org\/","name":"Club Producto Tur\u00edstico","description":"Lanzarote Reserva de la Biosfera","potentialAction":[{"@type":"SearchAction","target":{"@type":"EntryPoint","urlTemplate":"https:\/\/ecoturismo.lanzarotebiosfera.org\/?s={search_term_string}"},"query-input":"required name=search_term_string"}],"inLanguage":"de-DE"},{"@type":"ImageObject","@id":"https:\/\/ecoturismo.lanzarotebiosfera.org\/biblioteca\/#primaryimage","inLanguage":"de-DE","url":"https:\/\/ecoturismo.lanzarotebiosfera.org\/wp-content\/uploads\/2018\/08\/Marca_Revivir-Lanzarote-13-1.png","contentUrl":"https:\/\/ecoturismo.lanzarotebiosfera.org\/wp-content\/uploads\/2018\/08\/Marca_Revivir-Lanzarote-13-1.png","width":3508,"height":2480},{"@type":"WebPage","@id":"https:\/\/ecoturismo.lanzarotebiosfera.org\/biblioteca\/#webpage","url":"https:\/\/ecoturismo.lanzarotebiosfera.org\/biblioteca\/","name":"[:es]Biblioteca[:en]Library[:de]Bibliothek[:fr]Biblioth\u00e8que[:] - Club Producto Tur\u00edstico","isPartOf":{"@id":"https:\/\/ecoturismo.lanzarotebiosfera.org\/#website"},"primaryImageOfPage":{"@id":"https:\/\/ecoturismo.lanzarotebiosfera.org\/biblioteca\/#primaryimage"},"datePublished":"2015-08-11T10:07:13+00:00","dateModified":"2020-10-20T07:08:58+00:00","breadcrumb":{"@id":"https:\/\/ecoturismo.lanzarotebiosfera.org\/biblioteca\/#breadcrumb"},"inLanguage":"de-DE","potentialAction":[{"@type":"ReadAction","target":["https:\/\/ecoturismo.lanzarotebiosfera.org\/biblioteca\/"]}]},{"@type":"BreadcrumbList","@id":"https:\/\/ecoturismo.lanzarotebiosfera.org\/biblioteca\/#breadcrumb","itemListElement":[{"@type":"ListItem","position":1,"name":"Portada","item":"https:\/\/ecoturismo.lanzarotebiosfera.org\/"},{"@type":"ListItem","position":2,"name":"Biblioteca"}]}]}},"_links":{"self":[{"href":"https:\/\/ecoturismo.lanzarotebiosfera.org\/de\/wp-json\/wp\/v2\/pages\/117"}],"collection":[{"href":"https:\/\/ecoturismo.lanzarotebiosfera.org\/de\/wp-json\/wp\/v2\/pages"}],"about":[{"href":"https:\/\/ecoturismo.lanzarotebiosfera.org\/de\/wp-json\/wp\/v2\/types\/page"}],"author":[{"embeddable":true,"href":"https:\/\/ecoturismo.lanzarotebiosfera.org\/de\/wp-json\/wp\/v2\/users\/2"}],"replies":[{"embeddable":true,"href":"https:\/\/ecoturismo.lanzarotebiosfera.org\/de\/wp-json\/wp\/v2\/comments?post=117"}],"version-history":[{"count":79,"href":"https:\/\/ecoturismo.lanzarotebiosfera.org\/de\/wp-json\/wp\/v2\/pages\/117\/revisions"}],"predecessor-version":[{"id":2406,"href":"https:\/\/ecoturismo.lanzarotebiosfera.org\/de\/wp-json\/wp\/v2\/pages\/117\/revisions\/2406"}],"wp:featuredmedia":[{"embeddable":true,"href":"https:\/\/ecoturismo.lanzarotebiosfera.org\/de\/wp-json\/wp\/v2\/media\/1690"}],"wp:attachment":[{"href":"https:\/\/ecoturismo.lanzarotebiosfera.org\/de\/wp-json\/wp\/v2\/media?parent=117"}],"curies":[{"name":"wp","href":"https:\/\/api.w.org\/{rel}","templated":true}]}}