{"id":175,"date":"2015-08-24T16:09:29","date_gmt":"2015-08-24T16:09:29","guid":{"rendered":"https:\/\/ecoturismo.lanzarotebiosfera.org\/?page_id=175"},"modified":"2020-10-19T13:25:57","modified_gmt":"2020-10-19T13:25:57","slug":"club-de-producto-turistico","status":"publish","type":"page","link":"https:\/\/ecoturismo.lanzarotebiosfera.org\/de\/club-de-producto-turistico\/","title":{"rendered":"Tourismusprodukt-Club"},"content":{"rendered":"[vc_row][vc_column][vc_column_text]\n<p>Es handelt sich um eine Initiative des spanischen Staatssekretariats f\u00fcr Tourismus zur Entwicklung eines Verfahrens zur Erstellung eines differenzierten Tourismusproduktes. Dieses Produkt befindet sich im Netzwerk Spanischer Biosph\u00e4renreservate also in Gebieten, in denen es m\u00f6glich ist, das durch die T\u00e4tigkeiten des Menschen geformte Naturerbe sowie einzigartige Beispiele des ethnografischen Erbes zu erkunden.<\/p>\n<p>Bei dieser Methode handelt es sich um ein einziges und gemeinsames Verfahren f\u00fcr das Netzwerk Spanischer Biosph\u00e4renreservate. Das zu schaffende Tourismusprodukt befasst sich mit dem Natur- und Kulturerbe dieser von der UNESCO erkl\u00e4rten Gebiete, zusammen mit den Interpretationsm\u00f6glichkeiten sowie mit der touristischen Nutzung. Bei diesem Verfahren wirken die Beteiligten bzw. die Verwaltungsstellen der BR, die Tourismusunternehmen und die ans\u00e4ssige Bev\u00f6lkerung, die im Zusammenhang mit der Nutzung des Natur- und Kulturerbes der BR steht, mit. Das Verfahren st\u00fctzt sich auf ein konkretes gemeinsames Thema, welches das Produkt aufgliedert und gestaltet. In vorliegendem Fall w\u00e4re dieses Thema die BR bzw.\u00a0Orte, an denen es m\u00f6glich ist, die Beziehung zwischen Mensch und Natur zu interpretieren.<\/p>\n[\/vc_column_text][vc_row_inner][vc_column_inner width=&#8220;1\/3&#8243;][vc_single_image image=&#8220;35&#8243; img_size=&#8220;medium&#8220; style=&#8220;vc_box_outline_circle&#8220; css_animation=&#8220;appear&#8220;][\/vc_column_inner][vc_column_inner width=&#8220;2\/3&#8243;]<div class=\"alterna-blockquote animate\" data-effect=\"fadeInRight\"><blockquote style=\"border-left: 5px solid #eeeeee;background:#ffffff;\">\n<p>Der Tourismusprodukt-Club dient dazu, das Konzept des Tourismusproduktes genau zu bestimmen, da in diesen Gebieten logischerweise nicht jede beliebige Tourismusform betrieben werden sollte.<\/p>\n<\/blockquote><\/div>[\/vc_column_inner][\/vc_row_inner][vc_column_text]\n<p>Die Gestaltung des Clubs erfolgt von Anfang an zusammen mit den Beteiligten, womit den Managern der Grundressourcen, die zur Differenzierung des Endproduktes beitragen, die entsprechende Wichtigkeit beigemessen wird. Mit der Einf\u00fchrung dieses Verfahrens soll den Unternehmern, die dem Club freiwillig beitreten wollen, gleichzeitig eine praktische und pers\u00f6nlich abgestimmte Fortbildung angeboten werden. Hiermit ist es ihnen m\u00f6glich, ihre Wettbewerbsf\u00e4higkeit und die Nachhaltigkeit ihrer Betriebe zu verbessern und ihre Kunden \u00fcber ihren Beitrag (mit ihren Tourismusausgaben) zur nachhaltigen Entwicklung der BR in Kenntnis zu setzen.<\/p>\n<p>Es handelt sich um eine einzigartige Gelegenheit, um das Image von Lanzarote zu verbessern sowie damit die Insel sich nachhaltig entwickelt und als ein beliebtes und vielf\u00e4ltiges Reiseziel angesehen wird, das durch einschl\u00e4gige Argumente \u00fcberzeugt:<\/p>\n[\/vc_column_text][vc_row_inner][vc_column_inner width=&#8220;1\/3&#8243;]\n[\/vc_column_inner][vc_column_inner width=&#8220;2\/3&#8243;]<div class=\"alterna-blockquote animate\" data-effect=\"fadeIn\"><blockquote style=\"border-left: 5px solid #eeeeee;background:#ffffff;\">\n<p>Ein Angebot an einzigartigen Erlebnissen, die \u00fcber das allgemeine Tourismusangebot hinaus gehen<\/p>\n<\/blockquote><\/div>[\/vc_column_inner][\/vc_row_inner][\/vc_column][\/vc_row][vc_row][vc_column width=&#8220;1\/3&#8243;][vc_custom_heading text=&#8220;1&#8243; font_container=&#8220;tag:h2|font_size:90|text_align:left|color:%23e5e5e5|line_height:0&#8243; use_theme_fonts=&#8220;yes&#8220; css=&#8220;.vc_custom_1441301144841{margin-bottom: -30px !important;}&#8220;][vc_icon icon_fontawesome=&#8220;fa fa-phone&#8220; color=&#8220;white&#8220; background_style=&#8220;rounded&#8220; background_color=&#8220;green&#8220; size=&#8220;lg&#8220; align=&#8220;center&#8220; css_animation=&#8220;appear&#8220;][vc_column_text]<strong>Kontaktieren Sie uns<\/strong><\/p>\n<p>Wir werden Sie \u00fcber die Initiative und die Anforderungen f\u00fcr die Aufnahme ihres Unternehmens informieren.<\/p>\n<p>Kontaktaufnahme \u00fcber:<\/p>\n<p><i class=\"fa fa-envelope\"><\/i><strong><small>\u00a0<a href=\"mailto:ecoturismo@cabildodelanzarote.com\" target=\"_blank\" rel=\"noopener noreferrer\">ecoturismo@cabildodelanzarote.com<\/a><\/small><\/strong><\/p>\n<p><i class=\"fa fa-phone\"><\/i><strong>\u00a0928\/810100 ext 2340 y 2342<\/strong><\/p>\n<p><i class=\"fa fa-building-o\"><\/i><strong>\u00a0 Oficina Reserva de la Biosfera<br \/>\n<\/strong>2\u00aa planta<br \/>\nCabildo de Lanzarote<br \/>\nAvd Fred Olsen s\/n<br \/>\nArrecife, Lanzarote[\/vc_column_text][\/vc_column][vc_column width=&#8220;1\/3&#8243;][vc_custom_heading text=&#8220;2&#8243; font_container=&#8220;tag:h2|font_size:90|text_align:left|color:%23e5e5e5|line_height:0&#8243; use_theme_fonts=&#8220;yes&#8220; css=&#8220;.vc_custom_1441301159108{margin-bottom: -30px !important;}&#8220;][vc_icon icon_fontawesome=&#8220;fa fa-envelope&#8220; color=&#8220;white&#8220; background_style=&#8220;rounded&#8220; background_color=&#8220;juicy_pink&#8220; size=&#8220;lg&#8220; align=&#8220;center&#8220; css_animation=&#8220;appear&#8220;][vc_column_text]F\u00fcllen Sie das Formular aus und reichen Sie es ein (per E-Mail oder vor Ort)<\/p>\n<p><strong>W\u00e4hlen Sie das Formular f\u00fcr ihre Unternehmensbranche aus:<\/strong><\/p>\n<ul>\n<li><a href=\"http:\/\/www.lanzarotebiosfera.org\/wp-content\/uploads\/2013\/12\/Informe-de-adhesion-Alojamientos-PTRB.pdf\" target=\"_blank\" rel=\"noopener noreferrer\">UNTERK\u00dcNFTE<\/a><\/li>\n<li><a href=\"http:\/\/www.lanzarotebiosfera.org\/wp-content\/uploads\/2013\/12\/Informe-de-adhesion-Restaurante-PTRB.pdf\" target=\"_blank\" rel=\"noopener noreferrer\">RESTAURANTS<\/a><\/li>\n<li><a href=\"http:\/\/www.lanzarotebiosfera.org\/wp-content\/uploads\/2013\/12\/Informe-de-adhesion-Act-complementarias-PTRB.pdf?34134\" target=\"_blank\" rel=\"noopener noreferrer\">ERG\u00c4NZENDE AKTIVIT\u00c4TEN<\/a><\/li>\n<li><a href=\"http:\/\/www.lanzarotebiosfera.org\/wp-content\/uploads\/2013\/12\/Informe-de-adhesion-Industrias-PTRB.pdf\" target=\"_blank\" rel=\"noopener noreferrer\">VERARBEITUNGSBETRIEBE VON AGRARPRODUKTEN<\/a><\/li>\n<li><a href=\"http:\/\/www.lanzarotebiosfera.org\/wp-content\/uploads\/2013\/12\/Informe-de-adhesion-Tiendas-PTRB.pdf\" target=\"_blank\" rel=\"noopener noreferrer\">FACHHANDEL<\/a><\/li>\n<\/ul>\n[\/vc_column_text][vc_column_text]<strong>Beachten Sie bitte folgendes Handbuch:<\/strong><\/p>\n<p><a href=\"http:\/\/www.lanzarotebiosfera.org\/wp-content\/uploads\/2013\/12\/Manual-PTRB-LZ-pdfv2.pdf\" target=\"_blank\" rel=\"noopener noreferrer\">Handbuch des Tourismusproduktes BR Lanzarote <\/a>[\/vc_column_text][\/vc_column][vc_column width=&#8220;1\/3&#8243;][vc_custom_heading text=&#8220;3&#8243; font_container=&#8220;tag:h2|font_size:90|text_align:left|color:%23e5e5e5|line_height:0&#8243; use_theme_fonts=&#8220;yes&#8220; css=&#8220;.vc_custom_1441301167647{margin-bottom: -30px !important;}&#8220;][vc_icon icon_fontawesome=&#8220;fa fa-hand-o-up&#8220; color=&#8220;white&#8220; background_style=&#8220;rounded&#8220; background_color=&#8220;turquoise&#8220; size=&#8220;lg&#8220; align=&#8220;center&#8220; css_animation=&#8220;appear&#8220;][vc_column_text]<strong>Fordern Sie eine Fachbesichtigung an<\/strong><\/p>\n<p>Teilnahme an der Fortbildung<\/p>\n<p>Teilnahme an Versammlungen<\/p>\n[\/vc_column_text][vc_icon icon_fontawesome=&#8220;fa fa-users&#8220; color=&#8220;green&#8220; background_style=&#8220;boxed-outline&#8220; background_color=&#8220;white&#8220; size=&#8220;xl&#8220; css_animation=&#8220;appear&#8220;][\/vc_column][\/vc_row][vc_row][vc_column][vc_raw_html]\n<p>JTNDZGl2JTIwc3R5bGUlM0QlMjJ3aWR0aCUzQTEwMCUyNSUzQiUyMGhlaWdodCUzQTMwMHB4JTNCJTIwb3ZlcmZsb3clM0FoaWRkZW4lM0IlMjIlM0UlMjAlM0NpbWclMjBzcmMlM0QlMjIlMkZ3cC1jb250ZW50JTJGdXBsb2FkcyUyRjIwMTUlMkYwOCUyRkFncmljdWx0dXJhLTEtSkNHLmpwZyUyMiUyMHN0eWxlJTNEJTIyMTAwJTI1JTIyJTJGJTNFJTNDJTJGZGl2JTNF<\/p>\n[\/vc_raw_html][\/vc_column][\/vc_row]","protected":false},"excerpt":{"rendered":"<p>[vc_row][vc_column][vc_column_text] Es handelt sich um eine Initiative des spanischen Staatssekretariats f\u00fcr Tourismus zur Entwicklung eines Verfahrens zur Erstellung eines differenzierten Tourismusproduktes. Dieses Produkt befindet sich im Netzwerk Spanischer Biosph\u00e4renreservate also in Gebieten, in denen es m\u00f6glich ist, das durch die T\u00e4tigkeiten des Menschen geformte Naturerbe sowie einzigartige Beispiele des ethnografischen Erbes zu erkunden. Bei dieser [&hellip;]<\/p>\n","protected":false},"author":2,"featured_media":0,"parent":0,"menu_order":0,"comment_status":"closed","ping_status":"open","template":"","meta":[],"yoast_head":"<!-- This site is optimized with the Yoast SEO plugin v18.2 - https:\/\/yoast.com\/wordpress\/plugins\/seo\/ -->\n<title>Tourismusprodukt-Club - Club Producto Tur\u00edstico<\/title>\n<meta name=\"robots\" content=\"index, follow, max-snippet:-1, max-image-preview:large, max-video-preview:-1\" \/>\n<link rel=\"canonical\" href=\"https:\/\/ecoturismo.lanzarotebiosfera.org\/club-de-producto-turistico\/\" \/>\n<meta property=\"og:locale\" content=\"de_DE\" \/>\n<meta property=\"og:type\" content=\"article\" \/>\n<meta property=\"og:title\" content=\"[:es]Club de Producto Tur\u00edstico[:en]Tourism Product Club[:de]Tourismusprodukt-Club[:fr]Club de Producto Tur\u00edstico[:] - Club Producto Tur\u00edstico\" \/>\n<meta property=\"og:description\" content=\"[vc_row][vc_column][vc_column_text] Es handelt sich um eine Initiative des spanischen Staatssekretariats f\u00fcr Tourismus zur Entwicklung eines Verfahrens zur Erstellung eines differenzierten Tourismusproduktes. Dieses Produkt befindet sich im Netzwerk Spanischer Biosph\u00e4renreservate also in Gebieten, in denen es m\u00f6glich ist, das durch die T\u00e4tigkeiten des Menschen geformte Naturerbe sowie einzigartige Beispiele des ethnografischen Erbes zu erkunden. Bei dieser [&hellip;]\" \/>\n<meta property=\"og:url\" content=\"https:\/\/ecoturismo.lanzarotebiosfera.org\/club-de-producto-turistico\/\" \/>\n<meta property=\"og:site_name\" content=\"Club Producto Tur\u00edstico\" \/>\n<meta property=\"article:modified_time\" content=\"2020-10-19T13:25:57+00:00\" \/>\n<meta name=\"twitter:card\" content=\"summary_large_image\" \/>\n<meta name=\"twitter:label1\" content=\"Gesch\u00e4tzte Lesezeit\" \/>\n\t<meta name=\"twitter:data1\" content=\"16 Minuten\" \/>\n<script type=\"application\/ld+json\" class=\"yoast-schema-graph\">{\"@context\":\"https:\/\/schema.org\",\"@graph\":[{\"@type\":\"WebSite\",\"@id\":\"https:\/\/ecoturismo.lanzarotebiosfera.org\/#website\",\"url\":\"https:\/\/ecoturismo.lanzarotebiosfera.org\/\",\"name\":\"Club Producto Tur\u00edstico\",\"description\":\"Lanzarote Reserva de la Biosfera\",\"potentialAction\":[{\"@type\":\"SearchAction\",\"target\":{\"@type\":\"EntryPoint\",\"urlTemplate\":\"https:\/\/ecoturismo.lanzarotebiosfera.org\/?s={search_term_string}\"},\"query-input\":\"required name=search_term_string\"}],\"inLanguage\":\"de-DE\"},{\"@type\":\"WebPage\",\"@id\":\"https:\/\/ecoturismo.lanzarotebiosfera.org\/club-de-producto-turistico\/#webpage\",\"url\":\"https:\/\/ecoturismo.lanzarotebiosfera.org\/club-de-producto-turistico\/\",\"name\":\"[:es]Club de Producto Tur\u00edstico[:en]Tourism Product Club[:de]Tourismusprodukt-Club[:fr]Club de Producto Tur\u00edstico[:] - Club Producto Tur\u00edstico\",\"isPartOf\":{\"@id\":\"https:\/\/ecoturismo.lanzarotebiosfera.org\/#website\"},\"datePublished\":\"2015-08-24T16:09:29+00:00\",\"dateModified\":\"2020-10-19T13:25:57+00:00\",\"breadcrumb\":{\"@id\":\"https:\/\/ecoturismo.lanzarotebiosfera.org\/club-de-producto-turistico\/#breadcrumb\"},\"inLanguage\":\"de-DE\",\"potentialAction\":[{\"@type\":\"ReadAction\",\"target\":[\"https:\/\/ecoturismo.lanzarotebiosfera.org\/club-de-producto-turistico\/\"]}]},{\"@type\":\"BreadcrumbList\",\"@id\":\"https:\/\/ecoturismo.lanzarotebiosfera.org\/club-de-producto-turistico\/#breadcrumb\",\"itemListElement\":[{\"@type\":\"ListItem\",\"position\":1,\"name\":\"Portada\",\"item\":\"https:\/\/ecoturismo.lanzarotebiosfera.org\/\"},{\"@type\":\"ListItem\",\"position\":2,\"name\":\"Club de Producto Tur\u00edstico\"}]}]}<\/script>\n<!-- \/ Yoast SEO plugin. -->","yoast_head_json":{"title":"[:es]Club de Producto Tur\u00edstico[:en]Tourism Product Club[:de]Tourismusprodukt-Club[:fr]Club de Producto Tur\u00edstico[:] - Club Producto Tur\u00edstico","robots":{"index":"index","follow":"follow","max-snippet":"max-snippet:-1","max-image-preview":"max-image-preview:large","max-video-preview":"max-video-preview:-1"},"canonical":"https:\/\/ecoturismo.lanzarotebiosfera.org\/club-de-producto-turistico\/","og_locale":"de_DE","og_type":"article","og_title":"[:es]Club de Producto Tur\u00edstico[:en]Tourism Product Club[:de]Tourismusprodukt-Club[:fr]Club de Producto Tur\u00edstico[:] - Club Producto Tur\u00edstico","og_description":"[vc_row][vc_column][vc_column_text] Es handelt sich um eine Initiative des spanischen Staatssekretariats f\u00fcr Tourismus zur Entwicklung eines Verfahrens zur Erstellung eines differenzierten Tourismusproduktes. Dieses Produkt befindet sich im Netzwerk Spanischer Biosph\u00e4renreservate also in Gebieten, in denen es m\u00f6glich ist, das durch die T\u00e4tigkeiten des Menschen geformte Naturerbe sowie einzigartige Beispiele des ethnografischen Erbes zu erkunden. Bei dieser [&hellip;]","og_url":"https:\/\/ecoturismo.lanzarotebiosfera.org\/club-de-producto-turistico\/","og_site_name":"Club Producto Tur\u00edstico","article_modified_time":"2020-10-19T13:25:57+00:00","twitter_card":"summary_large_image","twitter_misc":{"Gesch\u00e4tzte Lesezeit":"16 Minuten"},"schema":{"@context":"https:\/\/schema.org","@graph":[{"@type":"WebSite","@id":"https:\/\/ecoturismo.lanzarotebiosfera.org\/#website","url":"https:\/\/ecoturismo.lanzarotebiosfera.org\/","name":"Club Producto Tur\u00edstico","description":"Lanzarote Reserva de la Biosfera","potentialAction":[{"@type":"SearchAction","target":{"@type":"EntryPoint","urlTemplate":"https:\/\/ecoturismo.lanzarotebiosfera.org\/?s={search_term_string}"},"query-input":"required name=search_term_string"}],"inLanguage":"de-DE"},{"@type":"WebPage","@id":"https:\/\/ecoturismo.lanzarotebiosfera.org\/club-de-producto-turistico\/#webpage","url":"https:\/\/ecoturismo.lanzarotebiosfera.org\/club-de-producto-turistico\/","name":"[:es]Club de Producto Tur\u00edstico[:en]Tourism Product Club[:de]Tourismusprodukt-Club[:fr]Club de Producto Tur\u00edstico[:] - Club Producto Tur\u00edstico","isPartOf":{"@id":"https:\/\/ecoturismo.lanzarotebiosfera.org\/#website"},"datePublished":"2015-08-24T16:09:29+00:00","dateModified":"2020-10-19T13:25:57+00:00","breadcrumb":{"@id":"https:\/\/ecoturismo.lanzarotebiosfera.org\/club-de-producto-turistico\/#breadcrumb"},"inLanguage":"de-DE","potentialAction":[{"@type":"ReadAction","target":["https:\/\/ecoturismo.lanzarotebiosfera.org\/club-de-producto-turistico\/"]}]},{"@type":"BreadcrumbList","@id":"https:\/\/ecoturismo.lanzarotebiosfera.org\/club-de-producto-turistico\/#breadcrumb","itemListElement":[{"@type":"ListItem","position":1,"name":"Portada","item":"https:\/\/ecoturismo.lanzarotebiosfera.org\/"},{"@type":"ListItem","position":2,"name":"Club de Producto Tur\u00edstico"}]}]}},"_links":{"self":[{"href":"https:\/\/ecoturismo.lanzarotebiosfera.org\/de\/wp-json\/wp\/v2\/pages\/175"}],"collection":[{"href":"https:\/\/ecoturismo.lanzarotebiosfera.org\/de\/wp-json\/wp\/v2\/pages"}],"about":[{"href":"https:\/\/ecoturismo.lanzarotebiosfera.org\/de\/wp-json\/wp\/v2\/types\/page"}],"author":[{"embeddable":true,"href":"https:\/\/ecoturismo.lanzarotebiosfera.org\/de\/wp-json\/wp\/v2\/users\/2"}],"replies":[{"embeddable":true,"href":"https:\/\/ecoturismo.lanzarotebiosfera.org\/de\/wp-json\/wp\/v2\/comments?post=175"}],"version-history":[{"count":58,"href":"https:\/\/ecoturismo.lanzarotebiosfera.org\/de\/wp-json\/wp\/v2\/pages\/175\/revisions"}],"predecessor-version":[{"id":2402,"href":"https:\/\/ecoturismo.lanzarotebiosfera.org\/de\/wp-json\/wp\/v2\/pages\/175\/revisions\/2402"}],"wp:attachment":[{"href":"https:\/\/ecoturismo.lanzarotebiosfera.org\/de\/wp-json\/wp\/v2\/media?parent=175"}],"curies":[{"name":"wp","href":"https:\/\/api.w.org\/{rel}","templated":true}]}}