{"id":182,"date":"2015-08-24T16:32:12","date_gmt":"2015-08-24T16:32:12","guid":{"rendered":"https:\/\/ecoturismo.lanzarotebiosfera.org\/?page_id=182"},"modified":"2018-08-10T10:59:45","modified_gmt":"2018-08-10T10:59:45","slug":"conocenos","status":"publish","type":"page","link":"https:\/\/ecoturismo.lanzarotebiosfera.org\/de\/conocenos\/","title":{"rendered":"\u00dcber uns"},"content":{"rendered":"[vc_row][vc_column][vc_column_text]\n<p style=\"text-align: justify;\">Wir m\u00f6chten Ihnen ein einzigartiges und differenziertes Tourismuserlebnis erm\u00f6glichen, bei dem es m\u00f6glich ist, die Beziehung zwischen dem Menschen und der Naturlandschaft des BR mit greifbaren und ungreifbaren Elementen zu verstehen.<\/p>\n<p style=\"text-align: justify;\">Gerichtet ist dieses Angebot an Touristen, die daran interessiert sind, gut erhaltene Landschaften zu erkunden, in denen der Mensch wesentlich zu deren Schaffung und Erhaltung mit grundlegenden und erg\u00e4nzenden Tourismusdienstleistungen beigetragen hat, diese Landschaften und deren Entwicklung durch die menschliche Einwirkung zu interpretieren sowie durch traditionelle Produktionst\u00e4tigkeiten erzeugte lokale Produkte zu verkosten und zu erwerben.<\/p>\n<p>Das Tourismusprodukt besteht aus:<\/p>\n<ul>\n<li>Einem gut erhaltenen und einzigartigen Natur- und Kulturerbe in jedem BR mit einem hohen Niveau an aktivem Management.<\/li>\n<li>Hervorragenden \u00f6ffentlichen Einrichtungen (Empfangszentren, Wanderwege, Aussichtspunkte, Themenmuseen).<\/li>\n<li>Einem ausgew\u00e4hlten privaten Tourismusangebot (Unterk\u00fcnfte, Restaurants, Gesch\u00e4fte, Aktivit\u00e4ten).<\/li>\n<li>Den Fremdenf\u00fchrungsdienstleistungen zur Interpretation des Natur- und Kulturerbes, wobei die Einrichtungen und die Aus\u00fcbung der traditionellen Aktivit\u00e4ten durch die ans\u00e4ssige Bev\u00f6lkerung als unterst\u00fctzende Hilfsmittel dienen.<\/li>\n<\/ul>\n<p>Das Produkt besteht in der Erkundung und der Interpretation des Natur- und Kulturerbes der BR und erm\u00f6glicht sowohl die Ann\u00e4herung an die l\u00e4ndlichen Gebiete zum Verst\u00e4ndnis derer Entwicklung als auch die Empfehlung von Ma\u00dfnahmen f\u00fcr eine nachhaltige Entwicklung.<\/p>\n<p>In jedem BR befasst sich das Produkt mit seinem einzigartigen und differenzierten Natur- und Kulturerbe. Die Interpretation des Natur- und Kulturerbes ist das Instrument, das dem Produkt seinen Sinn gibt und dem Besucher ein einzigartiges Erlebnis erm\u00f6glicht. Dadurch entstehen unterschiedliche Tourismusformen: vom einfachen Besuch einer \u00f6ffentlichen Einrichtung (wie z.\u00a0B. eines Besucherzentrums) und die Unterkunft in einem Landhaus bis hin zur Besichtigung eines lokalen Herstellers im Zusammenhang mit der Landschaft des BR (Viehz\u00fcchter, Landwirt, Handkunstwerker).<\/p>\n[\/vc_column_text][\/vc_column][\/vc_row][vc_row][vc_column width=&#8220;1\/2&#8243;][vc_column_text]\n<p><a href=\"\/wp-content\/uploads\/2015\/08\/logoRBEsp-h150.png\"><img loading=\"lazy\" class=\" size-thumbnail wp-image-35 aligncenter\" src=\"\/wp-content\/uploads\/2015\/08\/logoRBEsp-h150-150x150.png\" alt=\"logoRBEsp-h150\" width=\"150\" height=\"150\" \/><\/a><\/p>\n[\/vc_column_text][\/vc_column][vc_column width=&#8220;1\/2&#8243;][vc_wp_custommenu][\/vc_column][\/vc_row]","protected":false},"excerpt":{"rendered":"<p>[vc_row][vc_column][vc_column_text] Wir m\u00f6chten Ihnen ein einzigartiges und differenziertes Tourismuserlebnis erm\u00f6glichen, bei dem es m\u00f6glich ist, die Beziehung zwischen dem Menschen und der Naturlandschaft des BR mit greifbaren und ungreifbaren Elementen zu verstehen. Gerichtet ist dieses Angebot an Touristen, die daran interessiert sind, gut erhaltene Landschaften zu erkunden, in denen der Mensch wesentlich zu deren Schaffung [&hellip;]<\/p>\n","protected":false},"author":2,"featured_media":0,"parent":0,"menu_order":0,"comment_status":"closed","ping_status":"open","template":"","meta":[],"yoast_head":"<!-- This site is optimized with the Yoast SEO plugin v18.2 - https:\/\/yoast.com\/wordpress\/plugins\/seo\/ -->\n<title>\u00dcber uns - Club Producto Tur\u00edstico<\/title>\n<meta name=\"robots\" content=\"index, follow, max-snippet:-1, max-image-preview:large, max-video-preview:-1\" \/>\n<link rel=\"canonical\" href=\"https:\/\/ecoturismo.lanzarotebiosfera.org\/conocenos\/\" \/>\n<meta property=\"og:locale\" content=\"de_DE\" \/>\n<meta property=\"og:type\" content=\"article\" \/>\n<meta property=\"og:title\" content=\"[:es]Con\u00f3cenos[:en]Get to know us[:de]\u00dcber uns[:fr]Connais-nous [:] - Club Producto Tur\u00edstico\" \/>\n<meta property=\"og:description\" content=\"[vc_row][vc_column][vc_column_text] Wir m\u00f6chten Ihnen ein einzigartiges und differenziertes Tourismuserlebnis erm\u00f6glichen, bei dem es m\u00f6glich ist, die Beziehung zwischen dem Menschen und der Naturlandschaft des BR mit greifbaren und ungreifbaren Elementen zu verstehen. Gerichtet ist dieses Angebot an Touristen, die daran interessiert sind, gut erhaltene Landschaften zu erkunden, in denen der Mensch wesentlich zu deren Schaffung [&hellip;]\" \/>\n<meta property=\"og:url\" content=\"https:\/\/ecoturismo.lanzarotebiosfera.org\/conocenos\/\" \/>\n<meta property=\"og:site_name\" content=\"Club Producto Tur\u00edstico\" \/>\n<meta property=\"article:modified_time\" content=\"2018-08-10T10:59:45+00:00\" \/>\n<meta property=\"og:image\" content=\"https:\/\/ecoturismo.lanzarotebiosfera.org\/wp-content\/uploads\/2018\/08\/revivirCertifColor-1-300x212.png\" \/>\n<meta name=\"twitter:card\" content=\"summary_large_image\" \/>\n<meta name=\"twitter:label1\" content=\"Gesch\u00e4tzte Lesezeit\" \/>\n\t<meta name=\"twitter:data1\" content=\"7 Minuten\" \/>\n<script type=\"application\/ld+json\" class=\"yoast-schema-graph\">{\"@context\":\"https:\/\/schema.org\",\"@graph\":[{\"@type\":\"WebSite\",\"@id\":\"https:\/\/ecoturismo.lanzarotebiosfera.org\/#website\",\"url\":\"https:\/\/ecoturismo.lanzarotebiosfera.org\/\",\"name\":\"Club Producto Tur\u00edstico\",\"description\":\"Lanzarote Reserva de la Biosfera\",\"potentialAction\":[{\"@type\":\"SearchAction\",\"target\":{\"@type\":\"EntryPoint\",\"urlTemplate\":\"https:\/\/ecoturismo.lanzarotebiosfera.org\/?s={search_term_string}\"},\"query-input\":\"required name=search_term_string\"}],\"inLanguage\":\"de-DE\"},{\"@type\":\"ImageObject\",\"@id\":\"https:\/\/ecoturismo.lanzarotebiosfera.org\/conocenos\/#primaryimage\",\"inLanguage\":\"de-DE\",\"url\":\"https:\/\/ecoturismo.lanzarotebiosfera.org\/wp-content\/uploads\/2018\/08\/revivirCertifColor-1.png\",\"contentUrl\":\"https:\/\/ecoturismo.lanzarotebiosfera.org\/wp-content\/uploads\/2018\/08\/revivirCertifColor-1.png\",\"width\":300,\"height\":212},{\"@type\":\"WebPage\",\"@id\":\"https:\/\/ecoturismo.lanzarotebiosfera.org\/conocenos\/#webpage\",\"url\":\"https:\/\/ecoturismo.lanzarotebiosfera.org\/conocenos\/\",\"name\":\"[:es]Con\u00f3cenos[:en]Get to know us[:de]\u00dcber uns[:fr]Connais-nous [:] - Club Producto Tur\u00edstico\",\"isPartOf\":{\"@id\":\"https:\/\/ecoturismo.lanzarotebiosfera.org\/#website\"},\"primaryImageOfPage\":{\"@id\":\"https:\/\/ecoturismo.lanzarotebiosfera.org\/conocenos\/#primaryimage\"},\"datePublished\":\"2015-08-24T16:32:12+00:00\",\"dateModified\":\"2018-08-10T10:59:45+00:00\",\"breadcrumb\":{\"@id\":\"https:\/\/ecoturismo.lanzarotebiosfera.org\/conocenos\/#breadcrumb\"},\"inLanguage\":\"de-DE\",\"potentialAction\":[{\"@type\":\"ReadAction\",\"target\":[\"https:\/\/ecoturismo.lanzarotebiosfera.org\/conocenos\/\"]}]},{\"@type\":\"BreadcrumbList\",\"@id\":\"https:\/\/ecoturismo.lanzarotebiosfera.org\/conocenos\/#breadcrumb\",\"itemListElement\":[{\"@type\":\"ListItem\",\"position\":1,\"name\":\"Portada\",\"item\":\"https:\/\/ecoturismo.lanzarotebiosfera.org\/\"},{\"@type\":\"ListItem\",\"position\":2,\"name\":\"Con\u00f3cenos\"}]}]}<\/script>\n<!-- \/ Yoast SEO plugin. -->","yoast_head_json":{"title":"[:es]Con\u00f3cenos[:en]Get to know us[:de]\u00dcber uns[:fr]Connais-nous [:] - Club Producto Tur\u00edstico","robots":{"index":"index","follow":"follow","max-snippet":"max-snippet:-1","max-image-preview":"max-image-preview:large","max-video-preview":"max-video-preview:-1"},"canonical":"https:\/\/ecoturismo.lanzarotebiosfera.org\/conocenos\/","og_locale":"de_DE","og_type":"article","og_title":"[:es]Con\u00f3cenos[:en]Get to know us[:de]\u00dcber uns[:fr]Connais-nous [:] - Club Producto Tur\u00edstico","og_description":"[vc_row][vc_column][vc_column_text] Wir m\u00f6chten Ihnen ein einzigartiges und differenziertes Tourismuserlebnis erm\u00f6glichen, bei dem es m\u00f6glich ist, die Beziehung zwischen dem Menschen und der Naturlandschaft des BR mit greifbaren und ungreifbaren Elementen zu verstehen. Gerichtet ist dieses Angebot an Touristen, die daran interessiert sind, gut erhaltene Landschaften zu erkunden, in denen der Mensch wesentlich zu deren Schaffung [&hellip;]","og_url":"https:\/\/ecoturismo.lanzarotebiosfera.org\/conocenos\/","og_site_name":"Club Producto Tur\u00edstico","article_modified_time":"2018-08-10T10:59:45+00:00","og_image":[{"url":"https:\/\/ecoturismo.lanzarotebiosfera.org\/wp-content\/uploads\/2018\/08\/revivirCertifColor-1-300x212.png"}],"twitter_card":"summary_large_image","twitter_misc":{"Gesch\u00e4tzte Lesezeit":"7 Minuten"},"schema":{"@context":"https:\/\/schema.org","@graph":[{"@type":"WebSite","@id":"https:\/\/ecoturismo.lanzarotebiosfera.org\/#website","url":"https:\/\/ecoturismo.lanzarotebiosfera.org\/","name":"Club Producto Tur\u00edstico","description":"Lanzarote Reserva de la Biosfera","potentialAction":[{"@type":"SearchAction","target":{"@type":"EntryPoint","urlTemplate":"https:\/\/ecoturismo.lanzarotebiosfera.org\/?s={search_term_string}"},"query-input":"required name=search_term_string"}],"inLanguage":"de-DE"},{"@type":"ImageObject","@id":"https:\/\/ecoturismo.lanzarotebiosfera.org\/conocenos\/#primaryimage","inLanguage":"de-DE","url":"https:\/\/ecoturismo.lanzarotebiosfera.org\/wp-content\/uploads\/2018\/08\/revivirCertifColor-1.png","contentUrl":"https:\/\/ecoturismo.lanzarotebiosfera.org\/wp-content\/uploads\/2018\/08\/revivirCertifColor-1.png","width":300,"height":212},{"@type":"WebPage","@id":"https:\/\/ecoturismo.lanzarotebiosfera.org\/conocenos\/#webpage","url":"https:\/\/ecoturismo.lanzarotebiosfera.org\/conocenos\/","name":"[:es]Con\u00f3cenos[:en]Get to know us[:de]\u00dcber uns[:fr]Connais-nous [:] - Club Producto Tur\u00edstico","isPartOf":{"@id":"https:\/\/ecoturismo.lanzarotebiosfera.org\/#website"},"primaryImageOfPage":{"@id":"https:\/\/ecoturismo.lanzarotebiosfera.org\/conocenos\/#primaryimage"},"datePublished":"2015-08-24T16:32:12+00:00","dateModified":"2018-08-10T10:59:45+00:00","breadcrumb":{"@id":"https:\/\/ecoturismo.lanzarotebiosfera.org\/conocenos\/#breadcrumb"},"inLanguage":"de-DE","potentialAction":[{"@type":"ReadAction","target":["https:\/\/ecoturismo.lanzarotebiosfera.org\/conocenos\/"]}]},{"@type":"BreadcrumbList","@id":"https:\/\/ecoturismo.lanzarotebiosfera.org\/conocenos\/#breadcrumb","itemListElement":[{"@type":"ListItem","position":1,"name":"Portada","item":"https:\/\/ecoturismo.lanzarotebiosfera.org\/"},{"@type":"ListItem","position":2,"name":"Con\u00f3cenos"}]}]}},"_links":{"self":[{"href":"https:\/\/ecoturismo.lanzarotebiosfera.org\/de\/wp-json\/wp\/v2\/pages\/182"}],"collection":[{"href":"https:\/\/ecoturismo.lanzarotebiosfera.org\/de\/wp-json\/wp\/v2\/pages"}],"about":[{"href":"https:\/\/ecoturismo.lanzarotebiosfera.org\/de\/wp-json\/wp\/v2\/types\/page"}],"author":[{"embeddable":true,"href":"https:\/\/ecoturismo.lanzarotebiosfera.org\/de\/wp-json\/wp\/v2\/users\/2"}],"replies":[{"embeddable":true,"href":"https:\/\/ecoturismo.lanzarotebiosfera.org\/de\/wp-json\/wp\/v2\/comments?post=182"}],"version-history":[{"count":10,"href":"https:\/\/ecoturismo.lanzarotebiosfera.org\/de\/wp-json\/wp\/v2\/pages\/182\/revisions"}],"predecessor-version":[{"id":1725,"href":"https:\/\/ecoturismo.lanzarotebiosfera.org\/de\/wp-json\/wp\/v2\/pages\/182\/revisions\/1725"}],"wp:attachment":[{"href":"https:\/\/ecoturismo.lanzarotebiosfera.org\/de\/wp-json\/wp\/v2\/media?parent=182"}],"curies":[{"name":"wp","href":"https:\/\/api.w.org\/{rel}","templated":true}]}}