{"id":346,"date":"2016-03-22T18:16:18","date_gmt":"2016-03-22T18:16:18","guid":{"rendered":"https:\/\/ecoturismo.lanzarotebiosfera.org\/?page_id=346"},"modified":"2023-08-03T11:46:52","modified_gmt":"2023-08-03T11:46:52","slug":"preguntas-frecuentes","status":"publish","type":"page","link":"https:\/\/ecoturismo.lanzarotebiosfera.org\/de\/preguntas-frecuentes\/","title":{"rendered":"FAQ \u2013 H\u00e4ufig Gestellte Fragen"},"content":{"rendered":"[vc_row][vc_column][vc_tta_accordion active_section=&#8220;0&#8243;][vc_tta_section title=&#8220;1.- Was ist \u00d6kotourismus? &#8220; tab_id=&#8220;1458670402175-890d7517-fc30&#8243;][vc_column_text]Der Begriff \u00d6kotourismus oder \u00d6kologischer Tourismus bezieht sich auf einen neuen Tourismustrend, der sich wesentlich vom traditionellen Tourismus unterscheidet. Hierbei wird besonders Wert auf die Nachhaltigkeit, die Erhaltung und die Sch\u00e4tzung des Natur- und Kulturerbes gelegt. Dadurch wird das Wohlergehen der ans\u00e4ssigen Bev\u00f6lkerung und die Gesch\u00e4ftst\u00e4tigkeit der Unternehmen, die entsprechend dieser Leitlinien Dienstleitungen anbieten, gef\u00f6rdert. <\/p>\n<p>Die Internationale Gesellschaft f\u00fcr \u00d6kotourismus (The International Ecotourism Society, TIES) definiert \u00d6kotourismus als \u201eeine verantwortungsvolle Form des Reisens in naturnahe Gebiete, die zum Schutz der Umwelt und zum Wohlergehen der ans\u00e4ssigen Bev\u00f6lkerung beitr\u00e4gt.\u201c Diese einzigartige Art des Tourismus st\u00fctzt sich auf sieben Grunds\u00e4tze, die sowohl von den Dienstleistern als auch von den Touristen einzuhalten sind:<\/p>\n<ul>\n<li>Minderung der negativen Auswirkungen auf die Umwelt und die Gemeinschaft, in der die Aktivit\u00e4t ausge\u00fcbt wird.<\/li>\n<li>Achtung und Bewusstsein hinsichtlich der Umwelt und Kultur.<\/li>\n<li>Positive Erlebnisse sowohl f\u00fcr Besucher als auch f\u00fcr die ans\u00e4ssige Bev\u00f6lkerung.<\/li>\n<li>Finanzielle Vorteile, die direkt in den Erhalt der Umwelt investiert werden.<\/li>\n<li>Finanzielle Vorteile und F\u00f6rderung der Mitwirkung der ans\u00e4ssigen Bev\u00f6lkerung bei Entscheidungsverfahren.<\/li>\n<li>Sensibilisierung hinsichtlich des politischen, \u00f6kologischen und gesellschaftlichen Klimas.<\/li>\n<li>Unterst\u00fctzung der universellen Menschenrechte und der Arbeitsgesetzgebung.<\/li>\n<\/ul>\n[\/vc_column_text][\/vc_tta_section][vc_tta_section title=&#8220;2.- Was ist ein Tourismusprodukt-Club?\u00a0&#8220; tab_id=&#8220;1458670402179-1c10a62d-dae4&#8243;][vc_column_text]Dieser Begriff bezieht sich auf ein touristisches Dienstleistungspaket. Es handelt sich demnach um eine Qualit\u00e4tsgarantie f\u00fcr den Touristen bzw. den Verbraucher der Dienstleistungen, die \u00fcber den Club bzw. das System des Tourismusproduktes zur Verf\u00fcgung gestellt werden. Der Club ist demnach ein Zusammenschluss von Unternehmen, die dem Verbraucher ihre Dienstleistungen zur Verf\u00fcgung stellen.<\/p>\n<p>Es ist ein Hilfsmittel zur Tourismusplanung und \u2013f\u00f6rderung. Ein strategisches Zusammenspiel zwischen Planungsstellen, Dienstleistern und Einrichtungen im Bereich des Managements der Ressourcen, auf die sich das Produkt st\u00fctzt, mit dem Ziel, zusammen mit maximaler Qualit\u00e4tsgarantie ein nachhaltiges Tourismusprodukt zu planen, zu entwickeln, zu vermarkten, zu managen und zu bewerten.[\/vc_column_text][\/vc_tta_section][vc_tta_section title=&#8220;3.- Was ist der Tourismusprodukt-Club Spanischer Biosph\u00e4renreservate?&#8220; tab_id=&#8220;1458670706341-729e5064-cf7b&#8220;][vc_column_text] Es handelt sich um eine Initiative des spanischen Staatssekretariats f\u00fcr Tourismus zur Entwicklung eines Verfahrens zur Erstellung eines differenzierten Tourismusproduktes. Dieses Produkt befindet sich im Netzwerk Spanischer Biosph\u00e4renreservate also in Gebieten, in denen es m\u00f6glich ist, das durch die T\u00e4tigkeiten des Menschen geformte Naturerbe sowie einzigartige Beispiele des ethnografischen Erbes zu erkunden.<\/p>\n<p>Bei dieser Methode handelt es sich um ein einziges und gemeinsames Verfahren f\u00fcr das Netzwerk Spanischer Biosph\u00e4renreservate. Das zu schaffende Tourismusprodukt befasst sich mit dem Natur- und Kulturerbe dieser von der UNESCO erkl\u00e4rten Gebieten, mit den Interpretationsm\u00f6glichkeiten sowie mit der touristischen Nutzung. Bei diesem Verfahren wirken die Beteiligten bzw. die Verwaltungsstellen der BR, die Tourismusunternehmen und die ans\u00e4ssige Bev\u00f6lkerung, die im Zusammenhang mit der Nutzung des Natur- und Kulturerbes der BR steht, mit.<br \/>\n[\/vc_column_text][\/vc_tta_section][vc_tta_section title=&#8220;4.- Wer kann Mitglied des Tourismusprodukt-Club des BR Lanzarote werden? &#8220; tab_id=&#8220;1458670955479-b60c05d5-110c&#8220;][vc_column_text]Jeder Unternehmer, Verein, Zusammenschluss usw., der seine T\u00e4tigkeit im Biosph\u00e4renreservat Lanzarote aus\u00fcbt, ein koh\u00e4rentes und ethisches Verhalten gegen\u00fcber dieser zeigt, die diesbez\u00fcglichen Anforderungen erf\u00fcllt und in einem folgender Teilsektoren t\u00e4tig ist: Unterk\u00fcnfte, Verarbeitungsbetriebe von Agrarprodukten (Weinkellereien, K\u00e4sereien usw.), Fachhandel, Restaurants und Unternehmen f\u00fcr erg\u00e4nzende T\u00e4tigkeiten. Der Club hat keine besonderen Anforderungen f\u00fcr Handwerker und Ersterzeuger festgelegt, da diese in der Gruppe der lokalen Fachhandel ber\u00fccksichtigt werden.<\/p>\n<p>Anforderungen:<\/p>\n<ul>\n<li>Einreichung des ausgef\u00fcllten Beitrittsformulars.<\/li>\n<li>Einreichung der Unterlagen, die unter Ber\u00fccksichtigung der ausge\u00fcbten T\u00e4tigkeit angefordert werden.<\/li>\n<li>Teilnahme an den vom BR angebotenen Fortbildungskursen f\u00fcr den Tourismusprodukt-Club des BR.<\/li>\n<li>Besichtigung der Betriebsr\u00e4ume und Beratung durch das f\u00fcr die Verwaltung des Tourismusprodukt-Clubs des BR zust\u00e4ndige Fachpersonal.<\/li>\n<\/ul>\n[\/vc_column_text][\/vc_tta_section][vc_tta_section title=&#8220;5.- Wie lauten die erforderlichen Schritte f\u00fcr den Clubbeitritt? &#8220; tab_id=&#8220;1458671018959-2238825b-83df&#8220;][vc_column_text]\n<ul>\n<li>Kontaktaufnahme mit dem Amt des Biosph\u00e4renreservates \u00fcber E-Mail (ecoturismo@lanzarotebiosfera.org) oder Telefon (928810100, Durchwahl: 2340 oder 2342).<\/li>\n<li>Einreichung des ausgef\u00fcllten Beitrittsformulars.<\/li>\n<li>Einreichung der angeforderten Unterlagen.<\/li>\n<li>Teilnahme an der vom Amt des BR angebotenen Fortbildung f\u00fcr den Tourismusprodukt-Club des BR.<\/li>\n<li>Teilnahme an den Clubversammlungen.<\/li>\n<li>Besichtigung der Betriebsr\u00e4ume durch das f\u00fcr das Projekt zust\u00e4ndige Fachpersonal.<\/li>\n<\/ul>\n[\/vc_column_text][\/vc_tta_section][vc_tta_section title=&#8220;6.- 6.- Welche Vorteile bringt die Mitgliedschaft beim Tourismusprodukt-Club des BR mit sich?&#8220; tab_id=&#8220;1458671101180-734c2ca9-b5cc&#8220;][vc_column_text]\n<ul>\n<li>Anerkennung auf nationaler und europ\u00e4ischer Ebene.<\/li>\n<li>Erschlie\u00dfung eines neuen Gesch\u00e4ftsfeldes.<\/li>\n<li>Zugang zu einem differenzierten Tourismus, der die Erkundung des Reisezieles sch\u00e4tzt.<\/li>\n<li>Zugang zu Informationen \u00fcber die Nachfrage im Reiseziel.<\/li>\n<li>Verbesserung der Qualit\u00e4t der angebotenen Dienstleistungen mit den zur Verf\u00fcgung gestellten Mitteln.<\/li>\n<li>Verbesserung der Umwelteffizienz.<\/li>\n<li>Beitrag zur lokalen nachhaltigen Entwicklung und Anerkennung der Verbraucher.<\/li>\n<li>Beratung durch \u00f6ffentliche Stellen (Amt des Biosph\u00e4renreservates).<\/li>\n<\/ul>\n[\/vc_column_text][\/vc_tta_section][vc_tta_section title=&#8220;7.- Welche Kosten entstehen durch die Mitgliedschaft beim Tourismusprodukt-Club des BR?&#8220; tab_id=&#8220;1458671169115-e0f771e0-8427&#8243;][vc_column_text]Der Beitritt und die Mitgliedschaft sind vollkommen kostenlos \u2013 es fallen weder Kosten vor noch nach dem Beitritt an.<\/p>\n<p>Es handelt sich um ein durch das Amt des Biosph\u00e4renreservates verwaltetes Projekt. Die Kosten, die durch die Mitgliedschaft bei TURERBE (dem f\u00fcr das BR verantwortlichen \u00d6kotourismus-Unternehmenszusammenschluss) entstehen, werden &#8211;\u00a0\u00fcber das Amt des Biosph\u00e4renreservates\u00a0&#8211; vom Inselrat (Cabildo de Lanzarote) \u00fcbernommen. [\/vc_column_text][\/vc_tta_section][\/vc_tta_accordion][\/vc_column][\/vc_row]","protected":false},"excerpt":{"rendered":"<p>[vc_row][vc_column][vc_tta_accordion active_section=&#8220;0&#8243;][vc_tta_section title=&#8220;1.- Was ist \u00d6kotourismus? &#8220; tab_id=&#8220;1458670402175-890d7517-fc30&#8243;][vc_column_text]Der Begriff \u00d6kotourismus oder \u00d6kologischer Tourismus bezieht sich auf einen neuen Tourismustrend, der sich wesentlich vom traditionellen Tourismus unterscheidet. Hierbei wird besonders Wert auf die Nachhaltigkeit, die Erhaltung und die Sch\u00e4tzung des Natur- und Kulturerbes gelegt. Dadurch wird das Wohlergehen der ans\u00e4ssigen Bev\u00f6lkerung und die Gesch\u00e4ftst\u00e4tigkeit der Unternehmen, [&hellip;]<\/p>\n","protected":false},"author":1,"featured_media":0,"parent":0,"menu_order":0,"comment_status":"closed","ping_status":"closed","template":"","meta":[],"yoast_head":"<!-- This site is optimized with the Yoast SEO plugin v18.2 - https:\/\/yoast.com\/wordpress\/plugins\/seo\/ -->\n<title>FAQ \u2013 H\u00e4ufig Gestellte Fragen - Club Producto Tur\u00edstico<\/title>\n<meta name=\"robots\" content=\"index, follow, max-snippet:-1, max-image-preview:large, max-video-preview:-1\" \/>\n<link rel=\"canonical\" href=\"https:\/\/ecoturismo.lanzarotebiosfera.org\/preguntas-frecuentes\/\" \/>\n<meta property=\"og:locale\" content=\"de_DE\" \/>\n<meta property=\"og:type\" content=\"article\" \/>\n<meta property=\"og:title\" content=\"[:es]Preguntas Frecuentes[:en]FAQ[:de]FAQ \u2013 H\u00e4ufig Gestellte Fragen[:fr]Questions Fr\u00e9quentes[:] - Club Producto Tur\u00edstico\" \/>\n<meta property=\"og:description\" content=\"[vc_row][vc_column][vc_tta_accordion active_section=&#8220;0&#8243;][vc_tta_section title=&#8220;1.- Was ist \u00d6kotourismus? &#8220; tab_id=&#8220;1458670402175-890d7517-fc30&#8243;][vc_column_text]Der Begriff \u00d6kotourismus oder \u00d6kologischer Tourismus bezieht sich auf einen neuen Tourismustrend, der sich wesentlich vom traditionellen Tourismus unterscheidet. Hierbei wird besonders Wert auf die Nachhaltigkeit, die Erhaltung und die Sch\u00e4tzung des Natur- und Kulturerbes gelegt. Dadurch wird das Wohlergehen der ans\u00e4ssigen Bev\u00f6lkerung und die Gesch\u00e4ftst\u00e4tigkeit der Unternehmen, [&hellip;]\" \/>\n<meta property=\"og:url\" content=\"https:\/\/ecoturismo.lanzarotebiosfera.org\/preguntas-frecuentes\/\" \/>\n<meta property=\"og:site_name\" content=\"Club Producto Tur\u00edstico\" \/>\n<meta property=\"article:modified_time\" content=\"2023-08-03T11:46:52+00:00\" \/>\n<meta name=\"twitter:card\" content=\"summary_large_image\" \/>\n<meta name=\"twitter:label1\" content=\"Gesch\u00e4tzte Lesezeit\" \/>\n\t<meta name=\"twitter:data1\" content=\"20 Minuten\" \/>\n<script type=\"application\/ld+json\" class=\"yoast-schema-graph\">{\"@context\":\"https:\/\/schema.org\",\"@graph\":[{\"@type\":\"WebSite\",\"@id\":\"https:\/\/ecoturismo.lanzarotebiosfera.org\/#website\",\"url\":\"https:\/\/ecoturismo.lanzarotebiosfera.org\/\",\"name\":\"Club Producto Tur\u00edstico\",\"description\":\"Lanzarote Reserva de la Biosfera\",\"potentialAction\":[{\"@type\":\"SearchAction\",\"target\":{\"@type\":\"EntryPoint\",\"urlTemplate\":\"https:\/\/ecoturismo.lanzarotebiosfera.org\/?s={search_term_string}\"},\"query-input\":\"required name=search_term_string\"}],\"inLanguage\":\"de-DE\"},{\"@type\":\"WebPage\",\"@id\":\"https:\/\/ecoturismo.lanzarotebiosfera.org\/preguntas-frecuentes\/#webpage\",\"url\":\"https:\/\/ecoturismo.lanzarotebiosfera.org\/preguntas-frecuentes\/\",\"name\":\"[:es]Preguntas Frecuentes[:en]FAQ[:de]FAQ \u2013 H\u00e4ufig Gestellte Fragen[:fr]Questions Fr\u00e9quentes[:] - Club Producto Tur\u00edstico\",\"isPartOf\":{\"@id\":\"https:\/\/ecoturismo.lanzarotebiosfera.org\/#website\"},\"datePublished\":\"2016-03-22T18:16:18+00:00\",\"dateModified\":\"2023-08-03T11:46:52+00:00\",\"breadcrumb\":{\"@id\":\"https:\/\/ecoturismo.lanzarotebiosfera.org\/preguntas-frecuentes\/#breadcrumb\"},\"inLanguage\":\"de-DE\",\"potentialAction\":[{\"@type\":\"ReadAction\",\"target\":[\"https:\/\/ecoturismo.lanzarotebiosfera.org\/preguntas-frecuentes\/\"]}]},{\"@type\":\"BreadcrumbList\",\"@id\":\"https:\/\/ecoturismo.lanzarotebiosfera.org\/preguntas-frecuentes\/#breadcrumb\",\"itemListElement\":[{\"@type\":\"ListItem\",\"position\":1,\"name\":\"Portada\",\"item\":\"https:\/\/ecoturismo.lanzarotebiosfera.org\/\"},{\"@type\":\"ListItem\",\"position\":2,\"name\":\"Preguntas Frecuentes\"}]}]}<\/script>\n<!-- \/ Yoast SEO plugin. -->","yoast_head_json":{"title":"[:es]Preguntas Frecuentes[:en]FAQ[:de]FAQ \u2013 H\u00e4ufig Gestellte Fragen[:fr]Questions Fr\u00e9quentes[:] - Club Producto Tur\u00edstico","robots":{"index":"index","follow":"follow","max-snippet":"max-snippet:-1","max-image-preview":"max-image-preview:large","max-video-preview":"max-video-preview:-1"},"canonical":"https:\/\/ecoturismo.lanzarotebiosfera.org\/preguntas-frecuentes\/","og_locale":"de_DE","og_type":"article","og_title":"[:es]Preguntas Frecuentes[:en]FAQ[:de]FAQ \u2013 H\u00e4ufig Gestellte Fragen[:fr]Questions Fr\u00e9quentes[:] - Club Producto Tur\u00edstico","og_description":"[vc_row][vc_column][vc_tta_accordion active_section=&#8220;0&#8243;][vc_tta_section title=&#8220;1.- Was ist \u00d6kotourismus? &#8220; tab_id=&#8220;1458670402175-890d7517-fc30&#8243;][vc_column_text]Der Begriff \u00d6kotourismus oder \u00d6kologischer Tourismus bezieht sich auf einen neuen Tourismustrend, der sich wesentlich vom traditionellen Tourismus unterscheidet. Hierbei wird besonders Wert auf die Nachhaltigkeit, die Erhaltung und die Sch\u00e4tzung des Natur- und Kulturerbes gelegt. Dadurch wird das Wohlergehen der ans\u00e4ssigen Bev\u00f6lkerung und die Gesch\u00e4ftst\u00e4tigkeit der Unternehmen, [&hellip;]","og_url":"https:\/\/ecoturismo.lanzarotebiosfera.org\/preguntas-frecuentes\/","og_site_name":"Club Producto Tur\u00edstico","article_modified_time":"2023-08-03T11:46:52+00:00","twitter_card":"summary_large_image","twitter_misc":{"Gesch\u00e4tzte Lesezeit":"20 Minuten"},"schema":{"@context":"https:\/\/schema.org","@graph":[{"@type":"WebSite","@id":"https:\/\/ecoturismo.lanzarotebiosfera.org\/#website","url":"https:\/\/ecoturismo.lanzarotebiosfera.org\/","name":"Club Producto Tur\u00edstico","description":"Lanzarote Reserva de la Biosfera","potentialAction":[{"@type":"SearchAction","target":{"@type":"EntryPoint","urlTemplate":"https:\/\/ecoturismo.lanzarotebiosfera.org\/?s={search_term_string}"},"query-input":"required name=search_term_string"}],"inLanguage":"de-DE"},{"@type":"WebPage","@id":"https:\/\/ecoturismo.lanzarotebiosfera.org\/preguntas-frecuentes\/#webpage","url":"https:\/\/ecoturismo.lanzarotebiosfera.org\/preguntas-frecuentes\/","name":"[:es]Preguntas Frecuentes[:en]FAQ[:de]FAQ \u2013 H\u00e4ufig Gestellte Fragen[:fr]Questions Fr\u00e9quentes[:] - Club Producto Tur\u00edstico","isPartOf":{"@id":"https:\/\/ecoturismo.lanzarotebiosfera.org\/#website"},"datePublished":"2016-03-22T18:16:18+00:00","dateModified":"2023-08-03T11:46:52+00:00","breadcrumb":{"@id":"https:\/\/ecoturismo.lanzarotebiosfera.org\/preguntas-frecuentes\/#breadcrumb"},"inLanguage":"de-DE","potentialAction":[{"@type":"ReadAction","target":["https:\/\/ecoturismo.lanzarotebiosfera.org\/preguntas-frecuentes\/"]}]},{"@type":"BreadcrumbList","@id":"https:\/\/ecoturismo.lanzarotebiosfera.org\/preguntas-frecuentes\/#breadcrumb","itemListElement":[{"@type":"ListItem","position":1,"name":"Portada","item":"https:\/\/ecoturismo.lanzarotebiosfera.org\/"},{"@type":"ListItem","position":2,"name":"Preguntas Frecuentes"}]}]}},"_links":{"self":[{"href":"https:\/\/ecoturismo.lanzarotebiosfera.org\/de\/wp-json\/wp\/v2\/pages\/346"}],"collection":[{"href":"https:\/\/ecoturismo.lanzarotebiosfera.org\/de\/wp-json\/wp\/v2\/pages"}],"about":[{"href":"https:\/\/ecoturismo.lanzarotebiosfera.org\/de\/wp-json\/wp\/v2\/types\/page"}],"author":[{"embeddable":true,"href":"https:\/\/ecoturismo.lanzarotebiosfera.org\/de\/wp-json\/wp\/v2\/users\/1"}],"replies":[{"embeddable":true,"href":"https:\/\/ecoturismo.lanzarotebiosfera.org\/de\/wp-json\/wp\/v2\/comments?post=346"}],"version-history":[{"count":12,"href":"https:\/\/ecoturismo.lanzarotebiosfera.org\/de\/wp-json\/wp\/v2\/pages\/346\/revisions"}],"predecessor-version":[{"id":2608,"href":"https:\/\/ecoturismo.lanzarotebiosfera.org\/de\/wp-json\/wp\/v2\/pages\/346\/revisions\/2608"}],"wp:attachment":[{"href":"https:\/\/ecoturismo.lanzarotebiosfera.org\/de\/wp-json\/wp\/v2\/media?parent=346"}],"curies":[{"name":"wp","href":"https:\/\/api.w.org\/{rel}","templated":true}]}}