{"id":401,"date":"2016-04-08T07:46:34","date_gmt":"2016-04-08T07:46:34","guid":{"rendered":"https:\/\/ecoturismo.lanzarotebiosfera.org\/?page_id=401"},"modified":"2018-08-10T11:06:49","modified_gmt":"2018-08-10T11:06:49","slug":"empresas-club-producto-turistico-lanzarote","status":"publish","type":"page","link":"https:\/\/ecoturismo.lanzarotebiosfera.org\/de\/empresas-club-producto-turistico-lanzarote\/","title":{"rendered":"Unternehmen des Tourismusprodukt-Clubs von Lanzarote"},"content":{"rendered":"[vc_row][vc_column][vc_column_text]\n<p style=\"text-align: justify;\">Der <strong>Tourismusprodukt-Club des Biosph\u00e4renreservates Lanzarote<\/strong>\u00a0beabsichtigt nicht, die bereits von anderen Systemen festgelegten Qualit\u00e4tsanforderungen zur\u00fcckzurufen \u2013\u00a0er befasst sich vielmehr mit den Anforderungen hinsichtlich den von den Unternehmen \u00fcbernommenen Verpflichtungen f\u00fcr eine nachhaltige Entwicklung der Insel.<\/p>\n<p style=\"text-align: justify;\">Das spanische Staatssekretariat f\u00fcr Tourismus legt eine Reihe von verbindlichen und empfohlenen Anforderungen f\u00fcr die Unternehmen, die dem Club beitreten m\u00f6chten, fest. Diese Anforderungen wurden &#8211;\u00a0infolge eines Beteiligungsverfahrens mit den Tr\u00e4gerunternehmen des Clubs\u00a0&#8211; vom Amt des Biosph\u00e4renreservates Lanzarote erweitert.<\/p>\n<p style=\"text-align: justify;\">Die durch das Amt des Biosph\u00e4renreservates Lanzarote zertifizierten Unternehmen sind Folgende:<\/p>\n[\/vc_column_text][vc_masonry_grid post_type=&#8220;post&#8220; max_items=&#8220;-1&#8243; grid_id=&#8220;vc_gid:1529310319720-6b62455d-a205-3&#8243; taxonomies=&#8220;17&#8243;][\/vc_column][\/vc_row]","protected":false},"excerpt":{"rendered":"<p>[vc_row][vc_column][vc_column_text] Der Tourismusprodukt-Club des Biosph\u00e4renreservates Lanzarote\u00a0beabsichtigt nicht, die bereits von anderen Systemen festgelegten Qualit\u00e4tsanforderungen zur\u00fcckzurufen \u2013\u00a0er befasst sich vielmehr mit den Anforderungen hinsichtlich den von den Unternehmen \u00fcbernommenen Verpflichtungen f\u00fcr eine nachhaltige Entwicklung der Insel. Das spanische Staatssekretariat f\u00fcr Tourismus legt eine Reihe von verbindlichen und empfohlenen Anforderungen f\u00fcr die Unternehmen, die dem Club beitreten [&hellip;]<\/p>\n","protected":false},"author":2,"featured_media":0,"parent":0,"menu_order":0,"comment_status":"closed","ping_status":"closed","template":"","meta":[],"yoast_head":"<!-- This site is optimized with the Yoast SEO plugin v18.2 - https:\/\/yoast.com\/wordpress\/plugins\/seo\/ -->\n<title>Unternehmen des Tourismusprodukt-Clubs von Lanzarote  - Club Producto Tur\u00edstico<\/title>\n<meta name=\"robots\" content=\"index, follow, max-snippet:-1, max-image-preview:large, max-video-preview:-1\" \/>\n<link rel=\"canonical\" href=\"https:\/\/ecoturismo.lanzarotebiosfera.org\/de\/empresas-club-producto-turistico-lanzarote\/\" \/>\n<meta property=\"og:locale\" content=\"de_DE\" \/>\n<meta property=\"og:type\" content=\"article\" \/>\n<meta property=\"og:title\" content=\"[:es]Empresas del Club de Producto Tur\u00edstico de Lanzarote[:en]Companies in Lanzatore\u2019s Tourism Product Club[:de]Unternehmen des Tourismusprodukt-Clubs von Lanzarote [:fr]Entreprises du Club de Produits Touristiques de Lanzarote[:] - Club Producto Tur\u00edstico\" \/>\n<meta property=\"og:description\" content=\"[vc_row][vc_column][vc_column_text] Der Tourismusprodukt-Club des Biosph\u00e4renreservates Lanzarote\u00a0beabsichtigt nicht, die bereits von anderen Systemen festgelegten Qualit\u00e4tsanforderungen zur\u00fcckzurufen \u2013\u00a0er befasst sich vielmehr mit den Anforderungen hinsichtlich den von den Unternehmen \u00fcbernommenen Verpflichtungen f\u00fcr eine nachhaltige Entwicklung der Insel. Das spanische Staatssekretariat f\u00fcr Tourismus legt eine Reihe von verbindlichen und empfohlenen Anforderungen f\u00fcr die Unternehmen, die dem Club beitreten [&hellip;]\" \/>\n<meta property=\"og:url\" content=\"https:\/\/ecoturismo.lanzarotebiosfera.org\/de\/empresas-club-producto-turistico-lanzarote\/\" \/>\n<meta property=\"og:site_name\" content=\"Club Producto Tur\u00edstico\" \/>\n<meta property=\"article:modified_time\" content=\"2018-08-10T11:06:49+00:00\" \/>\n<meta property=\"og:image\" content=\"https:\/\/ecoturismo.lanzarotebiosfera.org\/wp-content\/uploads\/2018\/08\/revivirCertifColor-1-150x150.png\" \/>\n<meta name=\"twitter:card\" content=\"summary_large_image\" \/>\n<meta name=\"twitter:label1\" content=\"Gesch\u00e4tzte Lesezeit\" \/>\n\t<meta name=\"twitter:data1\" content=\"3 Minuten\" \/>\n<script type=\"application\/ld+json\" class=\"yoast-schema-graph\">{\"@context\":\"https:\/\/schema.org\",\"@graph\":[{\"@type\":\"WebSite\",\"@id\":\"https:\/\/ecoturismo.lanzarotebiosfera.org\/#website\",\"url\":\"https:\/\/ecoturismo.lanzarotebiosfera.org\/\",\"name\":\"Club Producto Tur\u00edstico\",\"description\":\"Lanzarote Reserva de la Biosfera\",\"potentialAction\":[{\"@type\":\"SearchAction\",\"target\":{\"@type\":\"EntryPoint\",\"urlTemplate\":\"https:\/\/ecoturismo.lanzarotebiosfera.org\/?s={search_term_string}\"},\"query-input\":\"required name=search_term_string\"}],\"inLanguage\":\"de-DE\"},{\"@type\":\"ImageObject\",\"@id\":\"https:\/\/ecoturismo.lanzarotebiosfera.org\/de\/empresas-club-producto-turistico-lanzarote\/#primaryimage\",\"inLanguage\":\"de-DE\",\"url\":\"https:\/\/ecoturismo.lanzarotebiosfera.org\/wp-content\/uploads\/2018\/08\/revivirCertifColor-1.png\",\"contentUrl\":\"https:\/\/ecoturismo.lanzarotebiosfera.org\/wp-content\/uploads\/2018\/08\/revivirCertifColor-1.png\",\"width\":300,\"height\":212},{\"@type\":\"WebPage\",\"@id\":\"https:\/\/ecoturismo.lanzarotebiosfera.org\/de\/empresas-club-producto-turistico-lanzarote\/#webpage\",\"url\":\"https:\/\/ecoturismo.lanzarotebiosfera.org\/de\/empresas-club-producto-turistico-lanzarote\/\",\"name\":\"[:es]Empresas del Club de Producto Tur\u00edstico de Lanzarote[:en]Companies in Lanzatore\u2019s Tourism Product Club[:de]Unternehmen des Tourismusprodukt-Clubs von Lanzarote [:fr]Entreprises du Club de Produits Touristiques de Lanzarote[:] - Club Producto Tur\u00edstico\",\"isPartOf\":{\"@id\":\"https:\/\/ecoturismo.lanzarotebiosfera.org\/#website\"},\"primaryImageOfPage\":{\"@id\":\"https:\/\/ecoturismo.lanzarotebiosfera.org\/de\/empresas-club-producto-turistico-lanzarote\/#primaryimage\"},\"datePublished\":\"2016-04-08T07:46:34+00:00\",\"dateModified\":\"2018-08-10T11:06:49+00:00\",\"breadcrumb\":{\"@id\":\"https:\/\/ecoturismo.lanzarotebiosfera.org\/de\/empresas-club-producto-turistico-lanzarote\/#breadcrumb\"},\"inLanguage\":\"de-DE\",\"potentialAction\":[{\"@type\":\"ReadAction\",\"target\":[\"https:\/\/ecoturismo.lanzarotebiosfera.org\/de\/empresas-club-producto-turistico-lanzarote\/\"]}]},{\"@type\":\"BreadcrumbList\",\"@id\":\"https:\/\/ecoturismo.lanzarotebiosfera.org\/de\/empresas-club-producto-turistico-lanzarote\/#breadcrumb\",\"itemListElement\":[{\"@type\":\"ListItem\",\"position\":1,\"name\":\"Portada\",\"item\":\"https:\/\/ecoturismo.lanzarotebiosfera.org\/\"},{\"@type\":\"ListItem\",\"position\":2,\"name\":\"Unternehmen des Tourismusprodukt-Clubs von Lanzarote\"}]}]}<\/script>\n<!-- \/ Yoast SEO plugin. -->","yoast_head_json":{"title":"[:es]Empresas del Club de Producto Tur\u00edstico de Lanzarote[:en]Companies in Lanzatore\u2019s Tourism Product Club[:de]Unternehmen des Tourismusprodukt-Clubs von Lanzarote [:fr]Entreprises du Club de Produits Touristiques de Lanzarote[:] - Club Producto Tur\u00edstico","robots":{"index":"index","follow":"follow","max-snippet":"max-snippet:-1","max-image-preview":"max-image-preview:large","max-video-preview":"max-video-preview:-1"},"canonical":"https:\/\/ecoturismo.lanzarotebiosfera.org\/de\/empresas-club-producto-turistico-lanzarote\/","og_locale":"de_DE","og_type":"article","og_title":"[:es]Empresas del Club de Producto Tur\u00edstico de Lanzarote[:en]Companies in Lanzatore\u2019s Tourism Product Club[:de]Unternehmen des Tourismusprodukt-Clubs von Lanzarote [:fr]Entreprises du Club de Produits Touristiques de Lanzarote[:] - Club Producto Tur\u00edstico","og_description":"[vc_row][vc_column][vc_column_text] Der Tourismusprodukt-Club des Biosph\u00e4renreservates Lanzarote\u00a0beabsichtigt nicht, die bereits von anderen Systemen festgelegten Qualit\u00e4tsanforderungen zur\u00fcckzurufen \u2013\u00a0er befasst sich vielmehr mit den Anforderungen hinsichtlich den von den Unternehmen \u00fcbernommenen Verpflichtungen f\u00fcr eine nachhaltige Entwicklung der Insel. Das spanische Staatssekretariat f\u00fcr Tourismus legt eine Reihe von verbindlichen und empfohlenen Anforderungen f\u00fcr die Unternehmen, die dem Club beitreten [&hellip;]","og_url":"https:\/\/ecoturismo.lanzarotebiosfera.org\/de\/empresas-club-producto-turistico-lanzarote\/","og_site_name":"Club Producto Tur\u00edstico","article_modified_time":"2018-08-10T11:06:49+00:00","og_image":[{"url":"https:\/\/ecoturismo.lanzarotebiosfera.org\/wp-content\/uploads\/2018\/08\/revivirCertifColor-1-150x150.png"}],"twitter_card":"summary_large_image","twitter_misc":{"Gesch\u00e4tzte Lesezeit":"3 Minuten"},"schema":{"@context":"https:\/\/schema.org","@graph":[{"@type":"WebSite","@id":"https:\/\/ecoturismo.lanzarotebiosfera.org\/#website","url":"https:\/\/ecoturismo.lanzarotebiosfera.org\/","name":"Club Producto Tur\u00edstico","description":"Lanzarote Reserva de la Biosfera","potentialAction":[{"@type":"SearchAction","target":{"@type":"EntryPoint","urlTemplate":"https:\/\/ecoturismo.lanzarotebiosfera.org\/?s={search_term_string}"},"query-input":"required name=search_term_string"}],"inLanguage":"de-DE"},{"@type":"ImageObject","@id":"https:\/\/ecoturismo.lanzarotebiosfera.org\/de\/empresas-club-producto-turistico-lanzarote\/#primaryimage","inLanguage":"de-DE","url":"https:\/\/ecoturismo.lanzarotebiosfera.org\/wp-content\/uploads\/2018\/08\/revivirCertifColor-1.png","contentUrl":"https:\/\/ecoturismo.lanzarotebiosfera.org\/wp-content\/uploads\/2018\/08\/revivirCertifColor-1.png","width":300,"height":212},{"@type":"WebPage","@id":"https:\/\/ecoturismo.lanzarotebiosfera.org\/de\/empresas-club-producto-turistico-lanzarote\/#webpage","url":"https:\/\/ecoturismo.lanzarotebiosfera.org\/de\/empresas-club-producto-turistico-lanzarote\/","name":"[:es]Empresas del Club de Producto Tur\u00edstico de Lanzarote[:en]Companies in Lanzatore\u2019s Tourism Product Club[:de]Unternehmen des Tourismusprodukt-Clubs von Lanzarote [:fr]Entreprises du Club de Produits Touristiques de Lanzarote[:] - Club Producto Tur\u00edstico","isPartOf":{"@id":"https:\/\/ecoturismo.lanzarotebiosfera.org\/#website"},"primaryImageOfPage":{"@id":"https:\/\/ecoturismo.lanzarotebiosfera.org\/de\/empresas-club-producto-turistico-lanzarote\/#primaryimage"},"datePublished":"2016-04-08T07:46:34+00:00","dateModified":"2018-08-10T11:06:49+00:00","breadcrumb":{"@id":"https:\/\/ecoturismo.lanzarotebiosfera.org\/de\/empresas-club-producto-turistico-lanzarote\/#breadcrumb"},"inLanguage":"de-DE","potentialAction":[{"@type":"ReadAction","target":["https:\/\/ecoturismo.lanzarotebiosfera.org\/de\/empresas-club-producto-turistico-lanzarote\/"]}]},{"@type":"BreadcrumbList","@id":"https:\/\/ecoturismo.lanzarotebiosfera.org\/de\/empresas-club-producto-turistico-lanzarote\/#breadcrumb","itemListElement":[{"@type":"ListItem","position":1,"name":"Portada","item":"https:\/\/ecoturismo.lanzarotebiosfera.org\/"},{"@type":"ListItem","position":2,"name":"Unternehmen des Tourismusprodukt-Clubs von Lanzarote"}]}]}},"_links":{"self":[{"href":"https:\/\/ecoturismo.lanzarotebiosfera.org\/de\/wp-json\/wp\/v2\/pages\/401"}],"collection":[{"href":"https:\/\/ecoturismo.lanzarotebiosfera.org\/de\/wp-json\/wp\/v2\/pages"}],"about":[{"href":"https:\/\/ecoturismo.lanzarotebiosfera.org\/de\/wp-json\/wp\/v2\/types\/page"}],"author":[{"embeddable":true,"href":"https:\/\/ecoturismo.lanzarotebiosfera.org\/de\/wp-json\/wp\/v2\/users\/2"}],"replies":[{"embeddable":true,"href":"https:\/\/ecoturismo.lanzarotebiosfera.org\/de\/wp-json\/wp\/v2\/comments?post=401"}],"version-history":[{"count":17,"href":"https:\/\/ecoturismo.lanzarotebiosfera.org\/de\/wp-json\/wp\/v2\/pages\/401\/revisions"}],"predecessor-version":[{"id":1727,"href":"https:\/\/ecoturismo.lanzarotebiosfera.org\/de\/wp-json\/wp\/v2\/pages\/401\/revisions\/1727"}],"wp:attachment":[{"href":"https:\/\/ecoturismo.lanzarotebiosfera.org\/de\/wp-json\/wp\/v2\/media?parent=401"}],"curies":[{"name":"wp","href":"https:\/\/api.w.org\/{rel}","templated":true}]}}