{"id":117,"date":"2015-08-11T10:07:13","date_gmt":"2015-08-11T10:07:13","guid":{"rendered":"https:\/\/ecoturismo.lanzarotebiosfera.org\/?page_id=117"},"modified":"2020-10-20T07:08:58","modified_gmt":"2020-10-20T07:08:58","slug":"biblioteca","status":"publish","type":"page","link":"https:\/\/ecoturismo.lanzarotebiosfera.org\/en\/biblioteca\/","title":{"rendered":"Library"},"content":{"rendered":"[vc_row][vc_column][vc_column_text]\n<p style=\"text-align: justify;\">To keep the Club\u2019s companies and their clients up to date on anything regarding Ecotourism in Lanzarote\u2019s Biosphere Reserve and more, we are sharing a series of links and documents of interest below<\/p>\n[\/vc_column_text][\/vc_column][\/vc_row][vc_row][vc_column width=&#8221;1\/2&#8243;][vc_column_text]<b>Books, magazines and brochures:<\/b><\/p>\n<p><strong>BIODIVERSITY<\/strong><\/p>\n<ul>\n<li style=\"text-align: justify;\"><a href=\"http:\/\/www.datosdelanzarote.com\/Uploads\/doc\/Lista-de-especies-silvestres-de-Canarias-2009-20160314141658375Lista_Especies_Silvestres.pdf\" target=\"_blank\" rel=\"noopener noreferrer\">List of Canarian Wild Species<\/a>. Hongos, plantas y animales terrestres. <em>Gobierno de Canarias. 2009.<\/em><\/li>\n<li><a href=\"http:\/\/www.lanzarotebiosfera.org\/wp-content\/uploads\/plantas_autoctonas_lanzarote_web.pdf\" target=\"_blank\" rel=\"noopener noreferrer\">Las plantas aut\u00f3ctonas de Lanzarote. Su uso en jardiner\u00eda.<\/a>\u00a0 Reserva de la Biosfera de Lanzarote, 2007<\/li>\n<li style=\"text-align: justify;\"><a href=\"http:\/\/www.datosdelanzarote.com\/Uploads\/doc\/Gu%C3%ADa-bot%C3%A1nica-del-Aeropuerto-de-Lanzarote-20160330105153818Gu%C3%ADa-Bot%C3%A1nica%E2%80%A6Lanzarote-web_MENOR.pdf\" target=\"_blank\" rel=\"noopener noreferrer\">Botanical Guide of Lanzarote\u2019s Airport<\/a>. <em>AENA. Ministerio de Fomento. Gobierno de Espa\u00f1a.<\/em><\/li>\n<li style=\"text-align: justify;\"><a href=\"http:\/\/auladenaturalezademaguez.com\/cuadernillo-flora-y-fauna-de-lanzarote\/#\" target=\"_blank\" rel=\"noopener noreferrer\">Lanzarote\u2019s Flora and Fauna Booklet<\/a>. <em>Aula de la Naturaleza de M\u00e1guez. Cabildo de Lanzarote.<\/em><\/li>\n<li style=\"text-align: justify;\"><a href=\"http:\/\/www.memoriadelanzarote.com\/contenidos\/20110822103900AVES-Y-PLANTAS-PELIGRO-DE-EXTINCION.pdf\" target=\"_blank\" rel=\"noopener noreferrer\">Lanzarote\u2019s Endangered Birds and Plants<\/a>. <em>ASCAN. Cabildo de Lanzarote. 1991.<\/em><\/li>\n<li style=\"text-align: justify;\"><a href=\"\/wp-content\/uploads\/2015\/08\/MBP-Plantas-invasoras.pdf\">Handbook of Best Practice in the Use of Exotic Plants of the Canary Islands<\/a>. Gobierno de Canarias. 2015.<\/li>\n<li style=\"text-align: justify;\"><a href=\"\/wp-content\/uploads\/2015\/08\/Miniguia-100-BIRDS-100-reasons-to-visit-Spain-OK.pdf\">Miniguide to the Birds of Spain<\/a>. SEO BirdLife. 2013.<\/li>\n<li style=\"text-align: justify;\"><a href=\"http:\/\/www.geoparquelanzarote.org\/wp-content\/uploads\/2016\/01\/Guia-interpretativa-ecosistemas-anquialinos-ES.pdf\" target=\"_blank\" rel=\"noopener noreferrer\">Interpretative Guide to Anchialine Ecosystems in Jameos del Agua and T\u00fanel de la Atl\u00e1ntida<br \/>\n<\/a>. Alejandro Mart\u00ednez <em>et. al<\/em> 2016.<\/li>\n<\/ul>\n<p><strong>AGRICULTURE<\/strong><\/p>\n<ul>\n<li style=\"text-align: justify;\"><a href=\"http:\/\/www.memoriadelanzarote.com\/contenidos\/20140729093300cultivos_tradicionales_lanzarote.pdf\" target=\"_blank\" rel=\"noopener noreferrer\">Lanzarote\u2019s Traditional Farms. Los Granos: Diversity and Ecology<\/a>.<br \/>\n<em>Jaime Gil. 2005.<\/em><\/li>\n<li style=\"text-align: justify;\"><a href=\"\/wp-content\/uploads\/2015\/08\/Papas-antiguas-de-Lanzarote.pdf\" target=\"_blank\" rel=\"noopener noreferrer\"> Lanzarote\u2019s Ancient Potatoes. Basic Morphological Characterisation<\/a><em>Jaime Gil y Marta Pe\u00f1a. 2007.<\/em><\/li>\n<li style=\"text-align: justify;\"><a href=\"http:\/\/vegadeyuco.es\/descargas\/licores.pdf\" target=\"_blank\" rel=\"noopener noreferrer\"> Lanzarote\u2019s Traditional Liquors<\/a>.\u00a0<em>Giovanni Lemes Pacheco<\/em>. <a href=\"http:\/\/vegadeyuco.es\/\" target=\"_blank\" rel=\"noopener noreferrer\">Bodegas Vega de Yuco<\/a>.<\/li>\n<li><a href=\"http:\/\/www.datosdelanzarote.com\/itemDetalles.asp?idFamilia=11&amp;idItem=7530\">Los cultivos tradicionales en la isla de Lanzarote (Reedici\u00f3n)<\/a>. Jaime Gil Gonz\u00e1lez. <a href=\"https:\/\/es-es.facebook.com\/Patrimonio-Historico-de-Lanzarote-436097549880741\/\">Servicio de Patrimonio Hist\u00f3rico del Cabildo de Lanzarote<\/a>. 2014.<\/li>\n<\/ul>\n<p><strong>PATRIMONIO<\/strong><\/p>\n<ul>\n<li><a href=\"https:\/\/s3-eu-west-1.amazonaws.com\/ayuntamiento.teguise\/wp-content\/uploads\/2015\/09\/teguise-conjunto-historico-artistico.pdf\">Gu\u00eda de Patrimonio de Teguise<\/a>.\u00a0 Conjunto Hist\u00f3rico &#8211; Art\u00edstico 1985. Publicaci\u00f3n del Ayuntamiento de Teguise. 2007.<\/li>\n<li><a href=\"http:\/\/www.datosdelanzarote.com\/Uploads\/doc\/La-cultura-del-agua-en-Lanzarote-20170118141654869cultura-del-agua-lanzarote.pdf\" target=\"_blank\" rel=\"noopener noreferrer\">La Cultura del Agua en Lanzarote<\/a>.<br \/>\n<em>VV.AA. 2006.<\/em><\/li>\n<li><a href=\"http:\/\/www.memoriadelanzarote.com\/contenidos\/20090316142728vern%C3%A1cula.pdf\" target=\"_blank\" rel=\"noopener noreferrer\">La Arquitectura Vern\u00e1cula de Lanzarote y su Funcionalidad Social<\/a>.<br \/>\n<em>Demelza D\u00edaz y Manuel A. Fajardo.<\/em><\/li>\n<\/ul>\n<p><strong>TERRITORY<\/strong><\/p>\n<ul>\n<li><a href=\"http:\/\/www.cabildodelanzarote.com\/Uploads\/doc\/20130910101222473.pdf\" target=\"_blank\" rel=\"noopener noreferrer\">Territory info cards<br \/>\n<\/a><em>Cabildo de Lanzarote<\/em><\/li>\n<li><a href=\"http:\/\/www.iehcan.com\/wp-content\/uploads\/2015\/12\/Libro-JTB-2015-para-web.pdf\" target=\"_blank\" rel=\"noopener noreferrer\"> Lanzarote, Nature Among Volcanos<\/a><br \/>\n<em>VV.AA. 2015<\/em><\/li>\n<li><a href=\"http:\/\/www.datosdelanzarote.com\/Uploads\/doc\/Reserva-Marina-Isla-de-La-Graciosa-e-Islotes-del-Norte-de-Lanzarote-20150218111349811informacion_generica_graciosa-(1).pdf\" target=\"_blank\" rel=\"noopener noreferrer\">Marine Reserve in the Isle of La Graciosa and Lanzarote\u2019s Northern Isles<\/a><a href=\"http:\/\/www.reservasmarinas.net\/eventos\/pdf\/silvia_gonzalez.pdf\" target=\"_blank\" rel=\"noopener noreferrer\">e<\/a>.<\/li>\n<li><a href=\"http:\/\/www.turismolanzarote.com\/buceo\/guia_lanzaroteideal_af.pdf\" target=\"_blank\" rel=\"noopener noreferrer\">Lanzarote\u2019s Diving Guide <\/a>.<br \/>\n<em>Arturo Boyra, Cristina Fern\u00e1ndez-Gil y Carlos Su\u00e1rez. 2011.<\/em><\/li>\n<li><a href=\"http:\/\/auladenaturalezademaguez.com\/senderos-interpretativos-2\/\" target=\"_blank\" rel=\"noopener noreferrer\">Interpretation Paths Guide<\/a>. <em>Aula de la Naturaleza de M\u00e1guez. Cabildo de Lanzarote.<\/em><\/li>\n<\/ul>\n<p><strong>TOURISM<\/strong><\/p>\n<ul>\n<li style=\"text-align: justify;\"><a href=\"\/wp-content\/uploads\/2015\/08\/DEC\u00c1LOGO-TURISTA-EXCELENTE-RB-ESPA\u00d1OL.pdf\">Rules for the Perfect Tourist in Lanzarote\u2019s BR<\/a>.<\/li>\n<li style=\"text-align: justify;\"><a href=\"\/wp-content\/uploads\/2015\/08\/DEC\u00c1LOGO-TURISTA-EXCELENTE-RB-INGL\u00c9S.pdf\">Lanzarote Biosphere Reserve: How to Be an Excellent Visitor <\/a>.<\/li>\n<li style=\"text-align: justify;\"><a href=\"\/wp-content\/uploads\/2015\/08\/El-cultivo-del-vi\u00f1edo-como-recurso-tur\u00edstico-cultural-La-Geria.pdf\">Vineyard Farming as a Cultural and Touristic Resource: La Geria\u2019s Case (Lanzarote. Canary Islands, Spain)<\/li>\n<li style=\"text-align: justify;\"><a href=\"http:\/\/www.aderlan.org\/downloads\/actividades%20y%20publicaciones\/Lanzarote%20Rural-Gu%C3%ADa%20de%20Recursos%20Tur%C3%ADsticos.pdf\" target=\"_blank\" rel=\"noopener noreferrer\">Rural Lanzarote. Touristic Resources Guide<\/li>\n<\/ul>\n[\/vc_column_text][\/vc_column][vc_column width=&#8221;1\/2&#8243;][vc_column_text]<strong>Websites and Blogs<\/strong><\/p>\n<ul>\n<li><a href=\"http:\/\/www.geoparquelanzarote.org\/\" target=\"_blank\" rel=\"noopener noreferrer\">Lanzarote and Chinijo Islands Geopark Website<\/a><\/li>\n<li><a href=\"http:\/\/www.turismolanzarote.com\/\" target=\"_blank\" rel=\"noopener noreferrer\">Lanzarote Tourism Website<\/a><\/li>\n<li><a href=\"http:\/\/www.centrosturisticos.com\/centros\/CENTROS\/published_es\/DEFAULT\/index.html\" target=\"_blank\" rel=\"noopener noreferrer\">Lanzarote\u2019s Art, Culture and Tourism Centres Website<\/a><\/li>\n<li><a href=\"http:\/\/www.aderlan.org\/\">Canarian Network of Natural Protected Areas &#8211; Lanzarote<\/a> (ADERLAN).<\/li>\n<li><a href=\"http:\/\/www.gobiernodecanarias.org\/cmayot\/espaciosnaturales\/instrumentos\/lanz_descarga.html\" target=\"_blank\" rel=\"noopener noreferrer\">Canarian Network of Natural Protected Areas &#8211; Lanzarote<\/a><\/li>\n<li><a href=\"http:\/\/www.biodiversidadcanarias.es\/atlantis\/common\/index.jsf\" target=\"_blank\" rel=\"noopener noreferrer\">Data Bank of Canarian Biodiversity<\/a><\/li>\n<li><a href=\"http:\/\/www.floralanzarote.com\/\" target=\"_blank\" rel=\"noopener noreferrer\">Lanzarote\u2019s Flora and Vegetation<\/a><\/li>\n<li><a href=\"http:\/\/www.floradecanarias.com\/\" target=\"_blank\" rel=\"noopener noreferrer\">Vascular Flora of the Canary Islands<\/a><\/li>\n<li><a href=\"http:\/\/atlasdesemillasdecanarias.org\/index.php\" target=\"_blank\" rel=\"noopener noreferrer\">Digital Atlas of Seeds in the Canary Islands<\/a><\/li>\n<li><a href=\"http:\/\/birdinglanzarote.blogspot.com.es\/\" target=\"_blank\" rel=\"noopener noreferrer\">Lanzarote\u2019s Birds<\/a><\/li>\n<li><a href=\"http:\/\/blog.birdingcanarias.com\/\" target=\"_blank\" rel=\"noopener noreferrer\">Birding Canarias<\/a><\/li>\n<li><a href=\"http:\/\/www.webs.ulpgc.es\/toplanzarote\/\" target=\"_blank\" rel=\"noopener noreferrer\">Lanzarote\u2019s Toponymy<\/a><\/li>\n<li><a href=\"http:\/\/www.gobiernodecanarias.org\/educacion\/culturacanaria\/juegos\/juegos.htm\">Juegos tradicionales\u00a0<\/a><\/li>\n<\/ul>\n[\/vc_column_text][vc_column_text]<b>Social media:<\/b><\/p>\n<ul>\n<li><a href=\"https:\/\/www.facebook.com\/reservadelabiosferadelanzarote\/\" target=\"_blank\" rel=\"noopener noreferrer\">Lanzarote\u2019s Biosphere Reserve<\/a>. Cabildo de Lanzarote.<\/li>\n<li><a href=\"https:\/\/www.facebook.com\/Agrolanzarote\/?fref=ts\" target=\"_blank\" rel=\"noopener noreferrer\">Agrolanzarote<\/a>. Servicio Insular Agrario<\/a>. Cabildo de Lanzarote.<\/li>\n<li><a href=\"https:\/\/www.facebook.com\/Patrimonio-Historico-de-Lanzarote-436097549880741\/?fref=ts\" target=\"_blank\" rel=\"noopener noreferrer\">Historic Heritage Service<\/a>. Cabildo de Lanzarote.<\/li>\n<li><a href=\"https:\/\/www.facebook.com\/MemoriaDeLanzarote\/\" target=\"_blank\" rel=\"noopener noreferrer\">Lanzarote\u2019s Digital Archive<\/a>. Cabildo de Lanzarote.<\/li>\n<li><a href=\"https:\/\/www.facebook.com\/ProyectoGeoparqueLanzaroteLanzaroteGeoparkProject\/\" target=\"_blank\" rel=\"noopener noreferrer\">Lanzarote and Chinijo Islands UNESCO Global Heritage Geopark<\/a>. Cabildo de Lanzarote.<\/li>\n<li><a href=\"https:\/\/www.facebook.com\/TurismoLanzarote\" target=\"_blank\" rel=\"noopener noreferrer\">Lanzarote Tourism<\/a>. Cabildo de Lanzarote.<\/li>\n<li><a href=\"https:\/\/www.facebook.com\/SaboreaLanzarote\/?fref=ts\" target=\"_blank\" rel=\"noopener noreferrer\">Taste Lanzarote<\/a>. Cabildo de Lanzarote.<\/li>\n<\/ul>\n<p>&nbsp;<\/p>\n[\/vc_column_text][\/vc_column][\/vc_row][vc_row][vc_column][vc_column_text]\n<p><strong>Journals and Publications<\/strong><\/p>\n[\/vc_column_text][vc_basic_grid post_type=&#8221;post&#8221; max_items=&#8221;10&#8243; grid_id=&#8221;vc_gid:1512482654172-d97d49a9-d33f-5&#8243; taxonomies=&#8221;3&#8243;][\/vc_column][\/vc_row][vc_row][vc_column][vc_column_text]\n[\/vc_column_text][\/vc_column][\/vc_row]","protected":false},"excerpt":{"rendered":"<p>[vc_row][vc_column][vc_column_text] To keep the Club\u2019s companies and their clients up to date on anything regarding Ecotourism in Lanzarote\u2019s Biosphere Reserve and more, we are sharing a series of links and documents of interest below [\/vc_column_text][\/vc_column][\/vc_row][vc_row][vc_column width=&#8221;1\/2&#8243;][vc_column_text]Books, magazines and brochures: BIODIVERSITY List of Canarian Wild Species. Hongos, plantas y animales terrestres. Gobierno de Canarias. 2009. Las [&hellip;]<\/p>\n","protected":false},"author":2,"featured_media":1690,"parent":0,"menu_order":0,"comment_status":"open","ping_status":"open","template":"","meta":[],"yoast_head":"<!-- This site is optimized with the Yoast SEO plugin v18.2 - https:\/\/yoast.com\/wordpress\/plugins\/seo\/ -->\n<title>Library - Club Producto Tur\u00edstico<\/title>\n<meta name=\"robots\" content=\"index, follow, max-snippet:-1, max-image-preview:large, max-video-preview:-1\" \/>\n<link rel=\"canonical\" href=\"https:\/\/ecoturismo.lanzarotebiosfera.org\/biblioteca\/\" \/>\n<meta property=\"og:locale\" content=\"en_US\" \/>\n<meta property=\"og:type\" content=\"article\" \/>\n<meta property=\"og:title\" content=\"[:es]Biblioteca[:en]Library[:de]Bibliothek[:fr]Biblioth\u00e8que[:] - Club Producto Tur\u00edstico\" \/>\n<meta property=\"og:description\" content=\"[vc_row][vc_column][vc_column_text] To keep the Club\u2019s companies and their clients up to date on anything regarding Ecotourism in Lanzarote\u2019s Biosphere Reserve and more, we are sharing a series of links and documents of interest below [\/vc_column_text][\/vc_column][\/vc_row][vc_row][vc_column width=&#8221;1\/2&#8243;][vc_column_text]Books, magazines and brochures: BIODIVERSITY List of Canarian Wild Species. Hongos, plantas y animales terrestres. Gobierno de Canarias. 2009. Las [&hellip;]\" \/>\n<meta property=\"og:url\" content=\"https:\/\/ecoturismo.lanzarotebiosfera.org\/biblioteca\/\" \/>\n<meta property=\"og:site_name\" content=\"Club Producto Tur\u00edstico\" \/>\n<meta property=\"article:modified_time\" content=\"2020-10-20T07:08:58+00:00\" \/>\n<meta property=\"og:image\" content=\"https:\/\/ecoturismo.lanzarotebiosfera.org\/wp-content\/uploads\/2018\/08\/Marca_Revivir-Lanzarote-13-1.png\" \/>\n\t<meta property=\"og:image:width\" content=\"3508\" \/>\n\t<meta property=\"og:image:height\" content=\"2480\" \/>\n\t<meta property=\"og:image:type\" content=\"image\/png\" \/>\n<meta name=\"twitter:card\" content=\"summary_large_image\" \/>\n<meta name=\"twitter:label1\" content=\"Est. reading time\" \/>\n\t<meta name=\"twitter:data1\" content=\"13 minutes\" \/>\n<script type=\"application\/ld+json\" class=\"yoast-schema-graph\">{\"@context\":\"https:\/\/schema.org\",\"@graph\":[{\"@type\":\"WebSite\",\"@id\":\"https:\/\/ecoturismo.lanzarotebiosfera.org\/#website\",\"url\":\"https:\/\/ecoturismo.lanzarotebiosfera.org\/\",\"name\":\"Club Producto Tur\u00edstico\",\"description\":\"Lanzarote Reserva de la Biosfera\",\"potentialAction\":[{\"@type\":\"SearchAction\",\"target\":{\"@type\":\"EntryPoint\",\"urlTemplate\":\"https:\/\/ecoturismo.lanzarotebiosfera.org\/?s={search_term_string}\"},\"query-input\":\"required name=search_term_string\"}],\"inLanguage\":\"en-US\"},{\"@type\":\"ImageObject\",\"@id\":\"https:\/\/ecoturismo.lanzarotebiosfera.org\/biblioteca\/#primaryimage\",\"inLanguage\":\"en-US\",\"url\":\"https:\/\/ecoturismo.lanzarotebiosfera.org\/wp-content\/uploads\/2018\/08\/Marca_Revivir-Lanzarote-13-1.png\",\"contentUrl\":\"https:\/\/ecoturismo.lanzarotebiosfera.org\/wp-content\/uploads\/2018\/08\/Marca_Revivir-Lanzarote-13-1.png\",\"width\":3508,\"height\":2480},{\"@type\":\"WebPage\",\"@id\":\"https:\/\/ecoturismo.lanzarotebiosfera.org\/biblioteca\/#webpage\",\"url\":\"https:\/\/ecoturismo.lanzarotebiosfera.org\/biblioteca\/\",\"name\":\"[:es]Biblioteca[:en]Library[:de]Bibliothek[:fr]Biblioth\u00e8que[:] - Club Producto Tur\u00edstico\",\"isPartOf\":{\"@id\":\"https:\/\/ecoturismo.lanzarotebiosfera.org\/#website\"},\"primaryImageOfPage\":{\"@id\":\"https:\/\/ecoturismo.lanzarotebiosfera.org\/biblioteca\/#primaryimage\"},\"datePublished\":\"2015-08-11T10:07:13+00:00\",\"dateModified\":\"2020-10-20T07:08:58+00:00\",\"breadcrumb\":{\"@id\":\"https:\/\/ecoturismo.lanzarotebiosfera.org\/biblioteca\/#breadcrumb\"},\"inLanguage\":\"en-US\",\"potentialAction\":[{\"@type\":\"ReadAction\",\"target\":[\"https:\/\/ecoturismo.lanzarotebiosfera.org\/biblioteca\/\"]}]},{\"@type\":\"BreadcrumbList\",\"@id\":\"https:\/\/ecoturismo.lanzarotebiosfera.org\/biblioteca\/#breadcrumb\",\"itemListElement\":[{\"@type\":\"ListItem\",\"position\":1,\"name\":\"Portada\",\"item\":\"https:\/\/ecoturismo.lanzarotebiosfera.org\/\"},{\"@type\":\"ListItem\",\"position\":2,\"name\":\"Biblioteca\"}]}]}<\/script>\n<!-- \/ Yoast SEO plugin. -->","yoast_head_json":{"title":"[:es]Biblioteca[:en]Library[:de]Bibliothek[:fr]Biblioth\u00e8que[:] - Club Producto Tur\u00edstico","robots":{"index":"index","follow":"follow","max-snippet":"max-snippet:-1","max-image-preview":"max-image-preview:large","max-video-preview":"max-video-preview:-1"},"canonical":"https:\/\/ecoturismo.lanzarotebiosfera.org\/biblioteca\/","og_locale":"en_US","og_type":"article","og_title":"[:es]Biblioteca[:en]Library[:de]Bibliothek[:fr]Biblioth\u00e8que[:] - Club Producto Tur\u00edstico","og_description":"[vc_row][vc_column][vc_column_text] To keep the Club\u2019s companies and their clients up to date on anything regarding Ecotourism in Lanzarote\u2019s Biosphere Reserve and more, we are sharing a series of links and documents of interest below [\/vc_column_text][\/vc_column][\/vc_row][vc_row][vc_column width=&#8221;1\/2&#8243;][vc_column_text]Books, magazines and brochures: BIODIVERSITY List of Canarian Wild Species. Hongos, plantas y animales terrestres. Gobierno de Canarias. 2009. Las [&hellip;]","og_url":"https:\/\/ecoturismo.lanzarotebiosfera.org\/biblioteca\/","og_site_name":"Club Producto Tur\u00edstico","article_modified_time":"2020-10-20T07:08:58+00:00","og_image":[{"width":3508,"height":2480,"url":"https:\/\/ecoturismo.lanzarotebiosfera.org\/wp-content\/uploads\/2018\/08\/Marca_Revivir-Lanzarote-13-1.png","type":"image\/png"}],"twitter_card":"summary_large_image","twitter_misc":{"Est. reading time":"13 minutes"},"schema":{"@context":"https:\/\/schema.org","@graph":[{"@type":"WebSite","@id":"https:\/\/ecoturismo.lanzarotebiosfera.org\/#website","url":"https:\/\/ecoturismo.lanzarotebiosfera.org\/","name":"Club Producto Tur\u00edstico","description":"Lanzarote Reserva de la Biosfera","potentialAction":[{"@type":"SearchAction","target":{"@type":"EntryPoint","urlTemplate":"https:\/\/ecoturismo.lanzarotebiosfera.org\/?s={search_term_string}"},"query-input":"required name=search_term_string"}],"inLanguage":"en-US"},{"@type":"ImageObject","@id":"https:\/\/ecoturismo.lanzarotebiosfera.org\/biblioteca\/#primaryimage","inLanguage":"en-US","url":"https:\/\/ecoturismo.lanzarotebiosfera.org\/wp-content\/uploads\/2018\/08\/Marca_Revivir-Lanzarote-13-1.png","contentUrl":"https:\/\/ecoturismo.lanzarotebiosfera.org\/wp-content\/uploads\/2018\/08\/Marca_Revivir-Lanzarote-13-1.png","width":3508,"height":2480},{"@type":"WebPage","@id":"https:\/\/ecoturismo.lanzarotebiosfera.org\/biblioteca\/#webpage","url":"https:\/\/ecoturismo.lanzarotebiosfera.org\/biblioteca\/","name":"[:es]Biblioteca[:en]Library[:de]Bibliothek[:fr]Biblioth\u00e8que[:] - Club Producto Tur\u00edstico","isPartOf":{"@id":"https:\/\/ecoturismo.lanzarotebiosfera.org\/#website"},"primaryImageOfPage":{"@id":"https:\/\/ecoturismo.lanzarotebiosfera.org\/biblioteca\/#primaryimage"},"datePublished":"2015-08-11T10:07:13+00:00","dateModified":"2020-10-20T07:08:58+00:00","breadcrumb":{"@id":"https:\/\/ecoturismo.lanzarotebiosfera.org\/biblioteca\/#breadcrumb"},"inLanguage":"en-US","potentialAction":[{"@type":"ReadAction","target":["https:\/\/ecoturismo.lanzarotebiosfera.org\/biblioteca\/"]}]},{"@type":"BreadcrumbList","@id":"https:\/\/ecoturismo.lanzarotebiosfera.org\/biblioteca\/#breadcrumb","itemListElement":[{"@type":"ListItem","position":1,"name":"Portada","item":"https:\/\/ecoturismo.lanzarotebiosfera.org\/"},{"@type":"ListItem","position":2,"name":"Biblioteca"}]}]}},"_links":{"self":[{"href":"https:\/\/ecoturismo.lanzarotebiosfera.org\/en\/wp-json\/wp\/v2\/pages\/117"}],"collection":[{"href":"https:\/\/ecoturismo.lanzarotebiosfera.org\/en\/wp-json\/wp\/v2\/pages"}],"about":[{"href":"https:\/\/ecoturismo.lanzarotebiosfera.org\/en\/wp-json\/wp\/v2\/types\/page"}],"author":[{"embeddable":true,"href":"https:\/\/ecoturismo.lanzarotebiosfera.org\/en\/wp-json\/wp\/v2\/users\/2"}],"replies":[{"embeddable":true,"href":"https:\/\/ecoturismo.lanzarotebiosfera.org\/en\/wp-json\/wp\/v2\/comments?post=117"}],"version-history":[{"count":79,"href":"https:\/\/ecoturismo.lanzarotebiosfera.org\/en\/wp-json\/wp\/v2\/pages\/117\/revisions"}],"predecessor-version":[{"id":2406,"href":"https:\/\/ecoturismo.lanzarotebiosfera.org\/en\/wp-json\/wp\/v2\/pages\/117\/revisions\/2406"}],"wp:featuredmedia":[{"embeddable":true,"href":"https:\/\/ecoturismo.lanzarotebiosfera.org\/en\/wp-json\/wp\/v2\/media\/1690"}],"wp:attachment":[{"href":"https:\/\/ecoturismo.lanzarotebiosfera.org\/en\/wp-json\/wp\/v2\/media?parent=117"}],"curies":[{"name":"wp","href":"https:\/\/api.w.org\/{rel}","templated":true}]}}