{"id":175,"date":"2015-08-24T16:09:29","date_gmt":"2015-08-24T16:09:29","guid":{"rendered":"https:\/\/ecoturismo.lanzarotebiosfera.org\/?page_id=175"},"modified":"2020-10-19T13:25:57","modified_gmt":"2020-10-19T13:25:57","slug":"club-de-producto-turistico","status":"publish","type":"page","link":"https:\/\/ecoturismo.lanzarotebiosfera.org\/en\/club-de-producto-turistico\/","title":{"rendered":"Tourism Product Club"},"content":{"rendered":"[vc_row][vc_column][vc_column_text]\n<p>It is an initiative of the Secretary of State for Tourism which aims to establish a method to create a tourism product that stands out from others by its location in a selection of territories (the Spanish Biosphere Reserve Network) where it is possible to visit and enjoy the natural heritage developed by human activity and the unique samples of ethnographic heritage.<\/p>\n<p>The method is unique and common to the Spanish Biosphere Reserve Network, and the subsequent tourism product revolves around the diverse heritage of these territories declared by UNESCO and their possible touristic interpretations and enjoyment with the participation of the actors involved in it, fundamental agents of the Biosphere Reserves, tourism companies and sectors of the local population connected to the unique use of their heritage. It is based on a specific and common subject, which articulates and organises the product; in this case, the BRs as places in which to understand the relationship between people and nature.<\/p>\n[\/vc_column_text][vc_row_inner][vc_column_inner width=&#8221;1\/3&#8243;][vc_single_image image=&#8221;35&#8243; img_size=&#8221;medium&#8221; style=&#8221;vc_box_outline_circle&#8221; css_animation=&#8221;appear&#8221;][\/vc_column_inner][vc_column_inner width=&#8221;2\/3&#8243;]<div class=\"alterna-blockquote animate\" data-effect=\"fadeInRight\"><blockquote style=\"border-left: 5px solid #eeeeee;background:#ffffff;\">\n<p>The Product Club serves to make the concept of what we want to classify by this denomination clear, since, obviously, not every kind of tourism can be carried out in this territories.<\/p>\n<\/blockquote><\/div>[\/vc_column_inner][\/vc_row_inner][vc_column_text]\n<p>The Product Club has been designed from the beginning in a participatory way, granting the agents of the basic resources which differentiates the final product with maximum protagonism. Moreover, the introduction of this method hopes to simultaneously develop practic and personalised training aimed at entrepreneurs who would like to voluntarily join the Club, in order to improve their company\u2019s competitiveness and sustainability, informing their clients of their contribution towards the sustainable development of the BRs themselves.<\/p>\n<p>It is an opportunity to improve the image of the Island of Lanzarote, in order for it to evolve and be regarded as a destination in which several options can be enjoyed and a place to come back to due to the force of its own arguments:<\/p>\n[\/vc_column_text][vc_row_inner][vc_column_inner width=&#8221;1\/3&#8243;]\n[\/vc_column_inner][vc_column_inner width=&#8221;2\/3&#8243;]<div class=\"alterna-blockquote animate\" data-effect=\"fadeIn\"><blockquote style=\"border-left: 5px solid #eeeeee;background:#ffffff;\">\n<p>To offer the satisfaction of experiences and anecdotes beyond conventional touristic services<\/blockquote><\/div>[\/vc_column_inner][\/vc_row_inner][\/vc_column][\/vc_row][vc_row][vc_column][vc_column_text][\/vc_column_text]\n[\/vc_row][vc_row][vc_column width=&#8221;1\/3&#8243;][vc_custom_heading text=&#8221;1&#8243; font_container=&#8221;tag:h2|font_size:90|text_align:left|color:%23e5e5e5|line_height:0&#8243; use_theme_fonts=&#8221;yes&#8221; css=&#8221;.vc_custom_1441301144841{margin-bottom: -30px !important;}&#8221;][vc_icon icon_fontawesome=&#8221;fa fa-phone&#8221; color=&#8221;white&#8221; background_style=&#8221;rounded&#8221; background_color=&#8221;green&#8221; size=&#8221;lg&#8221; align=&#8221;center&#8221; css_animation=&#8221;appear&#8221;][vc_column_text]<strong> Contact Us <\/strong><\/p>\n<p>We will inform you about this initiative and the requisites necessary to include your company in it.<\/p>\n<p>You can do it at:<\/p>\n<p><i class=\"fa fa-envelope\"><\/i><strong><small>\u00a0<a href=\"mailto:ecoturismo@cabildodelanzarote.com\" target=\"_blank\" rel=\"noopener noreferrer\">ecoturismo@cabildodelanzarote.com<\/a><\/small><\/strong><\/p>\n<p><i class=\"fa fa-phone\"><\/i><strong>\u00a0928\/810100 ext 2340 y 2342<\/strong><\/p>\n<p><i class=\"fa fa-building-o\"><\/i><strong>\u00a0 Oficina Reserva de la Biosfera<br \/>\n<\/strong>2\u00aa planta<br \/>\nCabildo de Lanzarote<br \/>\nAvd Fred Olsen s\/n<br \/>\nArrecife, Lanzarote[\/vc_column_text][\/vc_column][vc_column width=&#8221;1\/3&#8243;][vc_custom_heading text=&#8221;2&#8243; font_container=&#8221;tag:h2|font_size:90|text_align:left|color:%23e5e5e5|line_height:0&#8243; use_theme_fonts=&#8221;yes&#8221; css=&#8221;.vc_custom_1441301159108{margin-bottom: -30px !important;}&#8221;][vc_icon icon_fontawesome=&#8221;fa fa-envelope&#8221; color=&#8221;white&#8221; background_style=&#8221;rounded&#8221; background_color=&#8221;juicy_pink&#8221; size=&#8221;lg&#8221; align=&#8221;center&#8221; css_animation=&#8221;appear&#8221;][vc_column_text]Please, fill this form and sent it to us ( by email or in person )<\/p>\n<p><strong>Choose the pertinent form for your company\u2019s sector:<\/strong><\/p>\n<ul>\n<li><a href=\"http:\/\/www.lanzarotebiosfera.org\/wp-content\/uploads\/2013\/12\/Informe-de-adhesion-Alojamientos-PTRB.pdf\" target=\"_blank\" rel=\"noopener noreferrer\">LODGINGS<\/a><\/li>\n<li><a href=\"http:\/\/www.lanzarotebiosfera.org\/wp-content\/uploads\/2013\/12\/Informe-de-adhesion-Restaurante-PTRB.pdf\" target=\"_blank\" rel=\"noopener noreferrer\">RESTAURANTS<\/a><\/li>\n<li><a href=\"http:\/\/www.lanzarotebiosfera.org\/wp-content\/uploads\/2013\/12\/Informe-de-adhesion-Act-complementarias-PTRB.pdf?34134\" target=\"_blank\" rel=\"noopener noreferrer\">COMPLEMENTARY ACTIVITIES<\/a><\/li>\n<li><a href=\"http:\/\/www.lanzarotebiosfera.org\/wp-content\/uploads\/2013\/12\/Informe-de-adhesion-Industrias-PTRB.pdf\" target=\"_blank\" rel=\"noopener noreferrer\">AGRO-FOOD INDUSTRY<\/a><\/li>\n<li><a href=\"http:\/\/www.lanzarotebiosfera.org\/wp-content\/uploads\/2013\/12\/Informe-de-adhesion-Tiendas-PTRB.pdf\" target=\"_blank\" rel=\"noopener noreferrer\">SPECIALISED SHOPS<\/a><\/li>\n<\/ul>\n[\/vc_column_text][vc_column_text] Fill the form following this manual<\/p>\n<p><a href=\"http:\/\/www.lanzarotebiosfera.org\/wp-content\/uploads\/2013\/12\/Manual-PTRB-LZ-pdfv2.pdf\" target=\"_blank\" rel=\"noopener noreferrer\">\u00a0Manual of the BR Product Club<\/a>[\/vc_column_text][\/vc_column][vc_column width=&#8221;1\/3&#8243;][vc_custom_heading text=&#8221;3&#8243; font_container=&#8221;tag:h2|font_size:90|text_align:left|color:%23e5e5e5|line_height:0&#8243; use_theme_fonts=&#8221;yes&#8221; css=&#8221;.vc_custom_1441301167647{margin-bottom: -30px !important;}&#8221;][vc_icon icon_fontawesome=&#8221;fa fa-hand-o-up&#8221; color=&#8221;white&#8221; background_style=&#8221;rounded&#8221; background_color=&#8221;turquoise&#8221; size=&#8221;lg&#8221; align=&#8221;center&#8221; css_animation=&#8221;appear&#8221;][vc_column_text]<strong>Request a technical visit<\/strong><\/p>\n<p>Attend training<\/p>\n<p>Attend the reunions<\/p>\n[\/vc_column_text][vc_icon icon_fontawesome=&#8221;fa fa-users&#8221; color=&#8221;green&#8221; background_style=&#8221;boxed-outline&#8221; background_color=&#8221;white&#8221; size=&#8221;xl&#8221; css_animation=&#8221;appear&#8221;][\/vc_column][\/vc_row][vc_row][vc_column][vc_raw_html]\n<p>JTNDZGl2JTIwc3R5bGUlM0QlMjJ3aWR0aCUzQTEwMCUyNSUzQiUyMGhlaWdodCUzQTMwMHB4JTNCJTIwb3ZlcmZsb3clM0FoaWRkZW4lM0IlMjIlM0UlMjAlM0NpbWclMjBzcmMlM0QlMjIlMkZ3cC1jb250ZW50JTJGdXBsb2FkcyUyRjIwMTUlMkYwOCUyRkFncmljdWx0dXJhLTEtSkNHLmpwZyUyMiUyMHN0eWxlJTNEJTIyMTAwJTI1JTIyJTJGJTNFJTNDJTJGZGl2JTNF<\/p>\n[\/vc_raw_html][\/vc_column][\/vc_row]","protected":false},"excerpt":{"rendered":"<p>[vc_row][vc_column][vc_column_text] It is an initiative of the Secretary of State for Tourism which aims to establish a method to create a tourism product that stands out from others by its location in a selection of territories (the Spanish Biosphere Reserve Network) where it is possible to visit and enjoy the natural heritage developed by human [&hellip;]<\/p>\n","protected":false},"author":2,"featured_media":0,"parent":0,"menu_order":0,"comment_status":"closed","ping_status":"open","template":"","meta":[],"yoast_head":"<!-- This site is optimized with the Yoast SEO plugin v18.2 - https:\/\/yoast.com\/wordpress\/plugins\/seo\/ -->\n<title>Tourism Product Club - Club Producto Tur\u00edstico<\/title>\n<meta name=\"robots\" content=\"index, follow, max-snippet:-1, max-image-preview:large, max-video-preview:-1\" \/>\n<link rel=\"canonical\" href=\"https:\/\/ecoturismo.lanzarotebiosfera.org\/club-de-producto-turistico\/\" \/>\n<meta property=\"og:locale\" content=\"en_US\" \/>\n<meta property=\"og:type\" content=\"article\" \/>\n<meta property=\"og:title\" content=\"[:es]Club de Producto Tur\u00edstico[:en]Tourism Product Club[:de]Tourismusprodukt-Club[:fr]Club de Producto Tur\u00edstico[:] - Club Producto Tur\u00edstico\" \/>\n<meta property=\"og:description\" content=\"[vc_row][vc_column][vc_column_text] It is an initiative of the Secretary of State for Tourism which aims to establish a method to create a tourism product that stands out from others by its location in a selection of territories (the Spanish Biosphere Reserve Network) where it is possible to visit and enjoy the natural heritage developed by human [&hellip;]\" \/>\n<meta property=\"og:url\" content=\"https:\/\/ecoturismo.lanzarotebiosfera.org\/club-de-producto-turistico\/\" \/>\n<meta property=\"og:site_name\" content=\"Club Producto Tur\u00edstico\" \/>\n<meta property=\"article:modified_time\" content=\"2020-10-19T13:25:57+00:00\" \/>\n<meta name=\"twitter:card\" content=\"summary_large_image\" \/>\n<meta name=\"twitter:label1\" content=\"Est. reading time\" \/>\n\t<meta name=\"twitter:data1\" content=\"16 minutes\" \/>\n<script type=\"application\/ld+json\" class=\"yoast-schema-graph\">{\"@context\":\"https:\/\/schema.org\",\"@graph\":[{\"@type\":\"WebSite\",\"@id\":\"https:\/\/ecoturismo.lanzarotebiosfera.org\/#website\",\"url\":\"https:\/\/ecoturismo.lanzarotebiosfera.org\/\",\"name\":\"Club Producto Tur\u00edstico\",\"description\":\"Lanzarote Reserva de la Biosfera\",\"potentialAction\":[{\"@type\":\"SearchAction\",\"target\":{\"@type\":\"EntryPoint\",\"urlTemplate\":\"https:\/\/ecoturismo.lanzarotebiosfera.org\/?s={search_term_string}\"},\"query-input\":\"required name=search_term_string\"}],\"inLanguage\":\"en-US\"},{\"@type\":\"WebPage\",\"@id\":\"https:\/\/ecoturismo.lanzarotebiosfera.org\/club-de-producto-turistico\/#webpage\",\"url\":\"https:\/\/ecoturismo.lanzarotebiosfera.org\/club-de-producto-turistico\/\",\"name\":\"[:es]Club de Producto Tur\u00edstico[:en]Tourism Product Club[:de]Tourismusprodukt-Club[:fr]Club de Producto Tur\u00edstico[:] - Club Producto Tur\u00edstico\",\"isPartOf\":{\"@id\":\"https:\/\/ecoturismo.lanzarotebiosfera.org\/#website\"},\"datePublished\":\"2015-08-24T16:09:29+00:00\",\"dateModified\":\"2020-10-19T13:25:57+00:00\",\"breadcrumb\":{\"@id\":\"https:\/\/ecoturismo.lanzarotebiosfera.org\/club-de-producto-turistico\/#breadcrumb\"},\"inLanguage\":\"en-US\",\"potentialAction\":[{\"@type\":\"ReadAction\",\"target\":[\"https:\/\/ecoturismo.lanzarotebiosfera.org\/club-de-producto-turistico\/\"]}]},{\"@type\":\"BreadcrumbList\",\"@id\":\"https:\/\/ecoturismo.lanzarotebiosfera.org\/club-de-producto-turistico\/#breadcrumb\",\"itemListElement\":[{\"@type\":\"ListItem\",\"position\":1,\"name\":\"Portada\",\"item\":\"https:\/\/ecoturismo.lanzarotebiosfera.org\/\"},{\"@type\":\"ListItem\",\"position\":2,\"name\":\"Club de Producto Tur\u00edstico\"}]}]}<\/script>\n<!-- \/ Yoast SEO plugin. -->","yoast_head_json":{"title":"[:es]Club de Producto Tur\u00edstico[:en]Tourism Product Club[:de]Tourismusprodukt-Club[:fr]Club de Producto Tur\u00edstico[:] - Club Producto Tur\u00edstico","robots":{"index":"index","follow":"follow","max-snippet":"max-snippet:-1","max-image-preview":"max-image-preview:large","max-video-preview":"max-video-preview:-1"},"canonical":"https:\/\/ecoturismo.lanzarotebiosfera.org\/club-de-producto-turistico\/","og_locale":"en_US","og_type":"article","og_title":"[:es]Club de Producto Tur\u00edstico[:en]Tourism Product Club[:de]Tourismusprodukt-Club[:fr]Club de Producto Tur\u00edstico[:] - Club Producto Tur\u00edstico","og_description":"[vc_row][vc_column][vc_column_text] It is an initiative of the Secretary of State for Tourism which aims to establish a method to create a tourism product that stands out from others by its location in a selection of territories (the Spanish Biosphere Reserve Network) where it is possible to visit and enjoy the natural heritage developed by human [&hellip;]","og_url":"https:\/\/ecoturismo.lanzarotebiosfera.org\/club-de-producto-turistico\/","og_site_name":"Club Producto Tur\u00edstico","article_modified_time":"2020-10-19T13:25:57+00:00","twitter_card":"summary_large_image","twitter_misc":{"Est. reading time":"16 minutes"},"schema":{"@context":"https:\/\/schema.org","@graph":[{"@type":"WebSite","@id":"https:\/\/ecoturismo.lanzarotebiosfera.org\/#website","url":"https:\/\/ecoturismo.lanzarotebiosfera.org\/","name":"Club Producto Tur\u00edstico","description":"Lanzarote Reserva de la Biosfera","potentialAction":[{"@type":"SearchAction","target":{"@type":"EntryPoint","urlTemplate":"https:\/\/ecoturismo.lanzarotebiosfera.org\/?s={search_term_string}"},"query-input":"required name=search_term_string"}],"inLanguage":"en-US"},{"@type":"WebPage","@id":"https:\/\/ecoturismo.lanzarotebiosfera.org\/club-de-producto-turistico\/#webpage","url":"https:\/\/ecoturismo.lanzarotebiosfera.org\/club-de-producto-turistico\/","name":"[:es]Club de Producto Tur\u00edstico[:en]Tourism Product Club[:de]Tourismusprodukt-Club[:fr]Club de Producto Tur\u00edstico[:] - Club Producto Tur\u00edstico","isPartOf":{"@id":"https:\/\/ecoturismo.lanzarotebiosfera.org\/#website"},"datePublished":"2015-08-24T16:09:29+00:00","dateModified":"2020-10-19T13:25:57+00:00","breadcrumb":{"@id":"https:\/\/ecoturismo.lanzarotebiosfera.org\/club-de-producto-turistico\/#breadcrumb"},"inLanguage":"en-US","potentialAction":[{"@type":"ReadAction","target":["https:\/\/ecoturismo.lanzarotebiosfera.org\/club-de-producto-turistico\/"]}]},{"@type":"BreadcrumbList","@id":"https:\/\/ecoturismo.lanzarotebiosfera.org\/club-de-producto-turistico\/#breadcrumb","itemListElement":[{"@type":"ListItem","position":1,"name":"Portada","item":"https:\/\/ecoturismo.lanzarotebiosfera.org\/"},{"@type":"ListItem","position":2,"name":"Club de Producto Tur\u00edstico"}]}]}},"_links":{"self":[{"href":"https:\/\/ecoturismo.lanzarotebiosfera.org\/en\/wp-json\/wp\/v2\/pages\/175"}],"collection":[{"href":"https:\/\/ecoturismo.lanzarotebiosfera.org\/en\/wp-json\/wp\/v2\/pages"}],"about":[{"href":"https:\/\/ecoturismo.lanzarotebiosfera.org\/en\/wp-json\/wp\/v2\/types\/page"}],"author":[{"embeddable":true,"href":"https:\/\/ecoturismo.lanzarotebiosfera.org\/en\/wp-json\/wp\/v2\/users\/2"}],"replies":[{"embeddable":true,"href":"https:\/\/ecoturismo.lanzarotebiosfera.org\/en\/wp-json\/wp\/v2\/comments?post=175"}],"version-history":[{"count":58,"href":"https:\/\/ecoturismo.lanzarotebiosfera.org\/en\/wp-json\/wp\/v2\/pages\/175\/revisions"}],"predecessor-version":[{"id":2402,"href":"https:\/\/ecoturismo.lanzarotebiosfera.org\/en\/wp-json\/wp\/v2\/pages\/175\/revisions\/2402"}],"wp:attachment":[{"href":"https:\/\/ecoturismo.lanzarotebiosfera.org\/en\/wp-json\/wp\/v2\/media?parent=175"}],"curies":[{"name":"wp","href":"https:\/\/api.w.org\/{rel}","templated":true}]}}