{"id":182,"date":"2015-08-24T16:32:12","date_gmt":"2015-08-24T16:32:12","guid":{"rendered":"https:\/\/ecoturismo.lanzarotebiosfera.org\/?page_id=182"},"modified":"2018-08-10T10:59:45","modified_gmt":"2018-08-10T10:59:45","slug":"conocenos","status":"publish","type":"page","link":"https:\/\/ecoturismo.lanzarotebiosfera.org\/en\/conocenos\/","title":{"rendered":"Get to know us"},"content":{"rendered":"[vc_row][vc_column][vc_column_text]\n<p style=\"text-align: justify;\">We want to provide you with a unique and different touristic experience which eases the sensory understanding of the relationship between man and the landscapes of the BR with both tangible and intangible elements.<\/p>\n<p style=\"text-align: justify;\">It is aimed at tourists interested in visiting and enjoying well preserved landscapes (in which humans have been the protagonists of their creation and preservation) by means of basic and complementary touristic services, the understanding of these landscapes and their evolution at the hands of human activities, and the enjoyment of local products created by activities connected to their most unique heritage.<\/p>\n<p>The products consist of:<\/p>\n<ul>\n<li>The best preserved, most unique and of the highest level natural and cultural heritage of each BR.<\/li>\n<li>The best public equipment (reception centres, hiking tracks, lookouts, thematic museums).<\/li>\n<li>Select private touristic offers (lodging, restaurants, shops, activities).<\/li>\n<li>Guide services to interpret the BR\u2019s heritage, supported by the equipment and the local population, who will show its activities.<\/li>\n<\/ul>\n<p>The product is based on the enjoyment and understanding of the BR\u2019s heritage, and it also allows to approach the rural world to learn about its evolution, and it suggests how to contribute to its sustainable development.<\/p>\n<p>In each BR, the product will address its most unique and distinguishable heritage. Understanding this heritage is the product\u2019s main tool and provides the tourist with an experience, which translates as diverse touristic modalities, from simply using public equipment (such as interpretation centres or rural lodgings), to visiting a local producer connected to the biosphere reserve\u2019s landscape (ranchers, farmers, artisans).<\/p>\n[\/vc_column_text][\/vc_column][\/vc_row][vc_row][vc_column width=&#8221;1\/2&#8243;][vc_column_text]\n<p><a href=\"\/wp-content\/uploads\/2015\/08\/logoRBEsp-h150.png\"><img loading=\"lazy\" class=\" size-thumbnail wp-image-35 aligncenter\" src=\"\/wp-content\/uploads\/2015\/08\/logoRBEsp-h150-150x150.png\" alt=\"logoRBEsp-h150\" width=\"150\" height=\"150\" \/><\/a><\/p>\n[\/vc_column_text][\/vc_column][vc_column width=&#8221;1\/2&#8243;][vc_wp_custommenu][\/vc_column][\/vc_row]","protected":false},"excerpt":{"rendered":"<p>[vc_row][vc_column][vc_column_text] We want to provide you with a unique and different touristic experience which eases the sensory understanding of the relationship between man and the landscapes of the BR with both tangible and intangible elements. It is aimed at tourists interested in visiting and enjoying well preserved landscapes (in which humans have been the protagonists [&hellip;]<\/p>\n","protected":false},"author":2,"featured_media":0,"parent":0,"menu_order":0,"comment_status":"closed","ping_status":"open","template":"","meta":[],"yoast_head":"<!-- This site is optimized with the Yoast SEO plugin v18.2 - https:\/\/yoast.com\/wordpress\/plugins\/seo\/ -->\n<title>Get to know us - Club Producto Tur\u00edstico<\/title>\n<meta name=\"robots\" content=\"index, follow, max-snippet:-1, max-image-preview:large, max-video-preview:-1\" \/>\n<link rel=\"canonical\" href=\"https:\/\/ecoturismo.lanzarotebiosfera.org\/conocenos\/\" \/>\n<meta property=\"og:locale\" content=\"en_US\" \/>\n<meta property=\"og:type\" content=\"article\" \/>\n<meta property=\"og:title\" content=\"[:es]Con\u00f3cenos[:en]Get to know us[:de]\u00dcber uns[:fr]Connais-nous [:] - Club Producto Tur\u00edstico\" \/>\n<meta property=\"og:description\" content=\"[vc_row][vc_column][vc_column_text] We want to provide you with a unique and different touristic experience which eases the sensory understanding of the relationship between man and the landscapes of the BR with both tangible and intangible elements. It is aimed at tourists interested in visiting and enjoying well preserved landscapes (in which humans have been the protagonists [&hellip;]\" \/>\n<meta property=\"og:url\" content=\"https:\/\/ecoturismo.lanzarotebiosfera.org\/conocenos\/\" \/>\n<meta property=\"og:site_name\" content=\"Club Producto Tur\u00edstico\" \/>\n<meta property=\"article:modified_time\" content=\"2018-08-10T10:59:45+00:00\" \/>\n<meta property=\"og:image\" content=\"https:\/\/ecoturismo.lanzarotebiosfera.org\/wp-content\/uploads\/2018\/08\/revivirCertifColor-1-300x212.png\" \/>\n<meta name=\"twitter:card\" content=\"summary_large_image\" \/>\n<meta name=\"twitter:label1\" content=\"Est. reading time\" \/>\n\t<meta name=\"twitter:data1\" content=\"7 minutes\" \/>\n<script type=\"application\/ld+json\" class=\"yoast-schema-graph\">{\"@context\":\"https:\/\/schema.org\",\"@graph\":[{\"@type\":\"WebSite\",\"@id\":\"https:\/\/ecoturismo.lanzarotebiosfera.org\/#website\",\"url\":\"https:\/\/ecoturismo.lanzarotebiosfera.org\/\",\"name\":\"Club Producto Tur\u00edstico\",\"description\":\"Lanzarote Reserva de la Biosfera\",\"potentialAction\":[{\"@type\":\"SearchAction\",\"target\":{\"@type\":\"EntryPoint\",\"urlTemplate\":\"https:\/\/ecoturismo.lanzarotebiosfera.org\/?s={search_term_string}\"},\"query-input\":\"required name=search_term_string\"}],\"inLanguage\":\"en-US\"},{\"@type\":\"ImageObject\",\"@id\":\"https:\/\/ecoturismo.lanzarotebiosfera.org\/conocenos\/#primaryimage\",\"inLanguage\":\"en-US\",\"url\":\"https:\/\/ecoturismo.lanzarotebiosfera.org\/wp-content\/uploads\/2018\/08\/revivirCertifColor-1.png\",\"contentUrl\":\"https:\/\/ecoturismo.lanzarotebiosfera.org\/wp-content\/uploads\/2018\/08\/revivirCertifColor-1.png\",\"width\":300,\"height\":212},{\"@type\":\"WebPage\",\"@id\":\"https:\/\/ecoturismo.lanzarotebiosfera.org\/conocenos\/#webpage\",\"url\":\"https:\/\/ecoturismo.lanzarotebiosfera.org\/conocenos\/\",\"name\":\"[:es]Con\u00f3cenos[:en]Get to know us[:de]\u00dcber uns[:fr]Connais-nous [:] - Club Producto Tur\u00edstico\",\"isPartOf\":{\"@id\":\"https:\/\/ecoturismo.lanzarotebiosfera.org\/#website\"},\"primaryImageOfPage\":{\"@id\":\"https:\/\/ecoturismo.lanzarotebiosfera.org\/conocenos\/#primaryimage\"},\"datePublished\":\"2015-08-24T16:32:12+00:00\",\"dateModified\":\"2018-08-10T10:59:45+00:00\",\"breadcrumb\":{\"@id\":\"https:\/\/ecoturismo.lanzarotebiosfera.org\/conocenos\/#breadcrumb\"},\"inLanguage\":\"en-US\",\"potentialAction\":[{\"@type\":\"ReadAction\",\"target\":[\"https:\/\/ecoturismo.lanzarotebiosfera.org\/conocenos\/\"]}]},{\"@type\":\"BreadcrumbList\",\"@id\":\"https:\/\/ecoturismo.lanzarotebiosfera.org\/conocenos\/#breadcrumb\",\"itemListElement\":[{\"@type\":\"ListItem\",\"position\":1,\"name\":\"Portada\",\"item\":\"https:\/\/ecoturismo.lanzarotebiosfera.org\/\"},{\"@type\":\"ListItem\",\"position\":2,\"name\":\"Con\u00f3cenos\"}]}]}<\/script>\n<!-- \/ Yoast SEO plugin. -->","yoast_head_json":{"title":"[:es]Con\u00f3cenos[:en]Get to know us[:de]\u00dcber uns[:fr]Connais-nous [:] - Club Producto Tur\u00edstico","robots":{"index":"index","follow":"follow","max-snippet":"max-snippet:-1","max-image-preview":"max-image-preview:large","max-video-preview":"max-video-preview:-1"},"canonical":"https:\/\/ecoturismo.lanzarotebiosfera.org\/conocenos\/","og_locale":"en_US","og_type":"article","og_title":"[:es]Con\u00f3cenos[:en]Get to know us[:de]\u00dcber uns[:fr]Connais-nous [:] - Club Producto Tur\u00edstico","og_description":"[vc_row][vc_column][vc_column_text] We want to provide you with a unique and different touristic experience which eases the sensory understanding of the relationship between man and the landscapes of the BR with both tangible and intangible elements. It is aimed at tourists interested in visiting and enjoying well preserved landscapes (in which humans have been the protagonists [&hellip;]","og_url":"https:\/\/ecoturismo.lanzarotebiosfera.org\/conocenos\/","og_site_name":"Club Producto Tur\u00edstico","article_modified_time":"2018-08-10T10:59:45+00:00","og_image":[{"url":"https:\/\/ecoturismo.lanzarotebiosfera.org\/wp-content\/uploads\/2018\/08\/revivirCertifColor-1-300x212.png"}],"twitter_card":"summary_large_image","twitter_misc":{"Est. reading time":"7 minutes"},"schema":{"@context":"https:\/\/schema.org","@graph":[{"@type":"WebSite","@id":"https:\/\/ecoturismo.lanzarotebiosfera.org\/#website","url":"https:\/\/ecoturismo.lanzarotebiosfera.org\/","name":"Club Producto Tur\u00edstico","description":"Lanzarote Reserva de la Biosfera","potentialAction":[{"@type":"SearchAction","target":{"@type":"EntryPoint","urlTemplate":"https:\/\/ecoturismo.lanzarotebiosfera.org\/?s={search_term_string}"},"query-input":"required name=search_term_string"}],"inLanguage":"en-US"},{"@type":"ImageObject","@id":"https:\/\/ecoturismo.lanzarotebiosfera.org\/conocenos\/#primaryimage","inLanguage":"en-US","url":"https:\/\/ecoturismo.lanzarotebiosfera.org\/wp-content\/uploads\/2018\/08\/revivirCertifColor-1.png","contentUrl":"https:\/\/ecoturismo.lanzarotebiosfera.org\/wp-content\/uploads\/2018\/08\/revivirCertifColor-1.png","width":300,"height":212},{"@type":"WebPage","@id":"https:\/\/ecoturismo.lanzarotebiosfera.org\/conocenos\/#webpage","url":"https:\/\/ecoturismo.lanzarotebiosfera.org\/conocenos\/","name":"[:es]Con\u00f3cenos[:en]Get to know us[:de]\u00dcber uns[:fr]Connais-nous [:] - Club Producto Tur\u00edstico","isPartOf":{"@id":"https:\/\/ecoturismo.lanzarotebiosfera.org\/#website"},"primaryImageOfPage":{"@id":"https:\/\/ecoturismo.lanzarotebiosfera.org\/conocenos\/#primaryimage"},"datePublished":"2015-08-24T16:32:12+00:00","dateModified":"2018-08-10T10:59:45+00:00","breadcrumb":{"@id":"https:\/\/ecoturismo.lanzarotebiosfera.org\/conocenos\/#breadcrumb"},"inLanguage":"en-US","potentialAction":[{"@type":"ReadAction","target":["https:\/\/ecoturismo.lanzarotebiosfera.org\/conocenos\/"]}]},{"@type":"BreadcrumbList","@id":"https:\/\/ecoturismo.lanzarotebiosfera.org\/conocenos\/#breadcrumb","itemListElement":[{"@type":"ListItem","position":1,"name":"Portada","item":"https:\/\/ecoturismo.lanzarotebiosfera.org\/"},{"@type":"ListItem","position":2,"name":"Con\u00f3cenos"}]}]}},"_links":{"self":[{"href":"https:\/\/ecoturismo.lanzarotebiosfera.org\/en\/wp-json\/wp\/v2\/pages\/182"}],"collection":[{"href":"https:\/\/ecoturismo.lanzarotebiosfera.org\/en\/wp-json\/wp\/v2\/pages"}],"about":[{"href":"https:\/\/ecoturismo.lanzarotebiosfera.org\/en\/wp-json\/wp\/v2\/types\/page"}],"author":[{"embeddable":true,"href":"https:\/\/ecoturismo.lanzarotebiosfera.org\/en\/wp-json\/wp\/v2\/users\/2"}],"replies":[{"embeddable":true,"href":"https:\/\/ecoturismo.lanzarotebiosfera.org\/en\/wp-json\/wp\/v2\/comments?post=182"}],"version-history":[{"count":10,"href":"https:\/\/ecoturismo.lanzarotebiosfera.org\/en\/wp-json\/wp\/v2\/pages\/182\/revisions"}],"predecessor-version":[{"id":1725,"href":"https:\/\/ecoturismo.lanzarotebiosfera.org\/en\/wp-json\/wp\/v2\/pages\/182\/revisions\/1725"}],"wp:attachment":[{"href":"https:\/\/ecoturismo.lanzarotebiosfera.org\/en\/wp-json\/wp\/v2\/media?parent=182"}],"curies":[{"name":"wp","href":"https:\/\/api.w.org\/{rel}","templated":true}]}}