{"id":20,"date":"2015-08-05T09:01:43","date_gmt":"2015-08-05T09:01:43","guid":{"rendered":"https:\/\/ecoturismo.lanzarotebiosfera.org\/?page_id=20"},"modified":"2015-08-14T09:08:09","modified_gmt":"2015-08-14T09:08:09","slug":"adhesion-de-empresas","status":"publish","type":"page","link":"https:\/\/ecoturismo.lanzarotebiosfera.org\/en\/adhesion-de-empresas\/","title":{"rendered":"Adhesi\u00f3n de Empresas"},"content":{"rendered":"<p style=\"text-align: justify;\">Similar al de info gral del Club pero donde haya acceso a un doc que tenga el formato de un peque\u00f1o doc, no un enunciado, es m\u00e1s claro un peque\u00f1o librito con su leyenda debajo o al lado<\/p>\n<p>Cabr\u00eda indicar si es pdf, si es descargable, autorellenable etc&#8230; de muy f\u00e1cil acceso<\/p>\n<p>&nbsp;<\/p>\n<p style=\"text-align: justify;\">En la<strong> Fase de adhesi\u00f3n al Club\u00a0<\/strong>se valoran los requisitos que cumplen cada una de las empresas para su adhesi\u00f3n al Club y se organiza la formaci\u00f3n que deben recibir las empresas interesadas en conformar productos tur\u00edsticos sostenibles dentro de esta Reserva de la Biosfera.<\/p>\n<p style=\"text-align: justify;\">\n","protected":false},"excerpt":{"rendered":"<p>Similar al de info gral del Club pero donde haya acceso a un doc que tenga el formato de un peque\u00f1o doc, no un enunciado, es m\u00e1s claro un peque\u00f1o librito con su leyenda debajo o al lado Cabr\u00eda indicar si es pdf, si es descargable, autorellenable etc&#8230; de muy f\u00e1cil acceso &nbsp; En la [&hellip;]<\/p>\n","protected":false},"author":1,"featured_media":0,"parent":0,"menu_order":0,"comment_status":"open","ping_status":"open","template":"","meta":[],"yoast_head":"<!-- This site is optimized with the Yoast SEO plugin v18.2 - https:\/\/yoast.com\/wordpress\/plugins\/seo\/ -->\n<title>Adhesi\u00f3n de Empresas - Club Producto Tur\u00edstico<\/title>\n<meta name=\"robots\" content=\"index, follow, max-snippet:-1, max-image-preview:large, max-video-preview:-1\" \/>\n<link rel=\"canonical\" href=\"https:\/\/ecoturismo.lanzarotebiosfera.org\/adhesion-de-empresas\/\" \/>\n<meta property=\"og:locale\" content=\"en_US\" \/>\n<meta property=\"og:type\" content=\"article\" \/>\n<meta property=\"og:title\" content=\"Adhesi\u00f3n de Empresas - Club Producto Tur\u00edstico\" \/>\n<meta property=\"og:description\" content=\"Similar al de info gral del Club pero donde haya acceso a un doc que tenga el formato de un peque\u00f1o doc, no un enunciado, es m\u00e1s claro un peque\u00f1o librito con su leyenda debajo o al lado Cabr\u00eda indicar si es pdf, si es descargable, autorellenable etc&#8230; de muy f\u00e1cil acceso &nbsp; En la [&hellip;]\" \/>\n<meta property=\"og:url\" content=\"https:\/\/ecoturismo.lanzarotebiosfera.org\/adhesion-de-empresas\/\" \/>\n<meta property=\"og:site_name\" content=\"Club Producto Tur\u00edstico\" \/>\n<meta property=\"article:modified_time\" content=\"2015-08-14T09:08:09+00:00\" \/>\n<meta name=\"twitter:card\" content=\"summary_large_image\" \/>\n<meta name=\"twitter:label1\" content=\"Est. reading time\" \/>\n\t<meta name=\"twitter:data1\" content=\"1 minute\" \/>\n<script type=\"application\/ld+json\" class=\"yoast-schema-graph\">{\"@context\":\"https:\/\/schema.org\",\"@graph\":[{\"@type\":\"WebSite\",\"@id\":\"https:\/\/ecoturismo.lanzarotebiosfera.org\/#website\",\"url\":\"https:\/\/ecoturismo.lanzarotebiosfera.org\/\",\"name\":\"Club Producto Tur\u00edstico\",\"description\":\"Lanzarote Reserva de la Biosfera\",\"potentialAction\":[{\"@type\":\"SearchAction\",\"target\":{\"@type\":\"EntryPoint\",\"urlTemplate\":\"https:\/\/ecoturismo.lanzarotebiosfera.org\/?s={search_term_string}\"},\"query-input\":\"required name=search_term_string\"}],\"inLanguage\":\"en-US\"},{\"@type\":\"WebPage\",\"@id\":\"https:\/\/ecoturismo.lanzarotebiosfera.org\/adhesion-de-empresas\/#webpage\",\"url\":\"https:\/\/ecoturismo.lanzarotebiosfera.org\/adhesion-de-empresas\/\",\"name\":\"Adhesi\u00f3n de Empresas - Club Producto Tur\u00edstico\",\"isPartOf\":{\"@id\":\"https:\/\/ecoturismo.lanzarotebiosfera.org\/#website\"},\"datePublished\":\"2015-08-05T09:01:43+00:00\",\"dateModified\":\"2015-08-14T09:08:09+00:00\",\"breadcrumb\":{\"@id\":\"https:\/\/ecoturismo.lanzarotebiosfera.org\/adhesion-de-empresas\/#breadcrumb\"},\"inLanguage\":\"en-US\",\"potentialAction\":[{\"@type\":\"ReadAction\",\"target\":[\"https:\/\/ecoturismo.lanzarotebiosfera.org\/adhesion-de-empresas\/\"]}]},{\"@type\":\"BreadcrumbList\",\"@id\":\"https:\/\/ecoturismo.lanzarotebiosfera.org\/adhesion-de-empresas\/#breadcrumb\",\"itemListElement\":[{\"@type\":\"ListItem\",\"position\":1,\"name\":\"Portada\",\"item\":\"https:\/\/ecoturismo.lanzarotebiosfera.org\/\"},{\"@type\":\"ListItem\",\"position\":2,\"name\":\"Adhesi\u00f3n de Empresas\"}]}]}<\/script>\n<!-- \/ Yoast SEO plugin. -->","yoast_head_json":{"title":"Adhesi\u00f3n de Empresas - Club Producto Tur\u00edstico","robots":{"index":"index","follow":"follow","max-snippet":"max-snippet:-1","max-image-preview":"max-image-preview:large","max-video-preview":"max-video-preview:-1"},"canonical":"https:\/\/ecoturismo.lanzarotebiosfera.org\/adhesion-de-empresas\/","og_locale":"en_US","og_type":"article","og_title":"Adhesi\u00f3n de Empresas - Club Producto Tur\u00edstico","og_description":"Similar al de info gral del Club pero donde haya acceso a un doc que tenga el formato de un peque\u00f1o doc, no un enunciado, es m\u00e1s claro un peque\u00f1o librito con su leyenda debajo o al lado Cabr\u00eda indicar si es pdf, si es descargable, autorellenable etc&#8230; de muy f\u00e1cil acceso &nbsp; En la [&hellip;]","og_url":"https:\/\/ecoturismo.lanzarotebiosfera.org\/adhesion-de-empresas\/","og_site_name":"Club Producto Tur\u00edstico","article_modified_time":"2015-08-14T09:08:09+00:00","twitter_card":"summary_large_image","twitter_misc":{"Est. reading time":"1 minute"},"schema":{"@context":"https:\/\/schema.org","@graph":[{"@type":"WebSite","@id":"https:\/\/ecoturismo.lanzarotebiosfera.org\/#website","url":"https:\/\/ecoturismo.lanzarotebiosfera.org\/","name":"Club Producto Tur\u00edstico","description":"Lanzarote Reserva de la Biosfera","potentialAction":[{"@type":"SearchAction","target":{"@type":"EntryPoint","urlTemplate":"https:\/\/ecoturismo.lanzarotebiosfera.org\/?s={search_term_string}"},"query-input":"required name=search_term_string"}],"inLanguage":"en-US"},{"@type":"WebPage","@id":"https:\/\/ecoturismo.lanzarotebiosfera.org\/adhesion-de-empresas\/#webpage","url":"https:\/\/ecoturismo.lanzarotebiosfera.org\/adhesion-de-empresas\/","name":"Adhesi\u00f3n de Empresas - Club Producto Tur\u00edstico","isPartOf":{"@id":"https:\/\/ecoturismo.lanzarotebiosfera.org\/#website"},"datePublished":"2015-08-05T09:01:43+00:00","dateModified":"2015-08-14T09:08:09+00:00","breadcrumb":{"@id":"https:\/\/ecoturismo.lanzarotebiosfera.org\/adhesion-de-empresas\/#breadcrumb"},"inLanguage":"en-US","potentialAction":[{"@type":"ReadAction","target":["https:\/\/ecoturismo.lanzarotebiosfera.org\/adhesion-de-empresas\/"]}]},{"@type":"BreadcrumbList","@id":"https:\/\/ecoturismo.lanzarotebiosfera.org\/adhesion-de-empresas\/#breadcrumb","itemListElement":[{"@type":"ListItem","position":1,"name":"Portada","item":"https:\/\/ecoturismo.lanzarotebiosfera.org\/"},{"@type":"ListItem","position":2,"name":"Adhesi\u00f3n de Empresas"}]}]}},"_links":{"self":[{"href":"https:\/\/ecoturismo.lanzarotebiosfera.org\/en\/wp-json\/wp\/v2\/pages\/20"}],"collection":[{"href":"https:\/\/ecoturismo.lanzarotebiosfera.org\/en\/wp-json\/wp\/v2\/pages"}],"about":[{"href":"https:\/\/ecoturismo.lanzarotebiosfera.org\/en\/wp-json\/wp\/v2\/types\/page"}],"author":[{"embeddable":true,"href":"https:\/\/ecoturismo.lanzarotebiosfera.org\/en\/wp-json\/wp\/v2\/users\/1"}],"replies":[{"embeddable":true,"href":"https:\/\/ecoturismo.lanzarotebiosfera.org\/en\/wp-json\/wp\/v2\/comments?post=20"}],"version-history":[{"count":5,"href":"https:\/\/ecoturismo.lanzarotebiosfera.org\/en\/wp-json\/wp\/v2\/pages\/20\/revisions"}],"predecessor-version":[{"id":167,"href":"https:\/\/ecoturismo.lanzarotebiosfera.org\/en\/wp-json\/wp\/v2\/pages\/20\/revisions\/167"}],"wp:attachment":[{"href":"https:\/\/ecoturismo.lanzarotebiosfera.org\/en\/wp-json\/wp\/v2\/media?parent=20"}],"curies":[{"name":"wp","href":"https:\/\/api.w.org\/{rel}","templated":true}]}}