{"id":24,"date":"2015-08-05T09:02:42","date_gmt":"2015-08-05T09:02:42","guid":{"rendered":"https:\/\/ecoturismo.lanzarotebiosfera.org\/?page_id=24"},"modified":"2018-08-10T09:37:52","modified_gmt":"2018-08-10T09:37:52","slug":"videos","status":"publish","type":"page","link":"https:\/\/ecoturismo.lanzarotebiosfera.org\/en\/videos\/","title":{"rendered":"Videos"},"content":{"rendered":"<h2> Man and the Biosphere <a href=\"http:\/\/www.unesco.org\/new\/es\/natural-sciences\/environment\/ecological-sciences\/man-and-biosphere-programme\/\" target=\"_blank\"> Programme MaB (UNESCO) <\/a> \u00a0and the <a href=\"http:\/\/rerb.oapn.es\/index.php\/red-espanola-de-reservas-de-la-biosfera\/que-es-la-rerb\" target=\"_blank\"> Spanish Biosphere Reserve Network <\/a><\/h2>\n<p><iframe loading=\"lazy\" width=\"788\" height=\"443\" src=\"https:\/\/www.youtube.com\/embed\/QGrdFY-2spA?feature=oembed\" frameborder=\"0\" allow=\"autoplay; encrypted-media\" allowfullscreen><\/iframe><\/p>\n<p><iframe loading=\"lazy\" width=\"788\" height=\"443\" src=\"https:\/\/www.youtube.com\/embed\/PUaTXab5Vig?feature=oembed\" frameborder=\"0\" allow=\"autoplay; encrypted-media\" allowfullscreen><\/iframe><\/p>\n<h2>What is the Spanish Biosphere Reserve\u2019s Tourism Product Club?<\/h2>\n<p><iframe loading=\"lazy\" width=\"788\" height=\"443\" src=\"https:\/\/www.youtube.com\/embed\/6GTr1kALa9g?feature=oembed\" frameborder=\"0\" allow=\"autoplay; encrypted-media\" allowfullscreen><\/iframe><\/p>\n<h2>Sustainable tourism. Lanzarote. 1995.<\/h2>\n<p><iframe loading=\"lazy\" width=\"788\" height=\"591\" src=\"https:\/\/www.youtube.com\/embed\/EN25KBzKhmo?feature=oembed\" frameborder=\"0\" allow=\"autoplay; encrypted-media\" allowfullscreen><\/iframe><\/p>\n<h2>Biodiversity in Lanzarote\u2019s Biosphere Reserve<\/h2>\n<p><iframe loading=\"lazy\" width=\"788\" height=\"443\" src=\"https:\/\/www.youtube.com\/embed\/DxPbtY6po1s?feature=oembed\" frameborder=\"0\" allow=\"autoplay; encrypted-media\" allowfullscreen><\/iframe><\/p>\n<p><iframe loading=\"lazy\" width=\"788\" height=\"443\" src=\"https:\/\/www.youtube.com\/embed\/iiu9178hCxM?feature=oembed\" frameborder=\"0\" allow=\"autoplay; encrypted-media\" allowfullscreen><\/iframe><\/p>\n<h2>Heritage of Lanzarote\u2019s Biosphere Reserve<\/h2>\n<p><iframe loading=\"lazy\" width=\"788\" height=\"443\" src=\"https:\/\/www.youtube.com\/embed\/ijxhsnn0ItY?feature=oembed\" frameborder=\"0\" allow=\"autoplay; encrypted-media\" allowfullscreen><\/iframe><\/p>\n<p><iframe loading=\"lazy\" width=\"788\" height=\"443\" src=\"https:\/\/www.youtube.com\/embed\/EiXkoqDxUXY?feature=oembed\" frameborder=\"0\" allow=\"autoplay; encrypted-media\" allowfullscreen><\/iframe><\/p>\n<h2>Geology of Lanzarote\u2019s BR. Lanzarote and Chinijo Islands Geopark<\/h2>\n<p><iframe loading=\"lazy\" width=\"788\" height=\"443\" src=\"https:\/\/www.youtube.com\/embed\/yZZmS9twiOo?feature=oembed\" frameborder=\"0\" allow=\"autoplay; encrypted-media\" allowfullscreen><\/iframe><\/p>\n<p><iframe loading=\"lazy\" width=\"788\" height=\"443\" src=\"https:\/\/www.youtube.com\/embed\/P-rwVjUkKPg?feature=oembed\" frameborder=\"0\" allow=\"autoplay; encrypted-media\" allowfullscreen><\/iframe><\/p>\n<h2>Educaci\u00f3n en la Reserva de la Biosfera Lanzarote<\/h2>\n<p><iframe loading=\"lazy\" width=\"788\" height=\"443\" src=\"https:\/\/www.youtube.com\/embed\/9tJwtxh5cL4?feature=oembed\" frameborder=\"0\" allow=\"autoplay; encrypted-media\" allowfullscreen><\/iframe><\/p>\n<p><iframe loading=\"lazy\" width=\"788\" height=\"443\" src=\"https:\/\/www.youtube.com\/embed\/yadxCuIf8SI?feature=oembed\" frameborder=\"0\" allow=\"autoplay; encrypted-media\" allowfullscreen><\/iframe><\/p>\n<p><iframe loading=\"lazy\" width=\"788\" height=\"443\" src=\"https:\/\/www.youtube.com\/embed\/wmER6CpWd3s?feature=oembed\" frameborder=\"0\" allow=\"autoplay; encrypted-media\" allowfullscreen><\/iframe><\/p>","protected":false},"excerpt":{"rendered":"<p>Man and the Biosphere Programme MaB (UNESCO) \u00a0and the Spanish Biosphere Reserve Network What is the Spanish Biosphere Reserve\u2019s Tourism Product Club? Sustainable tourism. Lanzarote. 1995. Biodiversity in Lanzarote\u2019s Biosphere Reserve Heritage of Lanzarote\u2019s Biosphere Reserve Geology of Lanzarote\u2019s BR. Lanzarote and Chinijo Islands Geopark Educaci\u00f3n en la Reserva de la Biosfera Lanzarote<\/p>\n","protected":false},"author":1,"featured_media":0,"parent":0,"menu_order":0,"comment_status":"open","ping_status":"open","template":"","meta":[],"yoast_head":"<!-- This site is optimized with the Yoast SEO plugin v18.2 - https:\/\/yoast.com\/wordpress\/plugins\/seo\/ -->\n<title>Videos - Club Producto Tur\u00edstico<\/title>\n<meta name=\"robots\" content=\"index, follow, max-snippet:-1, max-image-preview:large, max-video-preview:-1\" \/>\n<link rel=\"canonical\" href=\"https:\/\/ecoturismo.lanzarotebiosfera.org\/videos\/\" \/>\n<meta property=\"og:locale\" content=\"en_US\" \/>\n<meta property=\"og:type\" content=\"article\" \/>\n<meta property=\"og:title\" content=\"[:es]V\u00eddeos[:en]Videos[:de]Videogalerie[:fr]Vid\u00e9os[:] - Club Producto Tur\u00edstico\" \/>\n<meta property=\"og:description\" content=\"Man and the Biosphere Programme MaB (UNESCO) \u00a0and the Spanish Biosphere Reserve Network What is the Spanish Biosphere Reserve\u2019s Tourism Product Club? Sustainable tourism. Lanzarote. 1995. Biodiversity in Lanzarote\u2019s Biosphere Reserve Heritage of Lanzarote\u2019s Biosphere Reserve Geology of Lanzarote\u2019s BR. Lanzarote and Chinijo Islands Geopark Educaci\u00f3n en la Reserva de la Biosfera Lanzarote\" \/>\n<meta property=\"og:url\" content=\"https:\/\/ecoturismo.lanzarotebiosfera.org\/videos\/\" \/>\n<meta property=\"og:site_name\" content=\"Club Producto Tur\u00edstico\" \/>\n<meta property=\"article:modified_time\" content=\"2018-08-10T09:37:52+00:00\" \/>\n<meta name=\"twitter:card\" content=\"summary_large_image\" \/>\n<meta name=\"twitter:label1\" content=\"Est. reading time\" \/>\n\t<meta name=\"twitter:data1\" content=\"4 minutes\" \/>\n<script type=\"application\/ld+json\" class=\"yoast-schema-graph\">{\"@context\":\"https:\/\/schema.org\",\"@graph\":[{\"@type\":\"WebSite\",\"@id\":\"https:\/\/ecoturismo.lanzarotebiosfera.org\/#website\",\"url\":\"https:\/\/ecoturismo.lanzarotebiosfera.org\/\",\"name\":\"Club Producto Tur\u00edstico\",\"description\":\"Lanzarote Reserva de la Biosfera\",\"potentialAction\":[{\"@type\":\"SearchAction\",\"target\":{\"@type\":\"EntryPoint\",\"urlTemplate\":\"https:\/\/ecoturismo.lanzarotebiosfera.org\/?s={search_term_string}\"},\"query-input\":\"required name=search_term_string\"}],\"inLanguage\":\"en-US\"},{\"@type\":\"WebPage\",\"@id\":\"https:\/\/ecoturismo.lanzarotebiosfera.org\/videos\/#webpage\",\"url\":\"https:\/\/ecoturismo.lanzarotebiosfera.org\/videos\/\",\"name\":\"[:es]V\u00eddeos[:en]Videos[:de]Videogalerie[:fr]Vid\u00e9os[:] - Club Producto Tur\u00edstico\",\"isPartOf\":{\"@id\":\"https:\/\/ecoturismo.lanzarotebiosfera.org\/#website\"},\"datePublished\":\"2015-08-05T09:02:42+00:00\",\"dateModified\":\"2018-08-10T09:37:52+00:00\",\"breadcrumb\":{\"@id\":\"https:\/\/ecoturismo.lanzarotebiosfera.org\/videos\/#breadcrumb\"},\"inLanguage\":\"en-US\",\"potentialAction\":[{\"@type\":\"ReadAction\",\"target\":[\"https:\/\/ecoturismo.lanzarotebiosfera.org\/videos\/\"]}]},{\"@type\":\"BreadcrumbList\",\"@id\":\"https:\/\/ecoturismo.lanzarotebiosfera.org\/videos\/#breadcrumb\",\"itemListElement\":[{\"@type\":\"ListItem\",\"position\":1,\"name\":\"Portada\",\"item\":\"https:\/\/ecoturismo.lanzarotebiosfera.org\/\"},{\"@type\":\"ListItem\",\"position\":2,\"name\":\"V\u00eddeos\"}]}]}<\/script>\n<!-- \/ Yoast SEO plugin. -->","yoast_head_json":{"title":"[:es]V\u00eddeos[:en]Videos[:de]Videogalerie[:fr]Vid\u00e9os[:] - Club Producto Tur\u00edstico","robots":{"index":"index","follow":"follow","max-snippet":"max-snippet:-1","max-image-preview":"max-image-preview:large","max-video-preview":"max-video-preview:-1"},"canonical":"https:\/\/ecoturismo.lanzarotebiosfera.org\/videos\/","og_locale":"en_US","og_type":"article","og_title":"[:es]V\u00eddeos[:en]Videos[:de]Videogalerie[:fr]Vid\u00e9os[:] - Club Producto Tur\u00edstico","og_description":"Man and the Biosphere Programme MaB (UNESCO) \u00a0and the Spanish Biosphere Reserve Network What is the Spanish Biosphere Reserve\u2019s Tourism Product Club? Sustainable tourism. Lanzarote. 1995. Biodiversity in Lanzarote\u2019s Biosphere Reserve Heritage of Lanzarote\u2019s Biosphere Reserve Geology of Lanzarote\u2019s BR. Lanzarote and Chinijo Islands Geopark Educaci\u00f3n en la Reserva de la Biosfera Lanzarote","og_url":"https:\/\/ecoturismo.lanzarotebiosfera.org\/videos\/","og_site_name":"Club Producto Tur\u00edstico","article_modified_time":"2018-08-10T09:37:52+00:00","twitter_card":"summary_large_image","twitter_misc":{"Est. reading time":"4 minutes"},"schema":{"@context":"https:\/\/schema.org","@graph":[{"@type":"WebSite","@id":"https:\/\/ecoturismo.lanzarotebiosfera.org\/#website","url":"https:\/\/ecoturismo.lanzarotebiosfera.org\/","name":"Club Producto Tur\u00edstico","description":"Lanzarote Reserva de la Biosfera","potentialAction":[{"@type":"SearchAction","target":{"@type":"EntryPoint","urlTemplate":"https:\/\/ecoturismo.lanzarotebiosfera.org\/?s={search_term_string}"},"query-input":"required name=search_term_string"}],"inLanguage":"en-US"},{"@type":"WebPage","@id":"https:\/\/ecoturismo.lanzarotebiosfera.org\/videos\/#webpage","url":"https:\/\/ecoturismo.lanzarotebiosfera.org\/videos\/","name":"[:es]V\u00eddeos[:en]Videos[:de]Videogalerie[:fr]Vid\u00e9os[:] - Club Producto Tur\u00edstico","isPartOf":{"@id":"https:\/\/ecoturismo.lanzarotebiosfera.org\/#website"},"datePublished":"2015-08-05T09:02:42+00:00","dateModified":"2018-08-10T09:37:52+00:00","breadcrumb":{"@id":"https:\/\/ecoturismo.lanzarotebiosfera.org\/videos\/#breadcrumb"},"inLanguage":"en-US","potentialAction":[{"@type":"ReadAction","target":["https:\/\/ecoturismo.lanzarotebiosfera.org\/videos\/"]}]},{"@type":"BreadcrumbList","@id":"https:\/\/ecoturismo.lanzarotebiosfera.org\/videos\/#breadcrumb","itemListElement":[{"@type":"ListItem","position":1,"name":"Portada","item":"https:\/\/ecoturismo.lanzarotebiosfera.org\/"},{"@type":"ListItem","position":2,"name":"V\u00eddeos"}]}]}},"_links":{"self":[{"href":"https:\/\/ecoturismo.lanzarotebiosfera.org\/en\/wp-json\/wp\/v2\/pages\/24"}],"collection":[{"href":"https:\/\/ecoturismo.lanzarotebiosfera.org\/en\/wp-json\/wp\/v2\/pages"}],"about":[{"href":"https:\/\/ecoturismo.lanzarotebiosfera.org\/en\/wp-json\/wp\/v2\/types\/page"}],"author":[{"embeddable":true,"href":"https:\/\/ecoturismo.lanzarotebiosfera.org\/en\/wp-json\/wp\/v2\/users\/1"}],"replies":[{"embeddable":true,"href":"https:\/\/ecoturismo.lanzarotebiosfera.org\/en\/wp-json\/wp\/v2\/comments?post=24"}],"version-history":[{"count":17,"href":"https:\/\/ecoturismo.lanzarotebiosfera.org\/en\/wp-json\/wp\/v2\/pages\/24\/revisions"}],"predecessor-version":[{"id":1723,"href":"https:\/\/ecoturismo.lanzarotebiosfera.org\/en\/wp-json\/wp\/v2\/pages\/24\/revisions\/1723"}],"wp:attachment":[{"href":"https:\/\/ecoturismo.lanzarotebiosfera.org\/en\/wp-json\/wp\/v2\/media?parent=24"}],"curies":[{"name":"wp","href":"https:\/\/api.w.org\/{rel}","templated":true}]}}