{"id":117,"date":"2015-08-11T10:07:13","date_gmt":"2015-08-11T10:07:13","guid":{"rendered":"https:\/\/ecoturismo.lanzarotebiosfera.org\/?page_id=117"},"modified":"2020-10-20T07:08:58","modified_gmt":"2020-10-20T07:08:58","slug":"biblioteca","status":"publish","type":"page","link":"https:\/\/ecoturismo.lanzarotebiosfera.org\/fr\/biblioteca\/","title":{"rendered":"Biblioth\u00e8que"},"content":{"rendered":"[vc_row][vc_column][vc_column_text]\n<p style=\"text-align: justify;\">Afin de tenir \u00e0 jour les entreprises du Club et leurs clients sur les sujets li\u00e9s \u00e0 l\u2019\u00c9cotourisme dans la R\u00e9serve de Biosph\u00e8re de Lanzarote ou autres, nous partageons les suivants liens et documents d\u2019int\u00e9r\u00eat<\/p>\n[\/vc_column_text][\/vc_column][\/vc_row][vc_row][vc_column width=\u00a0\u00bb1\/2&Prime;][vc_column_text]<b> Livres, magazines et brochures:<\/b><\/p>\n<p><strong>BIODIVERSIT\u00c9<\/strong><\/p>\n<ul>\n<li style=\"text-align: justify;\"><a href=\"http:\/\/www.datosdelanzarote.com\/Uploads\/doc\/Lista-de-especies-silvestres-de-Canarias-2009-20160314141658375Lista_Especies_Silvestres.pdf\" target=\"_blank\" rel=\"noopener noreferrer\"> Liste des esp\u00e8ces sauvages des \u00eeles Canaries<\/a>. <\/li>\n<li><a href=\"http:\/\/www.lanzarotebiosfera.org\/wp-content\/uploads\/plantas_autoctonas_lanzarote_web.pdf\" target=\"_blank\" rel=\"noopener noreferrer\">Las plantas aut\u00f3ctonas de Lanzarote. Su uso en jardiner\u00eda.<\/a>\u00a0 Reserva de la Biosfera de Lanzarote, 2007<\/li>\n<li style=\"text-align: justify;\"><a href=\"http:\/\/www.datosdelanzarote.com\/Uploads\/doc\/Gu%C3%ADa-bot%C3%A1nica-del-Aeropuerto-de-Lanzarote-20160330105153818Gu%C3%ADa-Bot%C3%A1nica%E2%80%A6Lanzarote-web_MENOR.pdf\" target=\"_blank\" rel=\"noopener noreferrer\">Guide botanique de l\u2019A\u00e9roport de Lanzarote<\/a><\/li>\n<li style=\"text-align: justify;\"><a href=\"http:\/\/auladenaturalezademaguez.com\/cuadernillo-flora-y-fauna-de-lanzarote\/#\" target=\"_blank\" rel=\"noopener noreferrer\">Brochure Flore et Faune de Lanzarote<\/a><\/li>\n<li style=\"text-align: justify;\"><a href=\"http:\/\/www.memoriadelanzarote.com\/contenidos\/20110822103900AVES-Y-PLANTAS-PELIGRO-DE-EXTINCION.pdf\" target=\"_blank\" rel=\"noopener noreferrer\">Oiseaux et plantes de Lanzarote en danger d\u2019extinction<\/a><\/li>\n<li style=\"text-align: justify;\"><a href=\"https:\/\/ecoturismo.lanzarotebiosfera.org\/wp-content\/uploads\/2015\/08\/MBP-Plantas-invasoras.pdf\">Manuel de Bonne Pratiques dans l\u2019utilisation de la flore exotique aux Canaries. Miniguide to the Birds of Spain.<\/a><\/li>\n<li style=\"text-align: justify;\"><a href=\"https:\/\/ecoturismo.lanzarotebiosfera.org\/wp-content\/uploads\/2015\/08\/Miniguia-100-BIRDS-100-reasons-to-visit-Spain-OK.pdf\">Miniguide to the Birds of Spain<\/a>. SEO BirdLife. 2013.<\/li>\n<li style=\"text-align: justify;\"><a href=\"http:\/\/www.geoparquelanzarote.org\/wp-content\/uploads\/2016\/01\/Guia-interpretativa-ecosistemas-anquialinos-ES.pdf\" target=\"_blank\" rel=\"noopener noreferrer\"> Guide Interpr\u00e9tatif des \u00e9cosyst\u00e8mes d\u2019anchialines des Jameos del Agua et du T\u00fanel de la Atl\u00e1ntida.<\/a><\/li>\n<\/ul>\n<p><strong>AGRICULTURE<\/strong><\/p>\n<ul>\n<li style=\"text-align: justify;\"><a href=\"http:\/\/www.memoriadelanzarote.com\/contenidos\/20140729093300cultivos_tradicionales_lanzarote.pdf\" target=\"_blank\" rel=\"noopener noreferrer\">Les cultures traditionnelles de l\u2019\u00eele de Lanzarote. Les C\u00e9r\u00e9ales\u00a0: Diversit\u00e9 et \u00c9cologie.<\/a><\/li>\n<li style=\"text-align: justify;\"><a href=\"\/wp-content\/uploads\/2015\/08\/Papas-antiguas-de-Lanzarote.pdf\" target=\"_blank\" rel=\"noopener noreferrer\">Les pommes de terre anciennes de Lanzarote. Caract\u00e9risation Morphologique de Base.<\/a><\/li>\n<li style=\"text-align: justify;\"><a href=\"http:\/\/vegadeyuco.es\/descargas\/licores.pdf\" target=\"_blank\" rel=\"noopener noreferrer\">Les liqueurs traditionnelles de Lanzarote.<br \/>\n<\/a>.\u00a0<em>Giovanni Lemes Pacheco<\/em>.<\/li>\n<li><a href=\"http:\/\/www.datosdelanzarote.com\/itemDetalles.asp?idFamilia=11&amp;idItem=7530\">Los cultivos tradicionales en la isla de Lanzarote (Reedici\u00f3n)<\/a>. Jaime Gil Gonz\u00e1lez. <a href=\"https:\/\/es-es.facebook.com\/Patrimonio-Historico-de-Lanzarote-436097549880741\/\">Servicio de Patrimonio Hist\u00f3rico del Cabildo de Lanzarote<\/a>. 2014.<\/li>\n<\/ul>\n<p><strong>PATRIMONIO<\/strong><\/p>\n<ul>\n<li><a href=\"https:\/\/s3-eu-west-1.amazonaws.com\/ayuntamiento.teguise\/wp-content\/uploads\/2015\/09\/teguise-conjunto-historico-artistico.pdf\">Gu\u00eda de Patrimonio de Teguise<\/a>.\u00a0 Conjunto Hist\u00f3rico &#8211; Art\u00edstico 1985. Publicaci\u00f3n del Ayuntamiento de Teguise. 2007.<\/li>\n<li><a href=\"http:\/\/www.datosdelanzarote.com\/Uploads\/doc\/La-cultura-del-agua-en-Lanzarote-20170118141654869cultura-del-agua-lanzarote.pdf\" target=\"_blank\" rel=\"noopener noreferrer\">La Cultura del Agua en Lanzarote<\/a>.<br \/>\n<em>VV.AA. 2006.<\/em><\/li>\n<li><a href=\"http:\/\/www.memoriadelanzarote.com\/contenidos\/20090316142728vern%C3%A1cula.pdf\" target=\"_blank\" rel=\"noopener noreferrer\">La Arquitectura Vern\u00e1cula de Lanzarote y su Funcionalidad Social<\/a>.<br \/>\n<em>Demelza D\u00edaz y Manuel A. Fajardo.<\/em><\/li>\n<\/ul>\n<p><strong>TERRITOIRE<\/strong><\/p>\n<ul>\n<li><a href=\"http:\/\/www.cabildodelanzarote.com\/Uploads\/doc\/20130910101222473.pdf\" target=\"_blank\" rel=\"noopener noreferrer\">Feuilles de territoire<\/a><em>Cabildo de Lanzarote<\/em><\/li>\n<li><a href=\"http:\/\/www.iehcan.com\/wp-content\/uploads\/2015\/12\/Libro-JTB-2015-para-web.pdf\" target=\"_blank\" rel=\"noopener noreferrer\">Lanzarote, la nature entre de volcans<br \/>\n<\/a><br \/>\n<em>VV.AA. 2015<\/em><\/li>\n<li><a href=\"http:\/\/www.reservasmarinas.net\/eventos\/pdf\/silvia_gonzalez.pdf\" target=\"_blank\" rel=\"noopener noreferrer\">R\u00e9serve Marine de l\u2019\u00eele de La Graciosa et les \u00eelots du Nord de Lanzarote<\/a>.<\/li>\n<li><a href=\"http:\/\/www.turismolanzarote.com\/buceo\/guia_lanzaroteideal_af.pdf\" target=\"_blank\" rel=\"noopener noreferrer\">Guide de plong\u00e9e de Lanzarote<\/a>.<br \/>\n<em>Arturo Boyra, Cristina Fern\u00e1ndez-Gil y Carlos Su\u00e1rez. 2011.<\/em><\/li>\n<li><a href=\"http:\/\/auladenaturalezademaguez.com\/senderos-interpretativos-2\/\" target=\"_blank\" rel=\"noopener noreferrer\">Guide de piste de chemins d\u2019interpr\u00e9tation<\/a>. <em>Aula de la Naturaleza de M\u00e1guez. Cabildo de Lanzarote.<\/em><\/li>\n<\/ul>\n<p><strong>TOURISME<\/strong><\/p>\n<ul>\n<li style=\"text-align: justify;\"><a href=\"\/wp-content\/uploads\/2015\/08\/DEC\u00c1LOGO-TURISTA-EXCELENTE-RB-ESPA\u00d1OL.pdf\">D\u00e9calogue de l\u2019excellent touriste avec la RB Lanzarote<\/a>.<\/li>\n<li style=\"text-align: justify;\"><a href=\"\/wp-content\/uploads\/2015\/08\/DEC\u00c1LOGO-TURISTA-EXCELENTE-RB-INGL\u00c9S.pdf\"> Lanzarote Biosphere Reserve\u00a0: How to be an excellent visitor.<\/a><\/li>\n<li style=\"text-align: justify;\"><a href=\"\/wp-content\/uploads\/2015\/08\/El-cultivo-del-vi\u00f1edo-como-recurso-tur\u00edstico-cultural-La-Geria.pdf\"> La culture du vignoble en tant que ressource touristique culturelle\u00a0: le cas de La Geria (Lanzarote. \u00celes Canaries, Espagne).<\/a><\/li>\n<li style=\"text-align: justify;\"><a href=\"http:\/\/www.aderlan.org\/downloads\/actividades%20y%20publicaciones\/Lanzarote%20Rural-Gu%C3%ADa%20de%20Recursos%20Tur%C3%ADsticos.pdf\" target=\"_blank\" rel=\"noopener noreferrer\">Lanzarote Rural. Guide des ressources touristiques.<\/a><\/li>\n<\/ul>\n[\/vc_column_text][\/vc_column][vc_column width=\u00a0\u00bb1\/2&Prime;][vc_column_text]<b>Webs et Blogs<\/b><\/p>\n<ul>\n<li>Web <a href=\"http:\/\/www.geoparquelanzarote.org\/\" target=\"_blank\" rel=\"noopener noreferrer\">Geoparque Lanzarote y Archipi\u00e9lago Chinijo<\/a><\/li>\n<li>Web <a href=\"http:\/\/www.turismolanzarote.com\/\" target=\"_blank\" rel=\"noopener noreferrer\">Turismo Lanzarote<\/a><\/li>\n<li>Web <a href=\"http:\/\/www.centrosturisticos.com\/centros\/CENTROS\/published_es\/DEFAULT\/index.html\" target=\"_blank\" rel=\"noopener noreferrer\">Centros de Arte, Cultura y Turismo de Lanzarote<\/a><\/li>\n<li><a href=\"http:\/\/www.aderlan.org\/\">Asociaci\u00f3n para el Desarrollo Rural y Pesquero de Lanzarote<\/a> (ADERLAN).<\/li>\n<li><a href=\"http:\/\/www.gobiernodecanarias.org\/cmayot\/espaciosnaturales\/instrumentos\/lanz_descarga.html\" target=\"_blank\" rel=\"noopener noreferrer\">Red Canaria de Espacios Naturales Protegidos<\/a> &#8211; Lanzarote<\/li>\n<li><a href=\"http:\/\/www.biodiversidadcanarias.es\/atlantis\/common\/index.jsf\" target=\"_blank\" rel=\"noopener noreferrer\">Banco de Datos de la Biodiversidad de Canarias<\/a><\/li>\n<li><a href=\"http:\/\/www.floralanzarote.com\/\" target=\"_blank\" rel=\"noopener noreferrer\">Flora y Vegetaci\u00f3n de Lanzarote<\/a><\/li>\n<li><a href=\"http:\/\/www.floradecanarias.com\/\" target=\"_blank\" rel=\"noopener noreferrer\">Flora Vascular de Canarias<\/a><\/li>\n<li><a href=\"http:\/\/atlasdesemillasdecanarias.org\/index.php\" target=\"_blank\" rel=\"noopener noreferrer\">Atlas digital de semillas de Canarias<\/a><\/li>\n<li><a href=\"http:\/\/birdinglanzarote.blogspot.com.es\/\" target=\"_blank\" rel=\"noopener noreferrer\">Aves en Lanzarote<\/a><\/li>\n<li><a href=\"http:\/\/blog.birdingcanarias.com\/\" target=\"_blank\" rel=\"noopener noreferrer\">Birding Canarias<\/a><\/li>\n<li><a href=\"http:\/\/www.webs.ulpgc.es\/toplanzarote\/\" target=\"_blank\" rel=\"noopener noreferrer\">Toponimia de Lanzarote<\/a><\/li>\n<li><a href=\"http:\/\/www.gobiernodecanarias.org\/educacion\/culturacanaria\/juegos\/juegos.htm\">Juegos tradicionales\u00a0<\/a><\/li>\n<\/ul>\n[\/vc_column_text][vc_column_text]<b>R\u00e9seaux sociaux:<\/b><\/p>\n<ul>\n<li><a href=\"https:\/\/www.facebook.com\/reservadelabiosferadelanzarote\/\" target=\"_blank\" rel=\"noopener noreferrer\">Reserva de la Biosfera de Lanzarote<\/a>. Cabildo de Lanzarote.<\/li>\n<li><a href=\"https:\/\/www.facebook.com\/Agrolanzarote\/?fref=ts\" target=\"_blank\" rel=\"noopener noreferrer\">Agrolanzarote<\/a>. Servicio Insular Agrario. Cabildo de Lanzarote.<\/li>\n<li><a href=\"https:\/\/www.facebook.com\/Patrimonio-Historico-de-Lanzarote-436097549880741\/?fref=ts\" target=\"_blank\" rel=\"noopener noreferrer\">Servicio Patrimonio Hist\u00f3rico<\/a>. Cabildo de Lanzarote.<\/li>\n<li><a href=\"https:\/\/www.facebook.com\/MemoriaDeLanzarote\/\" target=\"_blank\" rel=\"noopener noreferrer\">Memoria Digital de Lanzarote<\/a>. Cabildo de Lanzarote.<\/li>\n<li><a href=\"https:\/\/www.facebook.com\/ProyectoGeoparqueLanzaroteLanzaroteGeoparkProject\/\" target=\"_blank\" rel=\"noopener noreferrer\">Geoparque Mundial Unesco de Lanzarote y Archipi\u00e9lago Chinijo<\/a>. Cabildo de Lanzarote.<\/li>\n<li><a href=\"https:\/\/www.facebook.com\/TurismoLanzarote\" target=\"_blank\" rel=\"noopener noreferrer\">Turismo Lanzarote<\/a>. Cabildo de Lanzarote.<\/li>\n<li><a href=\"https:\/\/www.facebook.com\/SaboreaLanzarote\/?fref=ts\" target=\"_blank\" rel=\"noopener noreferrer\">Saborea Lanzarote<\/a>. Cabildo de Lanzarote.<\/li>\n<\/ul>\n<p>&nbsp;<\/p>\n[\/vc_column_text][\/vc_column][\/vc_row][vc_row][vc_column][vc_column_text]\n<p><strong>Bulletins et publications<\/strong><\/p>\n[\/vc_column_text][vc_basic_grid post_type=\u00a0\u00bbpost\u00a0\u00bb max_items=\u00a0\u00bb10&Prime; grid_id=\u00a0\u00bbvc_gid:1512482654172-d97d49a9-d33f-5&Prime; taxonomies=\u00a0\u00bb3&Prime;][\/vc_column][\/vc_row][vc_row][vc_column][vc_column_text]\n[\/vc_column_text][\/vc_column][\/vc_row]","protected":false},"excerpt":{"rendered":"<p>[vc_row][vc_column][vc_column_text] Afin de tenir \u00e0 jour les entreprises du Club et leurs clients sur les sujets li\u00e9s \u00e0 l\u2019\u00c9cotourisme dans la R\u00e9serve de Biosph\u00e8re de Lanzarote ou autres, nous partageons les suivants liens et documents d\u2019int\u00e9r\u00eat [\/vc_column_text][\/vc_column][\/vc_row][vc_row][vc_column width=\u00a0\u00bb1\/2&Prime;][vc_column_text] Livres, magazines et brochures: BIODIVERSIT\u00c9 Liste des esp\u00e8ces sauvages des \u00eeles Canaries. Las plantas aut\u00f3ctonas de Lanzarote. [&hellip;]<\/p>\n","protected":false},"author":2,"featured_media":1690,"parent":0,"menu_order":0,"comment_status":"open","ping_status":"open","template":"","meta":[],"yoast_head":"<!-- This site is optimized with the Yoast SEO plugin v18.2 - https:\/\/yoast.com\/wordpress\/plugins\/seo\/ -->\n<title>Biblioth\u00e8que - Club Producto Tur\u00edstico<\/title>\n<meta name=\"robots\" content=\"index, follow, max-snippet:-1, max-image-preview:large, max-video-preview:-1\" \/>\n<link rel=\"canonical\" href=\"https:\/\/ecoturismo.lanzarotebiosfera.org\/biblioteca\/\" \/>\n<meta property=\"og:locale\" content=\"fr_FR\" \/>\n<meta property=\"og:type\" content=\"article\" \/>\n<meta property=\"og:title\" content=\"[:es]Biblioteca[:en]Library[:de]Bibliothek[:fr]Biblioth\u00e8que[:] - Club Producto Tur\u00edstico\" \/>\n<meta property=\"og:description\" content=\"[vc_row][vc_column][vc_column_text] Afin de tenir \u00e0 jour les entreprises du Club et leurs clients sur les sujets li\u00e9s \u00e0 l\u2019\u00c9cotourisme dans la R\u00e9serve de Biosph\u00e8re de Lanzarote ou autres, nous partageons les suivants liens et documents d\u2019int\u00e9r\u00eat [\/vc_column_text][\/vc_column][\/vc_row][vc_row][vc_column width=\u00a0\u00bb1\/2&Prime;][vc_column_text] Livres, magazines et brochures: BIODIVERSIT\u00c9 Liste des esp\u00e8ces sauvages des \u00eeles Canaries. Las plantas aut\u00f3ctonas de Lanzarote. [&hellip;]\" \/>\n<meta property=\"og:url\" content=\"https:\/\/ecoturismo.lanzarotebiosfera.org\/biblioteca\/\" \/>\n<meta property=\"og:site_name\" content=\"Club Producto Tur\u00edstico\" \/>\n<meta property=\"article:modified_time\" content=\"2020-10-20T07:08:58+00:00\" \/>\n<meta property=\"og:image\" content=\"https:\/\/ecoturismo.lanzarotebiosfera.org\/wp-content\/uploads\/2018\/08\/Marca_Revivir-Lanzarote-13-1.png\" \/>\n\t<meta property=\"og:image:width\" content=\"3508\" \/>\n\t<meta property=\"og:image:height\" content=\"2480\" \/>\n\t<meta property=\"og:image:type\" content=\"image\/png\" \/>\n<meta name=\"twitter:card\" content=\"summary_large_image\" \/>\n<meta name=\"twitter:label1\" content=\"Dur\u00e9e de lecture estim\u00e9e\" \/>\n\t<meta name=\"twitter:data1\" content=\"13 minutes\" \/>\n<script type=\"application\/ld+json\" class=\"yoast-schema-graph\">{\"@context\":\"https:\/\/schema.org\",\"@graph\":[{\"@type\":\"WebSite\",\"@id\":\"https:\/\/ecoturismo.lanzarotebiosfera.org\/#website\",\"url\":\"https:\/\/ecoturismo.lanzarotebiosfera.org\/\",\"name\":\"Club Producto Tur\u00edstico\",\"description\":\"Lanzarote Reserva de la Biosfera\",\"potentialAction\":[{\"@type\":\"SearchAction\",\"target\":{\"@type\":\"EntryPoint\",\"urlTemplate\":\"https:\/\/ecoturismo.lanzarotebiosfera.org\/?s={search_term_string}\"},\"query-input\":\"required name=search_term_string\"}],\"inLanguage\":\"fr-FR\"},{\"@type\":\"ImageObject\",\"@id\":\"https:\/\/ecoturismo.lanzarotebiosfera.org\/biblioteca\/#primaryimage\",\"inLanguage\":\"fr-FR\",\"url\":\"https:\/\/ecoturismo.lanzarotebiosfera.org\/wp-content\/uploads\/2018\/08\/Marca_Revivir-Lanzarote-13-1.png\",\"contentUrl\":\"https:\/\/ecoturismo.lanzarotebiosfera.org\/wp-content\/uploads\/2018\/08\/Marca_Revivir-Lanzarote-13-1.png\",\"width\":3508,\"height\":2480},{\"@type\":\"WebPage\",\"@id\":\"https:\/\/ecoturismo.lanzarotebiosfera.org\/biblioteca\/#webpage\",\"url\":\"https:\/\/ecoturismo.lanzarotebiosfera.org\/biblioteca\/\",\"name\":\"[:es]Biblioteca[:en]Library[:de]Bibliothek[:fr]Biblioth\u00e8que[:] - Club Producto Tur\u00edstico\",\"isPartOf\":{\"@id\":\"https:\/\/ecoturismo.lanzarotebiosfera.org\/#website\"},\"primaryImageOfPage\":{\"@id\":\"https:\/\/ecoturismo.lanzarotebiosfera.org\/biblioteca\/#primaryimage\"},\"datePublished\":\"2015-08-11T10:07:13+00:00\",\"dateModified\":\"2020-10-20T07:08:58+00:00\",\"breadcrumb\":{\"@id\":\"https:\/\/ecoturismo.lanzarotebiosfera.org\/biblioteca\/#breadcrumb\"},\"inLanguage\":\"fr-FR\",\"potentialAction\":[{\"@type\":\"ReadAction\",\"target\":[\"https:\/\/ecoturismo.lanzarotebiosfera.org\/biblioteca\/\"]}]},{\"@type\":\"BreadcrumbList\",\"@id\":\"https:\/\/ecoturismo.lanzarotebiosfera.org\/biblioteca\/#breadcrumb\",\"itemListElement\":[{\"@type\":\"ListItem\",\"position\":1,\"name\":\"Portada\",\"item\":\"https:\/\/ecoturismo.lanzarotebiosfera.org\/\"},{\"@type\":\"ListItem\",\"position\":2,\"name\":\"Biblioteca\"}]}]}<\/script>\n<!-- \/ Yoast SEO plugin. -->","yoast_head_json":{"title":"[:es]Biblioteca[:en]Library[:de]Bibliothek[:fr]Biblioth\u00e8que[:] - Club Producto Tur\u00edstico","robots":{"index":"index","follow":"follow","max-snippet":"max-snippet:-1","max-image-preview":"max-image-preview:large","max-video-preview":"max-video-preview:-1"},"canonical":"https:\/\/ecoturismo.lanzarotebiosfera.org\/biblioteca\/","og_locale":"fr_FR","og_type":"article","og_title":"[:es]Biblioteca[:en]Library[:de]Bibliothek[:fr]Biblioth\u00e8que[:] - Club Producto Tur\u00edstico","og_description":"[vc_row][vc_column][vc_column_text] Afin de tenir \u00e0 jour les entreprises du Club et leurs clients sur les sujets li\u00e9s \u00e0 l\u2019\u00c9cotourisme dans la R\u00e9serve de Biosph\u00e8re de Lanzarote ou autres, nous partageons les suivants liens et documents d\u2019int\u00e9r\u00eat [\/vc_column_text][\/vc_column][\/vc_row][vc_row][vc_column width=\u00a0\u00bb1\/2&Prime;][vc_column_text] Livres, magazines et brochures: BIODIVERSIT\u00c9 Liste des esp\u00e8ces sauvages des \u00eeles Canaries. Las plantas aut\u00f3ctonas de Lanzarote. [&hellip;]","og_url":"https:\/\/ecoturismo.lanzarotebiosfera.org\/biblioteca\/","og_site_name":"Club Producto Tur\u00edstico","article_modified_time":"2020-10-20T07:08:58+00:00","og_image":[{"width":3508,"height":2480,"url":"https:\/\/ecoturismo.lanzarotebiosfera.org\/wp-content\/uploads\/2018\/08\/Marca_Revivir-Lanzarote-13-1.png","type":"image\/png"}],"twitter_card":"summary_large_image","twitter_misc":{"Dur\u00e9e de lecture estim\u00e9e":"13 minutes"},"schema":{"@context":"https:\/\/schema.org","@graph":[{"@type":"WebSite","@id":"https:\/\/ecoturismo.lanzarotebiosfera.org\/#website","url":"https:\/\/ecoturismo.lanzarotebiosfera.org\/","name":"Club Producto Tur\u00edstico","description":"Lanzarote Reserva de la Biosfera","potentialAction":[{"@type":"SearchAction","target":{"@type":"EntryPoint","urlTemplate":"https:\/\/ecoturismo.lanzarotebiosfera.org\/?s={search_term_string}"},"query-input":"required name=search_term_string"}],"inLanguage":"fr-FR"},{"@type":"ImageObject","@id":"https:\/\/ecoturismo.lanzarotebiosfera.org\/biblioteca\/#primaryimage","inLanguage":"fr-FR","url":"https:\/\/ecoturismo.lanzarotebiosfera.org\/wp-content\/uploads\/2018\/08\/Marca_Revivir-Lanzarote-13-1.png","contentUrl":"https:\/\/ecoturismo.lanzarotebiosfera.org\/wp-content\/uploads\/2018\/08\/Marca_Revivir-Lanzarote-13-1.png","width":3508,"height":2480},{"@type":"WebPage","@id":"https:\/\/ecoturismo.lanzarotebiosfera.org\/biblioteca\/#webpage","url":"https:\/\/ecoturismo.lanzarotebiosfera.org\/biblioteca\/","name":"[:es]Biblioteca[:en]Library[:de]Bibliothek[:fr]Biblioth\u00e8que[:] - Club Producto Tur\u00edstico","isPartOf":{"@id":"https:\/\/ecoturismo.lanzarotebiosfera.org\/#website"},"primaryImageOfPage":{"@id":"https:\/\/ecoturismo.lanzarotebiosfera.org\/biblioteca\/#primaryimage"},"datePublished":"2015-08-11T10:07:13+00:00","dateModified":"2020-10-20T07:08:58+00:00","breadcrumb":{"@id":"https:\/\/ecoturismo.lanzarotebiosfera.org\/biblioteca\/#breadcrumb"},"inLanguage":"fr-FR","potentialAction":[{"@type":"ReadAction","target":["https:\/\/ecoturismo.lanzarotebiosfera.org\/biblioteca\/"]}]},{"@type":"BreadcrumbList","@id":"https:\/\/ecoturismo.lanzarotebiosfera.org\/biblioteca\/#breadcrumb","itemListElement":[{"@type":"ListItem","position":1,"name":"Portada","item":"https:\/\/ecoturismo.lanzarotebiosfera.org\/"},{"@type":"ListItem","position":2,"name":"Biblioteca"}]}]}},"_links":{"self":[{"href":"https:\/\/ecoturismo.lanzarotebiosfera.org\/fr\/wp-json\/wp\/v2\/pages\/117"}],"collection":[{"href":"https:\/\/ecoturismo.lanzarotebiosfera.org\/fr\/wp-json\/wp\/v2\/pages"}],"about":[{"href":"https:\/\/ecoturismo.lanzarotebiosfera.org\/fr\/wp-json\/wp\/v2\/types\/page"}],"author":[{"embeddable":true,"href":"https:\/\/ecoturismo.lanzarotebiosfera.org\/fr\/wp-json\/wp\/v2\/users\/2"}],"replies":[{"embeddable":true,"href":"https:\/\/ecoturismo.lanzarotebiosfera.org\/fr\/wp-json\/wp\/v2\/comments?post=117"}],"version-history":[{"count":79,"href":"https:\/\/ecoturismo.lanzarotebiosfera.org\/fr\/wp-json\/wp\/v2\/pages\/117\/revisions"}],"predecessor-version":[{"id":2406,"href":"https:\/\/ecoturismo.lanzarotebiosfera.org\/fr\/wp-json\/wp\/v2\/pages\/117\/revisions\/2406"}],"wp:featuredmedia":[{"embeddable":true,"href":"https:\/\/ecoturismo.lanzarotebiosfera.org\/fr\/wp-json\/wp\/v2\/media\/1690"}],"wp:attachment":[{"href":"https:\/\/ecoturismo.lanzarotebiosfera.org\/fr\/wp-json\/wp\/v2\/media?parent=117"}],"curies":[{"name":"wp","href":"https:\/\/api.w.org\/{rel}","templated":true}]}}