{"id":120,"date":"2015-08-11T10:10:45","date_gmt":"2015-08-11T10:10:45","guid":{"rendered":"https:\/\/ecoturismo.lanzarotebiosfera.org\/?page_id=120"},"modified":"2021-05-12T11:59:03","modified_gmt":"2021-05-12T11:59:03","slug":"contactar","status":"publish","type":"page","link":"https:\/\/ecoturismo.lanzarotebiosfera.org\/fr\/contactar\/","title":{"rendered":"Contact"},"content":{"rendered":"[vc_row][vc_column][vc_row_inner][vc_column_inner width=\u00a0\u00bb1\/2&Prime;]<div class=\"alterna-service  center alterna-service-icon-bg\" ><div class=\"alterna-service-img-content\"><div class=\"alterna-service-icon btn-theme service-rotate-scale\"><i class=\"fa fa-phone\"><\/i><\/div><\/div><div class=\"alterna-service-content\"><h3 class=\"alterna-service-title\">T\u00e9l\u00e9phone<\/h3><div class=\"alterna-service-entry-content\">\n<h4><a href=\"tel:+34928810100,2340\">928 81 01 00\u00a0ext. 2340<\/a> <\/h4>\n<\/div><\/div><\/div>[vc_separator]<div class=\"alterna-service  center alterna-service-icon-bg\" ><div class=\"alterna-service-img-content\"><div class=\"alterna-service-icon deeppink service-rotate-scale\"><i class=\"fa fa-envelope\"><\/i><\/div><\/div><div class=\"alterna-service-content\"><h3 class=\"alterna-service-title\">Email<\/h3><div class=\"alterna-service-entry-content\">\n<h4>ecoturismo@lanzarotebiosfera.org<\/h4>\n<\/div><\/div><\/div>[vc_separator][\/vc_column_inner][vc_column_inner width=\u00a0\u00bb1\/2&Prime;][vc_column_text]\n<h3>Formulaire de Contact<\/h3>\n<div role=\"form\" class=\"wpcf7\" id=\"wpcf7-f2436-o4\" lang=\"fr-FR\" dir=\"ltr\">\n<div class=\"screen-reader-response\"><p role=\"status\" aria-live=\"polite\" aria-atomic=\"true\"><\/p> <ul><\/ul><\/div>\n<form action=\"\/fr\/wp-json\/wp\/v2\/pages\/120#wpcf7-f2436-o4\" method=\"post\" class=\"wpcf7-form init\" novalidate=\"novalidate\" data-status=\"init\">\n<div style=\"display: none;\">\n<input type=\"hidden\" name=\"_wpcf7\" value=\"2436\" \/>\n<input type=\"hidden\" name=\"_wpcf7_version\" value=\"5.5.6.1\" \/>\n<input type=\"hidden\" name=\"_wpcf7_locale\" value=\"fr_FR\" \/>\n<input type=\"hidden\" name=\"_wpcf7_unit_tag\" value=\"wpcf7-f2436-o4\" \/>\n<input type=\"hidden\" name=\"_wpcf7_container_post\" value=\"0\" \/>\n<input type=\"hidden\" name=\"_wpcf7_posted_data_hash\" value=\"\" \/>\n<input type=\"hidden\" name=\"_wpcf7_recaptcha_response\" value=\"\" \/>\n<\/div>\n<p><label> Votre nom (obligatoire)<br \/>\n    <span class=\"wpcf7-form-control-wrap your-name\"><input type=\"text\" name=\"your-name\" value=\"\" size=\"40\" class=\"wpcf7-form-control wpcf7-text wpcf7-validates-as-required\" aria-required=\"true\" aria-invalid=\"false\" \/><\/span> <\/label><\/p>\n<p><label> Votre adresse de messagerie (obligatoire)<br \/>\n    <span class=\"wpcf7-form-control-wrap your-email\"><input type=\"email\" name=\"your-email\" value=\"\" size=\"40\" class=\"wpcf7-form-control wpcf7-text wpcf7-email wpcf7-validates-as-required wpcf7-validates-as-email\" aria-required=\"true\" aria-invalid=\"false\" \/><\/span> <\/label><\/p>\n<p><label> Objet<br \/>\n    <span class=\"wpcf7-form-control-wrap your-subject\"><input type=\"text\" name=\"your-subject\" value=\"\" size=\"40\" class=\"wpcf7-form-control wpcf7-text\" aria-invalid=\"false\" \/><\/span> <\/label><\/p>\n<p><label> Votre message<br \/>\n    <span class=\"wpcf7-form-control-wrap your-message\"><textarea name=\"your-message\" cols=\"40\" rows=\"10\" class=\"wpcf7-form-control wpcf7-textarea\" aria-invalid=\"false\"><\/textarea><\/span> <\/label><\/p>\n<p><input type=\"submit\" value=\"Envoyer\" class=\"wpcf7-form-control has-spinner wpcf7-submit\" \/><\/p>\n<div class=\"wpcf7-response-output\" aria-hidden=\"true\"><\/div><\/form><\/div>\n[\/vc_column_text][\/vc_column_inner][\/vc_row_inner][\/vc_column][\/vc_row][vc_row][vc_column][vc_images_carousel images=\u00a0\u00bb159,158,157,156,155,154,153&Prime; img_size=\u00a0\u00bb800&#215;300&Prime; autoplay=\u00a0\u00bbyes\u00a0\u00bb hide_pagination_control=\u00a0\u00bbyes\u00a0\u00bb wrap=\u00a0\u00bbyes\u00a0\u00bb][\/vc_column][\/vc_row]","protected":false},"excerpt":{"rendered":"<p>[vc_row][vc_column][vc_row_inner][vc_column_inner width=\u00a0\u00bb1\/2&Prime;][vc_separator][vc_separator][\/vc_column_inner][vc_column_inner width=\u00a0\u00bb1\/2&Prime;][vc_column_text] Formulaire de Contact [\/vc_column_text][\/vc_column_inner][\/vc_row_inner][\/vc_column][\/vc_row][vc_row][vc_column][vc_images_carousel images=\u00a0\u00bb159,158,157,156,155,154,153&Prime; img_size=\u00a0\u00bb800&#215;300&Prime; autoplay=\u00a0\u00bbyes\u00a0\u00bb hide_pagination_control=\u00a0\u00bbyes\u00a0\u00bb wrap=\u00a0\u00bbyes\u00a0\u00bb][\/vc_column][\/vc_row]<\/p>\n","protected":false},"author":2,"featured_media":0,"parent":0,"menu_order":0,"comment_status":"open","ping_status":"open","template":"","meta":[],"yoast_head":"<!-- This site is optimized with the Yoast SEO plugin v18.2 - https:\/\/yoast.com\/wordpress\/plugins\/seo\/ -->\n<title>Contact - Club Producto Tur\u00edstico<\/title>\n<meta name=\"robots\" content=\"index, follow, max-snippet:-1, max-image-preview:large, max-video-preview:-1\" \/>\n<link rel=\"canonical\" href=\"https:\/\/ecoturismo.lanzarotebiosfera.org\/contactar\/\" \/>\n<meta property=\"og:locale\" content=\"fr_FR\" \/>\n<meta property=\"og:type\" content=\"article\" \/>\n<meta property=\"og:title\" content=\"[:es]Contactar[:en]Contact us[:de]Kontakt[:fr]Contact[:] - Club Producto Tur\u00edstico\" \/>\n<meta property=\"og:description\" content=\"[vc_row][vc_column][vc_row_inner][vc_column_inner width=\u00a0\u00bb1\/2&Prime;][vc_separator][vc_separator][\/vc_column_inner][vc_column_inner width=\u00a0\u00bb1\/2&Prime;][vc_column_text] Formulaire de Contact [\/vc_column_text][\/vc_column_inner][\/vc_row_inner][\/vc_column][\/vc_row][vc_row][vc_column][vc_images_carousel images=\u00a0\u00bb159,158,157,156,155,154,153&Prime; img_size=\u00a0\u00bb800&#215;300&Prime; autoplay=\u00a0\u00bbyes\u00a0\u00bb hide_pagination_control=\u00a0\u00bbyes\u00a0\u00bb wrap=\u00a0\u00bbyes\u00a0\u00bb][\/vc_column][\/vc_row]\" \/>\n<meta property=\"og:url\" content=\"https:\/\/ecoturismo.lanzarotebiosfera.org\/contactar\/\" \/>\n<meta property=\"og:site_name\" content=\"Club Producto Tur\u00edstico\" \/>\n<meta property=\"article:modified_time\" content=\"2021-05-12T11:59:03+00:00\" \/>\n<meta name=\"twitter:card\" content=\"summary_large_image\" \/>\n<meta name=\"twitter:label1\" content=\"Dur\u00e9e de lecture estim\u00e9e\" \/>\n\t<meta name=\"twitter:data1\" content=\"2 minutes\" \/>\n<script type=\"application\/ld+json\" class=\"yoast-schema-graph\">{\"@context\":\"https:\/\/schema.org\",\"@graph\":[{\"@type\":\"WebSite\",\"@id\":\"https:\/\/ecoturismo.lanzarotebiosfera.org\/#website\",\"url\":\"https:\/\/ecoturismo.lanzarotebiosfera.org\/\",\"name\":\"Club Producto Tur\u00edstico\",\"description\":\"Lanzarote Reserva de la Biosfera\",\"potentialAction\":[{\"@type\":\"SearchAction\",\"target\":{\"@type\":\"EntryPoint\",\"urlTemplate\":\"https:\/\/ecoturismo.lanzarotebiosfera.org\/?s={search_term_string}\"},\"query-input\":\"required name=search_term_string\"}],\"inLanguage\":\"fr-FR\"},{\"@type\":\"WebPage\",\"@id\":\"https:\/\/ecoturismo.lanzarotebiosfera.org\/contactar\/#webpage\",\"url\":\"https:\/\/ecoturismo.lanzarotebiosfera.org\/contactar\/\",\"name\":\"[:es]Contactar[:en]Contact us[:de]Kontakt[:fr]Contact[:] - Club Producto Tur\u00edstico\",\"isPartOf\":{\"@id\":\"https:\/\/ecoturismo.lanzarotebiosfera.org\/#website\"},\"datePublished\":\"2015-08-11T10:10:45+00:00\",\"dateModified\":\"2021-05-12T11:59:03+00:00\",\"breadcrumb\":{\"@id\":\"https:\/\/ecoturismo.lanzarotebiosfera.org\/contactar\/#breadcrumb\"},\"inLanguage\":\"fr-FR\",\"potentialAction\":[{\"@type\":\"ReadAction\",\"target\":[\"https:\/\/ecoturismo.lanzarotebiosfera.org\/contactar\/\"]}]},{\"@type\":\"BreadcrumbList\",\"@id\":\"https:\/\/ecoturismo.lanzarotebiosfera.org\/contactar\/#breadcrumb\",\"itemListElement\":[{\"@type\":\"ListItem\",\"position\":1,\"name\":\"Portada\",\"item\":\"https:\/\/ecoturismo.lanzarotebiosfera.org\/\"},{\"@type\":\"ListItem\",\"position\":2,\"name\":\"Contactar\"}]}]}<\/script>\n<!-- \/ Yoast SEO plugin. -->","yoast_head_json":{"title":"[:es]Contactar[:en]Contact us[:de]Kontakt[:fr]Contact[:] - Club Producto Tur\u00edstico","robots":{"index":"index","follow":"follow","max-snippet":"max-snippet:-1","max-image-preview":"max-image-preview:large","max-video-preview":"max-video-preview:-1"},"canonical":"https:\/\/ecoturismo.lanzarotebiosfera.org\/contactar\/","og_locale":"fr_FR","og_type":"article","og_title":"[:es]Contactar[:en]Contact us[:de]Kontakt[:fr]Contact[:] - Club Producto Tur\u00edstico","og_description":"[vc_row][vc_column][vc_row_inner][vc_column_inner width=\u00a0\u00bb1\/2&Prime;][vc_separator][vc_separator][\/vc_column_inner][vc_column_inner width=\u00a0\u00bb1\/2&Prime;][vc_column_text] Formulaire de Contact [\/vc_column_text][\/vc_column_inner][\/vc_row_inner][\/vc_column][\/vc_row][vc_row][vc_column][vc_images_carousel images=\u00a0\u00bb159,158,157,156,155,154,153&Prime; img_size=\u00a0\u00bb800&#215;300&Prime; autoplay=\u00a0\u00bbyes\u00a0\u00bb hide_pagination_control=\u00a0\u00bbyes\u00a0\u00bb wrap=\u00a0\u00bbyes\u00a0\u00bb][\/vc_column][\/vc_row]","og_url":"https:\/\/ecoturismo.lanzarotebiosfera.org\/contactar\/","og_site_name":"Club Producto Tur\u00edstico","article_modified_time":"2021-05-12T11:59:03+00:00","twitter_card":"summary_large_image","twitter_misc":{"Dur\u00e9e de lecture estim\u00e9e":"2 minutes"},"schema":{"@context":"https:\/\/schema.org","@graph":[{"@type":"WebSite","@id":"https:\/\/ecoturismo.lanzarotebiosfera.org\/#website","url":"https:\/\/ecoturismo.lanzarotebiosfera.org\/","name":"Club Producto Tur\u00edstico","description":"Lanzarote Reserva de la Biosfera","potentialAction":[{"@type":"SearchAction","target":{"@type":"EntryPoint","urlTemplate":"https:\/\/ecoturismo.lanzarotebiosfera.org\/?s={search_term_string}"},"query-input":"required name=search_term_string"}],"inLanguage":"fr-FR"},{"@type":"WebPage","@id":"https:\/\/ecoturismo.lanzarotebiosfera.org\/contactar\/#webpage","url":"https:\/\/ecoturismo.lanzarotebiosfera.org\/contactar\/","name":"[:es]Contactar[:en]Contact us[:de]Kontakt[:fr]Contact[:] - Club Producto Tur\u00edstico","isPartOf":{"@id":"https:\/\/ecoturismo.lanzarotebiosfera.org\/#website"},"datePublished":"2015-08-11T10:10:45+00:00","dateModified":"2021-05-12T11:59:03+00:00","breadcrumb":{"@id":"https:\/\/ecoturismo.lanzarotebiosfera.org\/contactar\/#breadcrumb"},"inLanguage":"fr-FR","potentialAction":[{"@type":"ReadAction","target":["https:\/\/ecoturismo.lanzarotebiosfera.org\/contactar\/"]}]},{"@type":"BreadcrumbList","@id":"https:\/\/ecoturismo.lanzarotebiosfera.org\/contactar\/#breadcrumb","itemListElement":[{"@type":"ListItem","position":1,"name":"Portada","item":"https:\/\/ecoturismo.lanzarotebiosfera.org\/"},{"@type":"ListItem","position":2,"name":"Contactar"}]}]}},"_links":{"self":[{"href":"https:\/\/ecoturismo.lanzarotebiosfera.org\/fr\/wp-json\/wp\/v2\/pages\/120"}],"collection":[{"href":"https:\/\/ecoturismo.lanzarotebiosfera.org\/fr\/wp-json\/wp\/v2\/pages"}],"about":[{"href":"https:\/\/ecoturismo.lanzarotebiosfera.org\/fr\/wp-json\/wp\/v2\/types\/page"}],"author":[{"embeddable":true,"href":"https:\/\/ecoturismo.lanzarotebiosfera.org\/fr\/wp-json\/wp\/v2\/users\/2"}],"replies":[{"embeddable":true,"href":"https:\/\/ecoturismo.lanzarotebiosfera.org\/fr\/wp-json\/wp\/v2\/comments?post=120"}],"version-history":[{"count":28,"href":"https:\/\/ecoturismo.lanzarotebiosfera.org\/fr\/wp-json\/wp\/v2\/pages\/120\/revisions"}],"predecessor-version":[{"id":2535,"href":"https:\/\/ecoturismo.lanzarotebiosfera.org\/fr\/wp-json\/wp\/v2\/pages\/120\/revisions\/2535"}],"wp:attachment":[{"href":"https:\/\/ecoturismo.lanzarotebiosfera.org\/fr\/wp-json\/wp\/v2\/media?parent=120"}],"curies":[{"name":"wp","href":"https:\/\/api.w.org\/{rel}","templated":true}]}}