{"id":17,"date":"2015-08-05T09:01:04","date_gmt":"2015-08-05T09:01:04","guid":{"rendered":"https:\/\/ecoturismo.lanzarotebiosfera.org\/?page_id=17"},"modified":"2015-08-14T09:43:58","modified_gmt":"2015-08-14T09:43:58","slug":"informacion-general-del-club","status":"publish","type":"page","link":"https:\/\/ecoturismo.lanzarotebiosfera.org\/fr\/informacion-general-del-club\/","title":{"rendered":"Informaci\u00f3n General del Club"},"content":{"rendered":"<p>Es una iniciativa de la Secretar\u00eda de Estado de Turismo que pretende establecer un<br \/>\nm\u00e9todo para crear un producto tur\u00edstico diferenciado por su ubicaci\u00f3n en una selecci\u00f3n de<br \/>\nterritorios, la Red de Reservas de la Biosfera Espa\u00f1olas, donde es posible conocer y disfrutar el<br \/>\npatrimonio natural modelado por las actividades humanas y las singulares muestras de patrimonio<br \/>\netnogr\u00e1fico.<br \/>\nEl m\u00e9todo es \u00fanico y com\u00fan para la Red de Reservas de la Biosfera Espa\u00f1olas, y el<br \/>\nproducto tur\u00edstico a crear gira en torno al diverso patrimonio de estos territorios declarados por la<br \/>\nUNESCO, y a sus posibilidades de interpretaci\u00f3n y disfrute tur\u00edstico con la participaci\u00f3n de los<br \/>\nactores implicados, fundamentalmente gestores de las Reservas de la Biosfera, empresas de<br \/>\nturismo y sectores de la poblaci\u00f3n local relacionados con los aprovechamientos singulares del<br \/>\npatrimonio de \u00e9stas. Se fundamenta en un tema concreto y com\u00fan que es el que articula y organiza el<br \/>\nproducto. En este caso las RRBB como lugares donde interpretar las relaciones de las personas<br \/>\ncon la naturaleza.<br \/>\nEl Club de Producto sirve para tener muy claro el concepto de lo que se quiere calificar<br \/>\nbajo esta denominaci\u00f3n, pues evidentemente no debe ser cualquier modalidad tur\u00edstica que pueda<br \/>\ndesarrollarse en estos territorios.<br \/>\nEste Club de producto se dise\u00f1a desde el principio de forma participada, otorgando un m\u00e1ximo protagonismo a los gestores de los recursos<br \/>\nb\u00e1sicos que diferencian al producto final.<br \/>\nLa implantaci\u00f3n de este m\u00e9todo pretende desarrollar de forma simult\u00e1nea adem\u00e1s una<br \/>\nformaci\u00f3n pr\u00e1ctica y personalizada dirigida a los empresarios que voluntariamente quieran<br \/>\nadherirse al club, con el fin de que puedan mejorar la competitividad y sostenibilidad de sus<br \/>\nnegocios, comunicando a sus clientes la contribuci\u00f3n que hacen con su gasto tur\u00edstico al<br \/>\ndesarrollo sostenible de las RRBB.<br \/>\nEs una oportunidad para mejorar la imagen de la isla de Lanzarote, para que evolucione y sea considerada como un<br \/>\ndestino donde disfrutar de m\u00faltiples opciones, y donde repetir por la fuerza de sus argumentos:<br \/>\nOfrecer satisfacci\u00f3n de experiencias y vivencias m\u00e1s all\u00e1 de los servicios tur\u00edsticos<br \/>\nconvencionales<\/p>\n","protected":false},"excerpt":{"rendered":"<p>Es una iniciativa de la Secretar\u00eda de Estado de Turismo que pretende establecer un m\u00e9todo para crear un producto tur\u00edstico diferenciado por su ubicaci\u00f3n en una selecci\u00f3n de territorios, la Red de Reservas de la Biosfera Espa\u00f1olas, donde es posible conocer y disfrutar el patrimonio natural modelado por las actividades humanas y las singulares muestras [&hellip;]<\/p>\n","protected":false},"author":1,"featured_media":0,"parent":0,"menu_order":0,"comment_status":"open","ping_status":"open","template":"","meta":[],"yoast_head":"<!-- This site is optimized with the Yoast SEO plugin v18.2 - https:\/\/yoast.com\/wordpress\/plugins\/seo\/ -->\n<title>Informaci\u00f3n General del Club - Club Producto Tur\u00edstico<\/title>\n<meta name=\"robots\" content=\"index, follow, max-snippet:-1, max-image-preview:large, max-video-preview:-1\" \/>\n<link rel=\"canonical\" href=\"https:\/\/ecoturismo.lanzarotebiosfera.org\/informacion-general-del-club\/\" \/>\n<meta property=\"og:locale\" content=\"fr_FR\" \/>\n<meta property=\"og:type\" content=\"article\" \/>\n<meta property=\"og:title\" content=\"Informaci\u00f3n General del Club - Club Producto Tur\u00edstico\" \/>\n<meta property=\"og:description\" content=\"Es una iniciativa de la Secretar\u00eda de Estado de Turismo que pretende establecer un m\u00e9todo para crear un producto tur\u00edstico diferenciado por su ubicaci\u00f3n en una selecci\u00f3n de territorios, la Red de Reservas de la Biosfera Espa\u00f1olas, donde es posible conocer y disfrutar el patrimonio natural modelado por las actividades humanas y las singulares muestras [&hellip;]\" \/>\n<meta property=\"og:url\" content=\"https:\/\/ecoturismo.lanzarotebiosfera.org\/informacion-general-del-club\/\" \/>\n<meta property=\"og:site_name\" content=\"Club Producto Tur\u00edstico\" \/>\n<meta property=\"article:modified_time\" content=\"2015-08-14T09:43:58+00:00\" \/>\n<meta name=\"twitter:card\" content=\"summary_large_image\" \/>\n<meta name=\"twitter:label1\" content=\"Dur\u00e9e de lecture estim\u00e9e\" \/>\n\t<meta name=\"twitter:data1\" content=\"2 minutes\" \/>\n<script type=\"application\/ld+json\" class=\"yoast-schema-graph\">{\"@context\":\"https:\/\/schema.org\",\"@graph\":[{\"@type\":\"WebSite\",\"@id\":\"https:\/\/ecoturismo.lanzarotebiosfera.org\/#website\",\"url\":\"https:\/\/ecoturismo.lanzarotebiosfera.org\/\",\"name\":\"Club Producto Tur\u00edstico\",\"description\":\"Lanzarote Reserva de la Biosfera\",\"potentialAction\":[{\"@type\":\"SearchAction\",\"target\":{\"@type\":\"EntryPoint\",\"urlTemplate\":\"https:\/\/ecoturismo.lanzarotebiosfera.org\/?s={search_term_string}\"},\"query-input\":\"required name=search_term_string\"}],\"inLanguage\":\"fr-FR\"},{\"@type\":\"WebPage\",\"@id\":\"https:\/\/ecoturismo.lanzarotebiosfera.org\/informacion-general-del-club\/#webpage\",\"url\":\"https:\/\/ecoturismo.lanzarotebiosfera.org\/informacion-general-del-club\/\",\"name\":\"Informaci\u00f3n General del Club - Club Producto Tur\u00edstico\",\"isPartOf\":{\"@id\":\"https:\/\/ecoturismo.lanzarotebiosfera.org\/#website\"},\"datePublished\":\"2015-08-05T09:01:04+00:00\",\"dateModified\":\"2015-08-14T09:43:58+00:00\",\"breadcrumb\":{\"@id\":\"https:\/\/ecoturismo.lanzarotebiosfera.org\/informacion-general-del-club\/#breadcrumb\"},\"inLanguage\":\"fr-FR\",\"potentialAction\":[{\"@type\":\"ReadAction\",\"target\":[\"https:\/\/ecoturismo.lanzarotebiosfera.org\/informacion-general-del-club\/\"]}]},{\"@type\":\"BreadcrumbList\",\"@id\":\"https:\/\/ecoturismo.lanzarotebiosfera.org\/informacion-general-del-club\/#breadcrumb\",\"itemListElement\":[{\"@type\":\"ListItem\",\"position\":1,\"name\":\"Portada\",\"item\":\"https:\/\/ecoturismo.lanzarotebiosfera.org\/\"},{\"@type\":\"ListItem\",\"position\":2,\"name\":\"Informaci\u00f3n General del Club\"}]}]}<\/script>\n<!-- \/ Yoast SEO plugin. -->","yoast_head_json":{"title":"Informaci\u00f3n General del Club - Club Producto Tur\u00edstico","robots":{"index":"index","follow":"follow","max-snippet":"max-snippet:-1","max-image-preview":"max-image-preview:large","max-video-preview":"max-video-preview:-1"},"canonical":"https:\/\/ecoturismo.lanzarotebiosfera.org\/informacion-general-del-club\/","og_locale":"fr_FR","og_type":"article","og_title":"Informaci\u00f3n General del Club - Club Producto Tur\u00edstico","og_description":"Es una iniciativa de la Secretar\u00eda de Estado de Turismo que pretende establecer un m\u00e9todo para crear un producto tur\u00edstico diferenciado por su ubicaci\u00f3n en una selecci\u00f3n de territorios, la Red de Reservas de la Biosfera Espa\u00f1olas, donde es posible conocer y disfrutar el patrimonio natural modelado por las actividades humanas y las singulares muestras [&hellip;]","og_url":"https:\/\/ecoturismo.lanzarotebiosfera.org\/informacion-general-del-club\/","og_site_name":"Club Producto Tur\u00edstico","article_modified_time":"2015-08-14T09:43:58+00:00","twitter_card":"summary_large_image","twitter_misc":{"Dur\u00e9e de lecture estim\u00e9e":"2 minutes"},"schema":{"@context":"https:\/\/schema.org","@graph":[{"@type":"WebSite","@id":"https:\/\/ecoturismo.lanzarotebiosfera.org\/#website","url":"https:\/\/ecoturismo.lanzarotebiosfera.org\/","name":"Club Producto Tur\u00edstico","description":"Lanzarote Reserva de la Biosfera","potentialAction":[{"@type":"SearchAction","target":{"@type":"EntryPoint","urlTemplate":"https:\/\/ecoturismo.lanzarotebiosfera.org\/?s={search_term_string}"},"query-input":"required name=search_term_string"}],"inLanguage":"fr-FR"},{"@type":"WebPage","@id":"https:\/\/ecoturismo.lanzarotebiosfera.org\/informacion-general-del-club\/#webpage","url":"https:\/\/ecoturismo.lanzarotebiosfera.org\/informacion-general-del-club\/","name":"Informaci\u00f3n General del Club - Club Producto Tur\u00edstico","isPartOf":{"@id":"https:\/\/ecoturismo.lanzarotebiosfera.org\/#website"},"datePublished":"2015-08-05T09:01:04+00:00","dateModified":"2015-08-14T09:43:58+00:00","breadcrumb":{"@id":"https:\/\/ecoturismo.lanzarotebiosfera.org\/informacion-general-del-club\/#breadcrumb"},"inLanguage":"fr-FR","potentialAction":[{"@type":"ReadAction","target":["https:\/\/ecoturismo.lanzarotebiosfera.org\/informacion-general-del-club\/"]}]},{"@type":"BreadcrumbList","@id":"https:\/\/ecoturismo.lanzarotebiosfera.org\/informacion-general-del-club\/#breadcrumb","itemListElement":[{"@type":"ListItem","position":1,"name":"Portada","item":"https:\/\/ecoturismo.lanzarotebiosfera.org\/"},{"@type":"ListItem","position":2,"name":"Informaci\u00f3n General del Club"}]}]}},"_links":{"self":[{"href":"https:\/\/ecoturismo.lanzarotebiosfera.org\/fr\/wp-json\/wp\/v2\/pages\/17"}],"collection":[{"href":"https:\/\/ecoturismo.lanzarotebiosfera.org\/fr\/wp-json\/wp\/v2\/pages"}],"about":[{"href":"https:\/\/ecoturismo.lanzarotebiosfera.org\/fr\/wp-json\/wp\/v2\/types\/page"}],"author":[{"embeddable":true,"href":"https:\/\/ecoturismo.lanzarotebiosfera.org\/fr\/wp-json\/wp\/v2\/users\/1"}],"replies":[{"embeddable":true,"href":"https:\/\/ecoturismo.lanzarotebiosfera.org\/fr\/wp-json\/wp\/v2\/comments?post=17"}],"version-history":[{"count":3,"href":"https:\/\/ecoturismo.lanzarotebiosfera.org\/fr\/wp-json\/wp\/v2\/pages\/17\/revisions"}],"predecessor-version":[{"id":170,"href":"https:\/\/ecoturismo.lanzarotebiosfera.org\/fr\/wp-json\/wp\/v2\/pages\/17\/revisions\/170"}],"wp:attachment":[{"href":"https:\/\/ecoturismo.lanzarotebiosfera.org\/fr\/wp-json\/wp\/v2\/media?parent=17"}],"curies":[{"name":"wp","href":"https:\/\/api.w.org\/{rel}","templated":true}]}}