{"id":175,"date":"2015-08-24T16:09:29","date_gmt":"2015-08-24T16:09:29","guid":{"rendered":"https:\/\/ecoturismo.lanzarotebiosfera.org\/?page_id=175"},"modified":"2020-10-19T13:25:57","modified_gmt":"2020-10-19T13:25:57","slug":"club-de-producto-turistico","status":"publish","type":"page","link":"https:\/\/ecoturismo.lanzarotebiosfera.org\/fr\/club-de-producto-turistico\/","title":{"rendered":"Club de Producto Tur\u00edstico"},"content":{"rendered":"[vc_row][vc_column][vc_column_text]C\u2019est une initiative du Secr\u00e9tariat d\u2019\u00c9tat au Tourisme dont l\u2019objectif principal est d\u2019\u00e9tablir une m\u00e9thode pour cr\u00e9er un produit touristique diff\u00e9renci\u00e9 par sa localisation dans une s\u00e9lection de territoires, le R\u00e9seau des R\u00e9serves de la Biosph\u00e8re Espagnoles, o\u00f9 il est possible de conna\u00eetre et de profiter du patrimoine naturel model\u00e9 par les activit\u00e9s humaines et les uniques \u00e9chantillons du patrimoine ethnographique<\/p>\n<p>La m\u00e9thode est unique et commune au reste du R\u00e9seau des R\u00e9serves de la Biosph\u00e8re Espagnoles. Le produit touristique \u00e0 cr\u00e9er tourne autour de la diversit\u00e9 du patrimoine de ces territoires d\u00e9sign\u00e9s par l\u2019UNESCO et autour de ses possibilit\u00e9s d\u2019interpr\u00e9tation et profit touristique, avec toujours la participation des acteurs impliqu\u00e9s, les gestionnaires des R\u00e9serves de la Biosph\u00e8re, les entreprises touristiques et les secteurs de la population locale li\u00e9s \u00e0 l\u2019exploitation singuli\u00e8re du patrimoine des r\u00e9serves, principalement. Le produit est organis\u00e9 et articul\u00e9 autour d\u2019un sujet sp\u00e9cifique et commun. [\/vc_column_text][vc_row_inner][vc_column_inner width=\u00a0\u00bb1\/3&Prime;][vc_single_image image=\u00a0\u00bb35&Prime; img_size=\u00a0\u00bbmedium\u00a0\u00bb style=\u00a0\u00bbvc_box_outline_circle\u00a0\u00bb css_animation=\u00a0\u00bbappear\u00a0\u00bb][\/vc_column_inner][vc_column_inner width=\u00a0\u00bb2\/3&Prime;]<div class=\"alterna-blockquote animate\" data-effect=\"fadeInRight\"><blockquote style=\"border-left: 5px solid #eeeeee;background:#ffffff;\">\n<p>On ne parle pas de toute modalit\u00e9 touristique qui puisse \u00eatre d\u00e9velopp\u00e9e dans ces lieux, c\u2019est pour \u00e7a qu\u2019on parle du Club de Produits, qui d\u00e9finit le concept de ce qu\u2019on veut qualifier sous cette d\u00e9nomination. <\/p>\n<\/blockquote><\/div>[\/vc_column_inner][\/vc_row_inner]\n[vc_column_text]\n<p>Depuis le d\u00e9but, ce Club de Produits est con\u00e7u de mani\u00e8re participative, en accordant une importance maximale aux gestionnaires des ressources de base qui \u00e9laborent un produit final diff\u00e9renci\u00e9. Une formation pratique et personnalis\u00e9e sera d\u00e9velopp\u00e9e gr\u00e2ce \u00e0 l\u2019implantation de cette m\u00e9thode, afin que les entrepreneurs qui volontairement joignent le Club, <strong>puissent am\u00e9liorer la comp\u00e9titivit\u00e9 et viabilit\u00e9 de ses entreprises, en informant ses clients de l\u2019importance de leur contribution avec leur d\u00e9pense touristique au d\u00e9veloppement durable des R\u00e9serves de la Biosph\u00e8re. <\/strong><\/p>\n<p>C\u2019est une bonne opportunit\u00e9 <strong>pour am\u00e9liorer l\u2019image de l\u2019\u00eele de Lanzarote, afin qu\u2019elle puisse \u00e9voluer et \u00eatre consid\u00e9r\u00e9e comme une destination o\u00f9 profiter de plusieurs options et o\u00f9 r\u00e9p\u00e9ter par la force de ses arguments :<\/strong>  [\/vc_column_text][vc_row_inner][vc_column_inner width=\u00a0\u00bb1\/3&Prime;]\n[\/vc_column_inner][vc_column_inner width=\u00a0\u00bb2\/3&Prime;]<div class=\"alterna-blockquote animate\" data-effect=\"fadeIn\"><blockquote style=\"border-left: 5px solid #eeeeee;background:#ffffff;\">\nOffrir la satisfaction d\u2019exp\u00e9riences au-del\u00e0 des services touristiques conventionnels<\/strong><\/p>\n<\/blockquote><\/div>[\/vc_column_inner][\/vc_row_inner][\/vc_column][\/vc_row][vc_row][vc_column][vc_column_text][\/vc_column_text]\n[\/vc_row][vc_row][vc_column width=\u00a0\u00bb1\/3&Prime;][vc_custom_heading text=\u00a0\u00bb1&Prime; font_container=\u00a0\u00bbtag:h2|font_size:90|text_align:left|color:%23e5e5e5|line_height:0&Prime; use_theme_fonts=\u00a0\u00bbyes\u00a0\u00bb css=\u00a0\u00bb.vc_custom_1441301144841{margin-bottom: -30px !important;}\u00a0\u00bb][vc_icon icon_fontawesome=\u00a0\u00bbfa fa-phone\u00a0\u00bb color=\u00a0\u00bbwhite\u00a0\u00bb background_style=\u00a0\u00bbrounded\u00a0\u00bb background_color=\u00a0\u00bbgreen\u00a0\u00bb size=\u00a0\u00bblg\u00a0\u00bb align=\u00a0\u00bbcenter\u00a0\u00bb css_animation=\u00a0\u00bbappear\u00a0\u00bb][vc_column_text]<strong>Contactez-nous<\/strong><\/p>\n<p>On vous informera sur cette initiative et sur les exigences pour y inclure votre entreprise. <\/p>\n<p>Ici nos donn\u00e9es de contact :<\/p>\n<p><i class=\"fa fa-envelope\"><\/i><strong><small>\u00a0<a href=\"mailto:ecoturismo@cabildodelanzarote.com\" target=\"_blank\" rel=\"noopener noreferrer\">ecoturismo@cabildodelanzarote.com<\/a><\/small><\/strong><\/p>\n<p><i class=\"fa fa-phone\"><\/i><strong>\u00a0928\/810100 ext 2340 y 2342<\/strong><\/p>\n<p><i class=\"fa fa-building-o\"><\/i><strong>\u00a0 Oficina Reserva de la Biosfera<br \/>\n<\/strong>2\u00aa planta<br \/>\nCabildo de Lanzarote<br \/>\nAvd Fred Olsen s\/n<br \/>\nArrecife, Lanzarote[\/vc_column_text][\/vc_column][vc_column width=\u00a0\u00bb1\/3&Prime;][vc_custom_heading text=\u00a0\u00bb2&Prime; font_container=\u00a0\u00bbtag:h2|font_size:90|text_align:left|color:%23e5e5e5|line_height:0&Prime; use_theme_fonts=\u00a0\u00bbyes\u00a0\u00bb css=\u00a0\u00bb.vc_custom_1441301159108{margin-bottom: -30px !important;}\u00a0\u00bb][vc_icon icon_fontawesome=\u00a0\u00bbfa fa-envelope\u00a0\u00bb color=\u00a0\u00bbwhite\u00a0\u00bb background_style=\u00a0\u00bbrounded\u00a0\u00bb background_color=\u00a0\u00bbjuicy_pink\u00a0\u00bb size=\u00a0\u00bblg\u00a0\u00bb align=\u00a0\u00bbcenter\u00a0\u00bb css_animation=\u00a0\u00bbappear\u00a0\u00bb][vc_column_text]<strong>Remplissez le formulaire et envoyez-le nous<br \/>\n<\/strong>(via e-mail ou en personne)<\/p>\n<p><strong>Choisissez le formulaire selon le secteur de votre entreprise :<\/strong><\/p>\n<ul>\n<li><a href=\"http:\/\/www.lanzarotebiosfera.org\/wp-content\/uploads\/2013\/12\/Informe-de-adhesion-Alojamientos-PTRB.pdf\" target=\"_blank\" rel=\"noopener noreferrer\">H\u00c9BERGEMENT<\/a><\/li>\n<li><a href=\"http:\/\/www.lanzarotebiosfera.org\/wp-content\/uploads\/2013\/12\/Informe-de-adhesion-Restaurante-PTRB.pdf\" target=\"_blank\" rel=\"noopener noreferrer\">RESTAURANT<\/a><\/li>\n<li><a href=\"http:\/\/www.lanzarotebiosfera.org\/wp-content\/uploads\/2013\/12\/Informe-de-adhesion-Act-complementarias-PTRB.pdf?34134\" target=\"_blank\" rel=\"noopener noreferrer\">ACTIVIT\u00c9S COMPL\u00c9MENTAIRES<\/a><\/li>\n<li><a href=\"http:\/\/www.lanzarotebiosfera.org\/wp-content\/uploads\/2013\/12\/Informe-de-adhesion-Industrias-PTRB.pdf\" target=\"_blank\" rel=\"noopener noreferrer\">SECTEUR AGRO-ALIMENTAIRE<\/a><\/li>\n<li><a href=\"http:\/\/www.lanzarotebiosfera.org\/wp-content\/uploads\/2013\/12\/Informe-de-adhesion-Tiendas-PTRB.pdf\" target=\"_blank\" rel=\"noopener noreferrer\">MAGASINS SP\u00c9CIALIS\u00c9ES<\/a><\/li>\n<\/ul>\n[\/vc_column_text][vc_column_text]<strong>Utilisez ce manuel pour remplir le formulaire :<\/strong><\/p>\n<p><a href=\"http:\/\/www.lanzarotebiosfera.org\/wp-content\/uploads\/2013\/12\/Manual-PTRB-LZ-pdfv2.pdf\" target=\"_blank\" rel=\"noopener noreferrer\"> Manuel du Club de Produits RB <\/a>[\/vc_column_text][\/vc_column][vc_column width=\u00a0\u00bb1\/3&Prime;][vc_custom_heading text=\u00a0\u00bb3&Prime; font_container=\u00a0\u00bbtag:h2|font_size:90|text_align:left|color:%23e5e5e5|line_height:0&Prime; use_theme_fonts=\u00a0\u00bbyes\u00a0\u00bb css=\u00a0\u00bb.vc_custom_1441301167647{margin-bottom: -30px !important;}\u00a0\u00bb][vc_icon icon_fontawesome=\u00a0\u00bbfa fa-hand-o-up\u00a0\u00bb color=\u00a0\u00bbwhite\u00a0\u00bb background_style=\u00a0\u00bbrounded\u00a0\u00bb background_color=\u00a0\u00bbturquoise\u00a0\u00bb size=\u00a0\u00bblg\u00a0\u00bb align=\u00a0\u00bbcenter\u00a0\u00bb css_animation=\u00a0\u00bbappear\u00a0\u00bb][vc_column_text]<strong>Demandez votre visite technique<\/strong><\/p>\n<p>Assistez \u00e0 la formation<\/p>\n<p>Assistez aux r\u00e9unions<\/p>\n[\/vc_column_text][vc_icon icon_fontawesome=\u00a0\u00bbfa fa-users\u00a0\u00bb color=\u00a0\u00bbgreen\u00a0\u00bb background_style=\u00a0\u00bbboxed-outline\u00a0\u00bb background_color=\u00a0\u00bbwhite\u00a0\u00bb size=\u00a0\u00bbxl\u00a0\u00bb css_animation=\u00a0\u00bbappear\u00a0\u00bb][\/vc_column][\/vc_row][vc_row][vc_column][vc_raw_html]\n<p>JTNDZGl2JTIwc3R5bGUlM0QlMjJ3aWR0aCUzQTEwMCUyNSUzQiUyMGhlaWdodCUzQTMwMHB4JTNCJTIwb3ZlcmZsb3clM0FoaWRkZW4lM0IlMjIlM0UlMjAlM0NpbWclMjBzcmMlM0QlMjIlMkZ3cC1jb250ZW50JTJGdXBsb2FkcyUyRjIwMTUlMkYwOCUyRkFncmljdWx0dXJhLTEtSkNHLmpwZyUyMiUyMHN0eWxlJTNEJTIyMTAwJTI1JTIyJTJGJTNFJTNDJTJGZGl2JTNF<\/p>\n[\/vc_raw_html][\/vc_column][\/vc_row]","protected":false},"excerpt":{"rendered":"<p>[vc_row][vc_column][vc_column_text]C\u2019est une initiative du Secr\u00e9tariat d\u2019\u00c9tat au Tourisme dont l\u2019objectif principal est d\u2019\u00e9tablir une m\u00e9thode pour cr\u00e9er un produit touristique diff\u00e9renci\u00e9 par sa localisation dans une s\u00e9lection de territoires, le R\u00e9seau des R\u00e9serves de la Biosph\u00e8re Espagnoles, o\u00f9 il est possible de conna\u00eetre et de profiter du patrimoine naturel model\u00e9 par les activit\u00e9s humaines et [&hellip;]<\/p>\n","protected":false},"author":2,"featured_media":0,"parent":0,"menu_order":0,"comment_status":"closed","ping_status":"open","template":"","meta":[],"yoast_head":"<!-- This site is optimized with the Yoast SEO plugin v18.2 - https:\/\/yoast.com\/wordpress\/plugins\/seo\/ -->\n<title>Club de Producto Tur\u00edstico - Club Producto Tur\u00edstico<\/title>\n<meta name=\"robots\" content=\"index, follow, max-snippet:-1, max-image-preview:large, max-video-preview:-1\" \/>\n<link rel=\"canonical\" href=\"https:\/\/ecoturismo.lanzarotebiosfera.org\/club-de-producto-turistico\/\" \/>\n<meta property=\"og:locale\" content=\"fr_FR\" \/>\n<meta property=\"og:type\" content=\"article\" \/>\n<meta property=\"og:title\" content=\"[:es]Club de Producto Tur\u00edstico[:en]Tourism Product Club[:de]Tourismusprodukt-Club[:fr]Club de Producto Tur\u00edstico[:] - Club Producto Tur\u00edstico\" \/>\n<meta property=\"og:description\" content=\"[vc_row][vc_column][vc_column_text]C\u2019est une initiative du Secr\u00e9tariat d\u2019\u00c9tat au Tourisme dont l\u2019objectif principal est d\u2019\u00e9tablir une m\u00e9thode pour cr\u00e9er un produit touristique diff\u00e9renci\u00e9 par sa localisation dans une s\u00e9lection de territoires, le R\u00e9seau des R\u00e9serves de la Biosph\u00e8re Espagnoles, o\u00f9 il est possible de conna\u00eetre et de profiter du patrimoine naturel model\u00e9 par les activit\u00e9s humaines et [&hellip;]\" \/>\n<meta property=\"og:url\" content=\"https:\/\/ecoturismo.lanzarotebiosfera.org\/club-de-producto-turistico\/\" \/>\n<meta property=\"og:site_name\" content=\"Club Producto Tur\u00edstico\" \/>\n<meta property=\"article:modified_time\" content=\"2020-10-19T13:25:57+00:00\" \/>\n<meta name=\"twitter:card\" content=\"summary_large_image\" \/>\n<meta name=\"twitter:label1\" content=\"Dur\u00e9e de lecture estim\u00e9e\" \/>\n\t<meta name=\"twitter:data1\" content=\"16 minutes\" \/>\n<script type=\"application\/ld+json\" class=\"yoast-schema-graph\">{\"@context\":\"https:\/\/schema.org\",\"@graph\":[{\"@type\":\"WebSite\",\"@id\":\"https:\/\/ecoturismo.lanzarotebiosfera.org\/#website\",\"url\":\"https:\/\/ecoturismo.lanzarotebiosfera.org\/\",\"name\":\"Club Producto Tur\u00edstico\",\"description\":\"Lanzarote Reserva de la Biosfera\",\"potentialAction\":[{\"@type\":\"SearchAction\",\"target\":{\"@type\":\"EntryPoint\",\"urlTemplate\":\"https:\/\/ecoturismo.lanzarotebiosfera.org\/?s={search_term_string}\"},\"query-input\":\"required name=search_term_string\"}],\"inLanguage\":\"fr-FR\"},{\"@type\":\"WebPage\",\"@id\":\"https:\/\/ecoturismo.lanzarotebiosfera.org\/club-de-producto-turistico\/#webpage\",\"url\":\"https:\/\/ecoturismo.lanzarotebiosfera.org\/club-de-producto-turistico\/\",\"name\":\"[:es]Club de Producto Tur\u00edstico[:en]Tourism Product Club[:de]Tourismusprodukt-Club[:fr]Club de Producto Tur\u00edstico[:] - Club Producto Tur\u00edstico\",\"isPartOf\":{\"@id\":\"https:\/\/ecoturismo.lanzarotebiosfera.org\/#website\"},\"datePublished\":\"2015-08-24T16:09:29+00:00\",\"dateModified\":\"2020-10-19T13:25:57+00:00\",\"breadcrumb\":{\"@id\":\"https:\/\/ecoturismo.lanzarotebiosfera.org\/club-de-producto-turistico\/#breadcrumb\"},\"inLanguage\":\"fr-FR\",\"potentialAction\":[{\"@type\":\"ReadAction\",\"target\":[\"https:\/\/ecoturismo.lanzarotebiosfera.org\/club-de-producto-turistico\/\"]}]},{\"@type\":\"BreadcrumbList\",\"@id\":\"https:\/\/ecoturismo.lanzarotebiosfera.org\/club-de-producto-turistico\/#breadcrumb\",\"itemListElement\":[{\"@type\":\"ListItem\",\"position\":1,\"name\":\"Portada\",\"item\":\"https:\/\/ecoturismo.lanzarotebiosfera.org\/\"},{\"@type\":\"ListItem\",\"position\":2,\"name\":\"Club de Producto Tur\u00edstico\"}]}]}<\/script>\n<!-- \/ Yoast SEO plugin. -->","yoast_head_json":{"title":"[:es]Club de Producto Tur\u00edstico[:en]Tourism Product Club[:de]Tourismusprodukt-Club[:fr]Club de Producto Tur\u00edstico[:] - Club Producto Tur\u00edstico","robots":{"index":"index","follow":"follow","max-snippet":"max-snippet:-1","max-image-preview":"max-image-preview:large","max-video-preview":"max-video-preview:-1"},"canonical":"https:\/\/ecoturismo.lanzarotebiosfera.org\/club-de-producto-turistico\/","og_locale":"fr_FR","og_type":"article","og_title":"[:es]Club de Producto Tur\u00edstico[:en]Tourism Product Club[:de]Tourismusprodukt-Club[:fr]Club de Producto Tur\u00edstico[:] - Club Producto Tur\u00edstico","og_description":"[vc_row][vc_column][vc_column_text]C\u2019est une initiative du Secr\u00e9tariat d\u2019\u00c9tat au Tourisme dont l\u2019objectif principal est d\u2019\u00e9tablir une m\u00e9thode pour cr\u00e9er un produit touristique diff\u00e9renci\u00e9 par sa localisation dans une s\u00e9lection de territoires, le R\u00e9seau des R\u00e9serves de la Biosph\u00e8re Espagnoles, o\u00f9 il est possible de conna\u00eetre et de profiter du patrimoine naturel model\u00e9 par les activit\u00e9s humaines et [&hellip;]","og_url":"https:\/\/ecoturismo.lanzarotebiosfera.org\/club-de-producto-turistico\/","og_site_name":"Club Producto Tur\u00edstico","article_modified_time":"2020-10-19T13:25:57+00:00","twitter_card":"summary_large_image","twitter_misc":{"Dur\u00e9e de lecture estim\u00e9e":"16 minutes"},"schema":{"@context":"https:\/\/schema.org","@graph":[{"@type":"WebSite","@id":"https:\/\/ecoturismo.lanzarotebiosfera.org\/#website","url":"https:\/\/ecoturismo.lanzarotebiosfera.org\/","name":"Club Producto Tur\u00edstico","description":"Lanzarote Reserva de la Biosfera","potentialAction":[{"@type":"SearchAction","target":{"@type":"EntryPoint","urlTemplate":"https:\/\/ecoturismo.lanzarotebiosfera.org\/?s={search_term_string}"},"query-input":"required name=search_term_string"}],"inLanguage":"fr-FR"},{"@type":"WebPage","@id":"https:\/\/ecoturismo.lanzarotebiosfera.org\/club-de-producto-turistico\/#webpage","url":"https:\/\/ecoturismo.lanzarotebiosfera.org\/club-de-producto-turistico\/","name":"[:es]Club de Producto Tur\u00edstico[:en]Tourism Product Club[:de]Tourismusprodukt-Club[:fr]Club de Producto Tur\u00edstico[:] - Club Producto Tur\u00edstico","isPartOf":{"@id":"https:\/\/ecoturismo.lanzarotebiosfera.org\/#website"},"datePublished":"2015-08-24T16:09:29+00:00","dateModified":"2020-10-19T13:25:57+00:00","breadcrumb":{"@id":"https:\/\/ecoturismo.lanzarotebiosfera.org\/club-de-producto-turistico\/#breadcrumb"},"inLanguage":"fr-FR","potentialAction":[{"@type":"ReadAction","target":["https:\/\/ecoturismo.lanzarotebiosfera.org\/club-de-producto-turistico\/"]}]},{"@type":"BreadcrumbList","@id":"https:\/\/ecoturismo.lanzarotebiosfera.org\/club-de-producto-turistico\/#breadcrumb","itemListElement":[{"@type":"ListItem","position":1,"name":"Portada","item":"https:\/\/ecoturismo.lanzarotebiosfera.org\/"},{"@type":"ListItem","position":2,"name":"Club de Producto Tur\u00edstico"}]}]}},"_links":{"self":[{"href":"https:\/\/ecoturismo.lanzarotebiosfera.org\/fr\/wp-json\/wp\/v2\/pages\/175"}],"collection":[{"href":"https:\/\/ecoturismo.lanzarotebiosfera.org\/fr\/wp-json\/wp\/v2\/pages"}],"about":[{"href":"https:\/\/ecoturismo.lanzarotebiosfera.org\/fr\/wp-json\/wp\/v2\/types\/page"}],"author":[{"embeddable":true,"href":"https:\/\/ecoturismo.lanzarotebiosfera.org\/fr\/wp-json\/wp\/v2\/users\/2"}],"replies":[{"embeddable":true,"href":"https:\/\/ecoturismo.lanzarotebiosfera.org\/fr\/wp-json\/wp\/v2\/comments?post=175"}],"version-history":[{"count":58,"href":"https:\/\/ecoturismo.lanzarotebiosfera.org\/fr\/wp-json\/wp\/v2\/pages\/175\/revisions"}],"predecessor-version":[{"id":2402,"href":"https:\/\/ecoturismo.lanzarotebiosfera.org\/fr\/wp-json\/wp\/v2\/pages\/175\/revisions\/2402"}],"wp:attachment":[{"href":"https:\/\/ecoturismo.lanzarotebiosfera.org\/fr\/wp-json\/wp\/v2\/media?parent=175"}],"curies":[{"name":"wp","href":"https:\/\/api.w.org\/{rel}","templated":true}]}}