{"id":182,"date":"2015-08-24T16:32:12","date_gmt":"2015-08-24T16:32:12","guid":{"rendered":"https:\/\/ecoturismo.lanzarotebiosfera.org\/?page_id=182"},"modified":"2018-08-10T10:59:45","modified_gmt":"2018-08-10T10:59:45","slug":"conocenos","status":"publish","type":"page","link":"https:\/\/ecoturismo.lanzarotebiosfera.org\/fr\/conocenos\/","title":{"rendered":"Connais-nous"},"content":{"rendered":"[vc_row][vc_column][vc_column_text]\n<p style=\"text-align: justify;\">Nous voulons vous offrir une<strong> exp\u00e9rience touristique unique et diff\u00e9renci\u00e9e<\/strong> qui peut vous donner une lecture sensorielle des relations entre<strong> l\u2019homme et les paysages de la R\u00e9serve de la Biosph\u00e8re (RB) avec des \u00e9l\u00e9ments tangibles et intangibles. <\/strong><\/p>\n<p style=\"text-align: justify;\">Le projet est dirig\u00e9 aux touristes int\u00e9ress\u00e9s \u00e0 conna\u00eetre et profiter des paysages bien conserv\u00e9s, o\u00f9 l\u2019homme a \u00e9t\u00e9 le protagoniste dans sa cr\u00e9ation et sa conservation,<strong> en utilisant des services touristiques basiques et compl\u00e9mentaires,<\/strong> l\u2019interpr\u00e9tation de ces paysages et leur \u00e9volution gr\u00e2ce aux activit\u00e9s humaines, et la consommation de produits locaux g\u00e9n\u00e9r\u00e9s par des activit\u00e9s productives li\u00e9es \u00e0 leur patrimoine plus singulier. <\/p>\n<p>Ici ce que chaque produit comprend:<\/p>\n<ul>\n<li><strong>Le patrimoine naturel et culturel <\/strong>le mieux pr\u00e9serv\u00e9, un niveau \u00e9lev\u00e9 de gestion active et unique de chaque RB.<\/li>\n<li><strong>Les meilleurs \u00e9quipements d\u2019usage public <\/strong>(centres d\u2019accueil, sentiers, belv\u00e9d\u00e8res, mus\u00e9es th\u00e9matiques).<\/li>\n<li><strong>L\u2019offre touristique priv\u00e9e s\u00e9lectionn\u00e9e <\/strong>(h\u00e9bergement, restaurants, magasins, activit\u00e9s).<\/li>\n<li><strong>Des services guid\u00e9s pour interpr\u00e9ter le patrimoine, <\/strong>qui s\u2019appui sur l\u2019\u00e9quipement et sur <strong>la population locale qui montre ses activit\u00e9s. <\/strong><\/li>\n<\/ul>\n<p>Le produit est dirig\u00e9 au <strong>profit et \u00e0 l\u2019interpr\u00e9tation du patrimoine des RB.<\/strong> \u00c0 la fois, il nous permet de nous approcher au monde rural pour conna\u00eetre son \u00e9volution, et sugg\u00e9rer comment on peut contribuer \u00e0 un d\u00e9veloppement durable. <\/p>\n<p><strong>Dans chaque RB le Produit nous montrera son patrimoine unique et diff\u00e9renci\u00e9<\/strong>. L\u2019interpr\u00e9tation du patrimoine est l\u2019outil qui donnera un sens au produit, en fournissant une exp\u00e9rience au touriste, ce qui est traduit par des modalit\u00e9s touristiques tr\u00e8s diverses. On peut tout simplement visiter un \u00e9quipement d\u2019usage publique, comme un centre d\u2019interpr\u00e9tation, et rester dans un logement rural, ou visiter un produit local li\u00e9 au paysage de la RB (\u00e9leveur de b\u00e9tail, agriculteur, artisan). <\/p>\n[\/vc_column_text][\/vc_column][\/vc_row][vc_row][vc_column width=\u00a0\u00bb1\/2&Prime;][vc_column_text]\n<p><a href=\"https:\/\/ecoturismo.lanzarotebiosfera.org\/wp-content\/uploads\/2015\/08\/logoRBEsp-h150.png\"><img loading=\"lazy\" class=\" size-thumbnail wp-image-35 aligncenter\" src=\"https:\/\/ecoturismo.lanzarotebiosfera.org\/wp-content\/uploads\/2015\/08\/logoRBEsp-h150-150x150.png\" alt=\"logoRBEsp-h150\" width=\"150\" height=\"150\" \/><\/a><\/p>\n[\/vc_column_text][\/vc_column][vc_column width=\u00a0\u00bb1\/2&Prime;][vc_wp_custommenu][\/vc_column][\/vc_row]","protected":false},"excerpt":{"rendered":"<p>[vc_row][vc_column][vc_column_text] Nous voulons vous offrir une exp\u00e9rience touristique unique et diff\u00e9renci\u00e9e qui peut vous donner une lecture sensorielle des relations entre l\u2019homme et les paysages de la R\u00e9serve de la Biosph\u00e8re (RB) avec des \u00e9l\u00e9ments tangibles et intangibles. Le projet est dirig\u00e9 aux touristes int\u00e9ress\u00e9s \u00e0 conna\u00eetre et profiter des paysages bien conserv\u00e9s, o\u00f9 l\u2019homme [&hellip;]<\/p>\n","protected":false},"author":2,"featured_media":0,"parent":0,"menu_order":0,"comment_status":"closed","ping_status":"open","template":"","meta":[],"yoast_head":"<!-- This site is optimized with the Yoast SEO plugin v18.2 - https:\/\/yoast.com\/wordpress\/plugins\/seo\/ -->\n<title>Connais-nous  - Club Producto Tur\u00edstico<\/title>\n<meta name=\"robots\" content=\"index, follow, max-snippet:-1, max-image-preview:large, max-video-preview:-1\" \/>\n<link rel=\"canonical\" href=\"https:\/\/ecoturismo.lanzarotebiosfera.org\/conocenos\/\" \/>\n<meta property=\"og:locale\" content=\"fr_FR\" \/>\n<meta property=\"og:type\" content=\"article\" \/>\n<meta property=\"og:title\" content=\"[:es]Con\u00f3cenos[:en]Get to know us[:de]\u00dcber uns[:fr]Connais-nous [:] - Club Producto Tur\u00edstico\" \/>\n<meta property=\"og:description\" content=\"[vc_row][vc_column][vc_column_text] Nous voulons vous offrir une exp\u00e9rience touristique unique et diff\u00e9renci\u00e9e qui peut vous donner une lecture sensorielle des relations entre l\u2019homme et les paysages de la R\u00e9serve de la Biosph\u00e8re (RB) avec des \u00e9l\u00e9ments tangibles et intangibles. Le projet est dirig\u00e9 aux touristes int\u00e9ress\u00e9s \u00e0 conna\u00eetre et profiter des paysages bien conserv\u00e9s, o\u00f9 l\u2019homme [&hellip;]\" \/>\n<meta property=\"og:url\" content=\"https:\/\/ecoturismo.lanzarotebiosfera.org\/conocenos\/\" \/>\n<meta property=\"og:site_name\" content=\"Club Producto Tur\u00edstico\" \/>\n<meta property=\"article:modified_time\" content=\"2018-08-10T10:59:45+00:00\" \/>\n<meta property=\"og:image\" content=\"https:\/\/ecoturismo.lanzarotebiosfera.org\/wp-content\/uploads\/2018\/08\/revivirCertifColor-1-300x212.png\" \/>\n<meta name=\"twitter:card\" content=\"summary_large_image\" \/>\n<meta name=\"twitter:label1\" content=\"Dur\u00e9e de lecture estim\u00e9e\" \/>\n\t<meta name=\"twitter:data1\" content=\"7 minutes\" \/>\n<script type=\"application\/ld+json\" class=\"yoast-schema-graph\">{\"@context\":\"https:\/\/schema.org\",\"@graph\":[{\"@type\":\"WebSite\",\"@id\":\"https:\/\/ecoturismo.lanzarotebiosfera.org\/#website\",\"url\":\"https:\/\/ecoturismo.lanzarotebiosfera.org\/\",\"name\":\"Club Producto Tur\u00edstico\",\"description\":\"Lanzarote Reserva de la Biosfera\",\"potentialAction\":[{\"@type\":\"SearchAction\",\"target\":{\"@type\":\"EntryPoint\",\"urlTemplate\":\"https:\/\/ecoturismo.lanzarotebiosfera.org\/?s={search_term_string}\"},\"query-input\":\"required name=search_term_string\"}],\"inLanguage\":\"fr-FR\"},{\"@type\":\"ImageObject\",\"@id\":\"https:\/\/ecoturismo.lanzarotebiosfera.org\/conocenos\/#primaryimage\",\"inLanguage\":\"fr-FR\",\"url\":\"https:\/\/ecoturismo.lanzarotebiosfera.org\/wp-content\/uploads\/2018\/08\/revivirCertifColor-1.png\",\"contentUrl\":\"https:\/\/ecoturismo.lanzarotebiosfera.org\/wp-content\/uploads\/2018\/08\/revivirCertifColor-1.png\",\"width\":300,\"height\":212},{\"@type\":\"WebPage\",\"@id\":\"https:\/\/ecoturismo.lanzarotebiosfera.org\/conocenos\/#webpage\",\"url\":\"https:\/\/ecoturismo.lanzarotebiosfera.org\/conocenos\/\",\"name\":\"[:es]Con\u00f3cenos[:en]Get to know us[:de]\u00dcber uns[:fr]Connais-nous [:] - Club Producto Tur\u00edstico\",\"isPartOf\":{\"@id\":\"https:\/\/ecoturismo.lanzarotebiosfera.org\/#website\"},\"primaryImageOfPage\":{\"@id\":\"https:\/\/ecoturismo.lanzarotebiosfera.org\/conocenos\/#primaryimage\"},\"datePublished\":\"2015-08-24T16:32:12+00:00\",\"dateModified\":\"2018-08-10T10:59:45+00:00\",\"breadcrumb\":{\"@id\":\"https:\/\/ecoturismo.lanzarotebiosfera.org\/conocenos\/#breadcrumb\"},\"inLanguage\":\"fr-FR\",\"potentialAction\":[{\"@type\":\"ReadAction\",\"target\":[\"https:\/\/ecoturismo.lanzarotebiosfera.org\/conocenos\/\"]}]},{\"@type\":\"BreadcrumbList\",\"@id\":\"https:\/\/ecoturismo.lanzarotebiosfera.org\/conocenos\/#breadcrumb\",\"itemListElement\":[{\"@type\":\"ListItem\",\"position\":1,\"name\":\"Portada\",\"item\":\"https:\/\/ecoturismo.lanzarotebiosfera.org\/\"},{\"@type\":\"ListItem\",\"position\":2,\"name\":\"Con\u00f3cenos\"}]}]}<\/script>\n<!-- \/ Yoast SEO plugin. -->","yoast_head_json":{"title":"[:es]Con\u00f3cenos[:en]Get to know us[:de]\u00dcber uns[:fr]Connais-nous [:] - Club Producto Tur\u00edstico","robots":{"index":"index","follow":"follow","max-snippet":"max-snippet:-1","max-image-preview":"max-image-preview:large","max-video-preview":"max-video-preview:-1"},"canonical":"https:\/\/ecoturismo.lanzarotebiosfera.org\/conocenos\/","og_locale":"fr_FR","og_type":"article","og_title":"[:es]Con\u00f3cenos[:en]Get to know us[:de]\u00dcber uns[:fr]Connais-nous [:] - Club Producto Tur\u00edstico","og_description":"[vc_row][vc_column][vc_column_text] Nous voulons vous offrir une exp\u00e9rience touristique unique et diff\u00e9renci\u00e9e qui peut vous donner une lecture sensorielle des relations entre l\u2019homme et les paysages de la R\u00e9serve de la Biosph\u00e8re (RB) avec des \u00e9l\u00e9ments tangibles et intangibles. Le projet est dirig\u00e9 aux touristes int\u00e9ress\u00e9s \u00e0 conna\u00eetre et profiter des paysages bien conserv\u00e9s, o\u00f9 l\u2019homme [&hellip;]","og_url":"https:\/\/ecoturismo.lanzarotebiosfera.org\/conocenos\/","og_site_name":"Club Producto Tur\u00edstico","article_modified_time":"2018-08-10T10:59:45+00:00","og_image":[{"url":"https:\/\/ecoturismo.lanzarotebiosfera.org\/wp-content\/uploads\/2018\/08\/revivirCertifColor-1-300x212.png"}],"twitter_card":"summary_large_image","twitter_misc":{"Dur\u00e9e de lecture estim\u00e9e":"7 minutes"},"schema":{"@context":"https:\/\/schema.org","@graph":[{"@type":"WebSite","@id":"https:\/\/ecoturismo.lanzarotebiosfera.org\/#website","url":"https:\/\/ecoturismo.lanzarotebiosfera.org\/","name":"Club Producto Tur\u00edstico","description":"Lanzarote Reserva de la Biosfera","potentialAction":[{"@type":"SearchAction","target":{"@type":"EntryPoint","urlTemplate":"https:\/\/ecoturismo.lanzarotebiosfera.org\/?s={search_term_string}"},"query-input":"required name=search_term_string"}],"inLanguage":"fr-FR"},{"@type":"ImageObject","@id":"https:\/\/ecoturismo.lanzarotebiosfera.org\/conocenos\/#primaryimage","inLanguage":"fr-FR","url":"https:\/\/ecoturismo.lanzarotebiosfera.org\/wp-content\/uploads\/2018\/08\/revivirCertifColor-1.png","contentUrl":"https:\/\/ecoturismo.lanzarotebiosfera.org\/wp-content\/uploads\/2018\/08\/revivirCertifColor-1.png","width":300,"height":212},{"@type":"WebPage","@id":"https:\/\/ecoturismo.lanzarotebiosfera.org\/conocenos\/#webpage","url":"https:\/\/ecoturismo.lanzarotebiosfera.org\/conocenos\/","name":"[:es]Con\u00f3cenos[:en]Get to know us[:de]\u00dcber uns[:fr]Connais-nous [:] - Club Producto Tur\u00edstico","isPartOf":{"@id":"https:\/\/ecoturismo.lanzarotebiosfera.org\/#website"},"primaryImageOfPage":{"@id":"https:\/\/ecoturismo.lanzarotebiosfera.org\/conocenos\/#primaryimage"},"datePublished":"2015-08-24T16:32:12+00:00","dateModified":"2018-08-10T10:59:45+00:00","breadcrumb":{"@id":"https:\/\/ecoturismo.lanzarotebiosfera.org\/conocenos\/#breadcrumb"},"inLanguage":"fr-FR","potentialAction":[{"@type":"ReadAction","target":["https:\/\/ecoturismo.lanzarotebiosfera.org\/conocenos\/"]}]},{"@type":"BreadcrumbList","@id":"https:\/\/ecoturismo.lanzarotebiosfera.org\/conocenos\/#breadcrumb","itemListElement":[{"@type":"ListItem","position":1,"name":"Portada","item":"https:\/\/ecoturismo.lanzarotebiosfera.org\/"},{"@type":"ListItem","position":2,"name":"Con\u00f3cenos"}]}]}},"_links":{"self":[{"href":"https:\/\/ecoturismo.lanzarotebiosfera.org\/fr\/wp-json\/wp\/v2\/pages\/182"}],"collection":[{"href":"https:\/\/ecoturismo.lanzarotebiosfera.org\/fr\/wp-json\/wp\/v2\/pages"}],"about":[{"href":"https:\/\/ecoturismo.lanzarotebiosfera.org\/fr\/wp-json\/wp\/v2\/types\/page"}],"author":[{"embeddable":true,"href":"https:\/\/ecoturismo.lanzarotebiosfera.org\/fr\/wp-json\/wp\/v2\/users\/2"}],"replies":[{"embeddable":true,"href":"https:\/\/ecoturismo.lanzarotebiosfera.org\/fr\/wp-json\/wp\/v2\/comments?post=182"}],"version-history":[{"count":10,"href":"https:\/\/ecoturismo.lanzarotebiosfera.org\/fr\/wp-json\/wp\/v2\/pages\/182\/revisions"}],"predecessor-version":[{"id":1725,"href":"https:\/\/ecoturismo.lanzarotebiosfera.org\/fr\/wp-json\/wp\/v2\/pages\/182\/revisions\/1725"}],"wp:attachment":[{"href":"https:\/\/ecoturismo.lanzarotebiosfera.org\/fr\/wp-json\/wp\/v2\/media?parent=182"}],"curies":[{"name":"wp","href":"https:\/\/api.w.org\/{rel}","templated":true}]}}