{"id":26,"date":"2015-08-05T09:02:52","date_gmt":"2015-08-05T09:02:52","guid":{"rendered":"https:\/\/ecoturismo.lanzarotebiosfera.org\/?page_id=26"},"modified":"2020-11-16T15:12:49","modified_gmt":"2020-11-16T15:12:49","slug":"logos","status":"publish","type":"page","link":"https:\/\/ecoturismo.lanzarotebiosfera.org\/fr\/logos\/","title":{"rendered":"Logos"},"content":{"rendered":"[vc_row][vc_column][vc_column_text]Vous pouvez t\u00e9l\u00e9charger ici les logos correspondants pour les utiliser seulement selon les indications que nous fournissons.<\/p>\n[\/vc_column_text][\/vc_column][\/vc_row][vc_row][vc_column width=\u00a0\u00bb1\/3&Prime;][vc_column_text]\n<h3>R\u00e9serves de la Biosph\u00e8re Espa\u00f1oles<\/h3>\n<p><img loading=\"lazy\" class=\"img-responsive alignnone wp-image-34 \" src=\"\/wp-content\/uploads\/2015\/08\/logoRBEsp.png\" alt=\"logoRBEsp\" width=\"193\" height=\"170\" srcset=\"https:\/\/ecoturismo.lanzarotebiosfera.org\/wp-content\/uploads\/2015\/08\/logoRBEsp.png 347w, https:\/\/ecoturismo.lanzarotebiosfera.org\/wp-content\/uploads\/2015\/08\/logoRBEsp-300x265.png 300w\" sizes=\"(max-width: 193px) 100vw, 193px\" \/>[\/vc_column_text][\/vc_column][vc_column width=\u00a0\u00bb1\/3&Prime;][vc_column_text]\n<h3>Lanzarote- R\u00e9serve de la Biosph\u00e8re<\/h3>\n<p><img loading=\"lazy\" class=\"img-responsive alignnone wp-image-278 \" src=\"\/wp-content\/uploads\/2015\/08\/lzbisofera.jpg\" alt=\"lzbisofera\" width=\"178\" height=\"178\" srcset=\"https:\/\/ecoturismo.lanzarotebiosfera.org\/wp-content\/uploads\/2015\/08\/lzbisofera.jpg 237w, https:\/\/ecoturismo.lanzarotebiosfera.org\/wp-content\/uploads\/2015\/08\/lzbisofera-150x150.jpg 150w\" sizes=\"(max-width: 178px) 100vw, 178px\" \/>[\/vc_column_text][\/vc_column][vc_column width=\u00a0\u00bb1\/3&Prime;][vc_column_text]\n<h3>Bureau de la R\u00e9serve de Biosph\u00e8re<\/h3>\n<p><img loading=\"lazy\" class=\"aligncenter wp-image-2421\" src=\"https:\/\/ecoturismo.lanzarotebiosfera.org\/wp-content\/uploads\/2020\/11\/Logo-RB-Ago19-png-249x300.png\" alt=\"\" width=\"143\" height=\"172\" srcset=\"https:\/\/ecoturismo.lanzarotebiosfera.org\/wp-content\/uploads\/2020\/11\/Logo-RB-Ago19-png-249x300.png 249w, https:\/\/ecoturismo.lanzarotebiosfera.org\/wp-content\/uploads\/2020\/11\/Logo-RB-Ago19-png.png 403w\" sizes=\"(max-width: 143px) 100vw, 143px\" \/>[\/vc_column_text][\/vc_column][\/vc_row][vc_row css=\u00a0\u00bb.vc_custom_1533893076212{margin-top: 50px !important;}\u00a0\u00bb][vc_column width=\u00a0\u00bb1\/3&Prime;][vc_column_text]\n<h3>Cabildo de Lanzarote<br \/>\n<img loading=\"lazy\" class=\"img-responsive alignnone wp-image-279 \" src=\"\/wp-content\/uploads\/2015\/08\/logocabildo.jpg\" alt=\"logocabildo\" width=\"248\" height=\"182\" srcset=\"https:\/\/ecoturismo.lanzarotebiosfera.org\/wp-content\/uploads\/2015\/08\/logocabildo.jpg 651w, https:\/\/ecoturismo.lanzarotebiosfera.org\/wp-content\/uploads\/2015\/08\/logocabildo-300x221.jpg 300w, https:\/\/ecoturismo.lanzarotebiosfera.org\/wp-content\/uploads\/2015\/08\/logocabildo-300x221@2x.jpg 600w\" sizes=\"(max-width: 248px) 100vw, 248px\" \/><\/h3>\n[\/vc_column_text][\/vc_column][vc_column width=\u00a0\u00bb1\/3&Prime;][vc_column_text]\n<h3>Je m\u2019engage dans l&rsquo;\u00e9cotourisme<\/h3>\n<p><img loading=\"lazy\" class=\"size-full wp-image-396 alignleft\" src=\"\/wp-content\/uploads\/2016\/09\/LOGO-CLUB-ECOTURISMO.jpg\" alt=\"logo_soyecoturista\" width=\"200\" height=\"68\" \/><\/p>\n[\/vc_column_text][\/vc_column][vc_column width=\u00a0\u00bb1\/3&Prime;][vc_column_text]\n<h3>25e anniversaire<\/h3>\n<p>&nbsp;<\/p>\n<p><img loading=\"lazy\" class=\"aligncenter size-medium wp-image-510\" src=\"\/wp-content\/uploads\/2018\/05\/logobiosfera-475x150.png\" alt=\"logo _biosfera\" width=\"178\" height=\"178\" \/>[\/vc_column_text][\/vc_column][\/vc_row][vc_row css=\u00a0\u00bb.vc_custom_1533893091572{margin-top: 50px !important;}\u00a0\u00bb][vc_column width=\u00a0\u00bb1\/3&Prime;][vc_column_text]\n<h3>Revivir Lanzarote<\/h3>\n<p><img loading=\"lazy\" class=\"size-medium wp-image-1688 alignleft\" src=\"https:\/\/ecoturismo.lanzarotebiosfera.org\/wp-content\/uploads\/2018\/08\/LogoRevivirLanzarote600-300x212.png\" alt=\"\" width=\"300\" height=\"212\" srcset=\"https:\/\/ecoturismo.lanzarotebiosfera.org\/wp-content\/uploads\/2018\/08\/LogoRevivirLanzarote600-300x212.png 300w, https:\/\/ecoturismo.lanzarotebiosfera.org\/wp-content\/uploads\/2018\/08\/LogoRevivirLanzarote600.png 600w\" sizes=\"(max-width: 300px) 100vw, 300px\" \/>[\/vc_column_text][\/vc_column][vc_column width=\u00a0\u00bb1\/3&Prime;][vc_column_text]\n<h3 style=\"text-align: center;\">Empresa Certificada<\/h3>\n<p><img loading=\"lazy\" class=\"size-medium wp-image-1707 aligncenter\" src=\"https:\/\/ecoturismo.lanzarotebiosfera.org\/wp-content\/uploads\/2018\/08\/revivirCertifColor-1-300x212.png\" alt=\"\" width=\"300\" height=\"212\" \/>[\/vc_column_text][\/vc_column][vc_column width=\u00a0\u00bb1\/3&Prime;][vc_column_text css=\u00a0\u00bb.vc_custom_1533893048097{background-color: #afafaf !important;}\u00a0\u00bb]\n<h3 style=\"text-align: center;\">Empresa Certificada (blanco)<\/h3>\n<p><img loading=\"lazy\" class=\"aligncenter size-medium wp-image-1708\" src=\"https:\/\/ecoturismo.lanzarotebiosfera.org\/wp-content\/uploads\/2018\/08\/revivirCertifBlanco-1-300x212.png\" alt=\"\" width=\"300\" height=\"212\" \/>[\/vc_column_text][\/vc_column][\/vc_row]","protected":false},"excerpt":{"rendered":"<p>[vc_row][vc_column][vc_column_text]Vous pouvez t\u00e9l\u00e9charger ici les logos correspondants pour les utiliser seulement selon les indications que nous fournissons. [\/vc_column_text][\/vc_column][\/vc_row][vc_row][vc_column width=\u00a0\u00bb1\/3&Prime;][vc_column_text] R\u00e9serves de la Biosph\u00e8re Espa\u00f1oles [\/vc_column_text][\/vc_column][vc_column width=\u00a0\u00bb1\/3&Prime;][vc_column_text] Lanzarote- R\u00e9serve de la Biosph\u00e8re [\/vc_column_text][\/vc_column][vc_column width=\u00a0\u00bb1\/3&Prime;][vc_column_text] Bureau de la R\u00e9serve de Biosph\u00e8re [\/vc_column_text][\/vc_column][\/vc_row][vc_row css=\u00a0\u00bb.vc_custom_1533893076212{margin-top: 50px !important;}\u00a0\u00bb][vc_column width=\u00a0\u00bb1\/3&Prime;][vc_column_text] Cabildo de Lanzarote [\/vc_column_text][\/vc_column][vc_column width=\u00a0\u00bb1\/3&Prime;][vc_column_text] Je m\u2019engage dans l&rsquo;\u00e9cotourisme [\/vc_column_text][\/vc_column][vc_column width=\u00a0\u00bb1\/3&Prime;][vc_column_text] [&hellip;]<\/p>\n","protected":false},"author":1,"featured_media":0,"parent":0,"menu_order":0,"comment_status":"open","ping_status":"open","template":"","meta":[],"yoast_head":"<!-- This site is optimized with the Yoast SEO plugin v18.2 - https:\/\/yoast.com\/wordpress\/plugins\/seo\/ -->\n<title>Logos - Club Producto Tur\u00edstico<\/title>\n<meta name=\"robots\" content=\"index, follow, max-snippet:-1, max-image-preview:large, max-video-preview:-1\" \/>\n<link rel=\"canonical\" href=\"https:\/\/ecoturismo.lanzarotebiosfera.org\/logos\/\" \/>\n<meta property=\"og:locale\" content=\"fr_FR\" \/>\n<meta property=\"og:type\" content=\"article\" \/>\n<meta property=\"og:title\" content=\"Logos - Club Producto Tur\u00edstico\" \/>\n<meta property=\"og:description\" content=\"[vc_row][vc_column][vc_column_text]Vous pouvez t\u00e9l\u00e9charger ici les logos correspondants pour les utiliser seulement selon les indications que nous fournissons. [\/vc_column_text][\/vc_column][\/vc_row][vc_row][vc_column width=\u00a0\u00bb1\/3&Prime;][vc_column_text] R\u00e9serves de la Biosph\u00e8re Espa\u00f1oles [\/vc_column_text][\/vc_column][vc_column width=\u00a0\u00bb1\/3&Prime;][vc_column_text] Lanzarote- R\u00e9serve de la Biosph\u00e8re [\/vc_column_text][\/vc_column][vc_column width=\u00a0\u00bb1\/3&Prime;][vc_column_text] Bureau de la R\u00e9serve de Biosph\u00e8re [\/vc_column_text][\/vc_column][\/vc_row][vc_row css=\u00a0\u00bb.vc_custom_1533893076212{margin-top: 50px !important;}\u00a0\u00bb][vc_column width=\u00a0\u00bb1\/3&Prime;][vc_column_text] Cabildo de Lanzarote [\/vc_column_text][\/vc_column][vc_column width=\u00a0\u00bb1\/3&Prime;][vc_column_text] Je m\u2019engage dans l&rsquo;\u00e9cotourisme [\/vc_column_text][\/vc_column][vc_column width=\u00a0\u00bb1\/3&Prime;][vc_column_text] [&hellip;]\" \/>\n<meta property=\"og:url\" content=\"https:\/\/ecoturismo.lanzarotebiosfera.org\/logos\/\" \/>\n<meta property=\"og:site_name\" content=\"Club Producto Tur\u00edstico\" \/>\n<meta property=\"article:modified_time\" content=\"2020-11-16T15:12:49+00:00\" \/>\n<meta property=\"og:image\" content=\"https:\/\/ecoturismo.lanzarotebiosfera.org\/wp-content\/uploads\/2015\/08\/logoRBEsp.png\" \/>\n<meta name=\"twitter:card\" content=\"summary_large_image\" \/>\n<meta name=\"twitter:label1\" content=\"Dur\u00e9e de lecture estim\u00e9e\" \/>\n\t<meta name=\"twitter:data1\" content=\"4 minutes\" \/>\n<script type=\"application\/ld+json\" class=\"yoast-schema-graph\">{\"@context\":\"https:\/\/schema.org\",\"@graph\":[{\"@type\":\"WebSite\",\"@id\":\"https:\/\/ecoturismo.lanzarotebiosfera.org\/#website\",\"url\":\"https:\/\/ecoturismo.lanzarotebiosfera.org\/\",\"name\":\"Club Producto Tur\u00edstico\",\"description\":\"Lanzarote Reserva de la Biosfera\",\"potentialAction\":[{\"@type\":\"SearchAction\",\"target\":{\"@type\":\"EntryPoint\",\"urlTemplate\":\"https:\/\/ecoturismo.lanzarotebiosfera.org\/?s={search_term_string}\"},\"query-input\":\"required name=search_term_string\"}],\"inLanguage\":\"fr-FR\"},{\"@type\":\"ImageObject\",\"@id\":\"https:\/\/ecoturismo.lanzarotebiosfera.org\/logos\/#primaryimage\",\"inLanguage\":\"fr-FR\",\"url\":\"https:\/\/ecoturismo.lanzarotebiosfera.org\/wp-content\/uploads\/2015\/08\/logoRBEsp.png\",\"contentUrl\":\"https:\/\/ecoturismo.lanzarotebiosfera.org\/wp-content\/uploads\/2015\/08\/logoRBEsp.png\",\"width\":347,\"height\":306},{\"@type\":\"WebPage\",\"@id\":\"https:\/\/ecoturismo.lanzarotebiosfera.org\/logos\/#webpage\",\"url\":\"https:\/\/ecoturismo.lanzarotebiosfera.org\/logos\/\",\"name\":\"Logos - Club Producto Tur\u00edstico\",\"isPartOf\":{\"@id\":\"https:\/\/ecoturismo.lanzarotebiosfera.org\/#website\"},\"primaryImageOfPage\":{\"@id\":\"https:\/\/ecoturismo.lanzarotebiosfera.org\/logos\/#primaryimage\"},\"datePublished\":\"2015-08-05T09:02:52+00:00\",\"dateModified\":\"2020-11-16T15:12:49+00:00\",\"breadcrumb\":{\"@id\":\"https:\/\/ecoturismo.lanzarotebiosfera.org\/logos\/#breadcrumb\"},\"inLanguage\":\"fr-FR\",\"potentialAction\":[{\"@type\":\"ReadAction\",\"target\":[\"https:\/\/ecoturismo.lanzarotebiosfera.org\/logos\/\"]}]},{\"@type\":\"BreadcrumbList\",\"@id\":\"https:\/\/ecoturismo.lanzarotebiosfera.org\/logos\/#breadcrumb\",\"itemListElement\":[{\"@type\":\"ListItem\",\"position\":1,\"name\":\"Portada\",\"item\":\"https:\/\/ecoturismo.lanzarotebiosfera.org\/\"},{\"@type\":\"ListItem\",\"position\":2,\"name\":\"Logos\"}]}]}<\/script>\n<!-- \/ Yoast SEO plugin. -->","yoast_head_json":{"title":"Logos - Club Producto Tur\u00edstico","robots":{"index":"index","follow":"follow","max-snippet":"max-snippet:-1","max-image-preview":"max-image-preview:large","max-video-preview":"max-video-preview:-1"},"canonical":"https:\/\/ecoturismo.lanzarotebiosfera.org\/logos\/","og_locale":"fr_FR","og_type":"article","og_title":"Logos - Club Producto Tur\u00edstico","og_description":"[vc_row][vc_column][vc_column_text]Vous pouvez t\u00e9l\u00e9charger ici les logos correspondants pour les utiliser seulement selon les indications que nous fournissons. [\/vc_column_text][\/vc_column][\/vc_row][vc_row][vc_column width=\u00a0\u00bb1\/3&Prime;][vc_column_text] R\u00e9serves de la Biosph\u00e8re Espa\u00f1oles [\/vc_column_text][\/vc_column][vc_column width=\u00a0\u00bb1\/3&Prime;][vc_column_text] Lanzarote- R\u00e9serve de la Biosph\u00e8re [\/vc_column_text][\/vc_column][vc_column width=\u00a0\u00bb1\/3&Prime;][vc_column_text] Bureau de la R\u00e9serve de Biosph\u00e8re [\/vc_column_text][\/vc_column][\/vc_row][vc_row css=\u00a0\u00bb.vc_custom_1533893076212{margin-top: 50px !important;}\u00a0\u00bb][vc_column width=\u00a0\u00bb1\/3&Prime;][vc_column_text] Cabildo de Lanzarote [\/vc_column_text][\/vc_column][vc_column width=\u00a0\u00bb1\/3&Prime;][vc_column_text] Je m\u2019engage dans l&rsquo;\u00e9cotourisme [\/vc_column_text][\/vc_column][vc_column width=\u00a0\u00bb1\/3&Prime;][vc_column_text] [&hellip;]","og_url":"https:\/\/ecoturismo.lanzarotebiosfera.org\/logos\/","og_site_name":"Club Producto Tur\u00edstico","article_modified_time":"2020-11-16T15:12:49+00:00","og_image":[{"url":"https:\/\/ecoturismo.lanzarotebiosfera.org\/wp-content\/uploads\/2015\/08\/logoRBEsp.png"}],"twitter_card":"summary_large_image","twitter_misc":{"Dur\u00e9e de lecture estim\u00e9e":"4 minutes"},"schema":{"@context":"https:\/\/schema.org","@graph":[{"@type":"WebSite","@id":"https:\/\/ecoturismo.lanzarotebiosfera.org\/#website","url":"https:\/\/ecoturismo.lanzarotebiosfera.org\/","name":"Club Producto Tur\u00edstico","description":"Lanzarote Reserva de la Biosfera","potentialAction":[{"@type":"SearchAction","target":{"@type":"EntryPoint","urlTemplate":"https:\/\/ecoturismo.lanzarotebiosfera.org\/?s={search_term_string}"},"query-input":"required name=search_term_string"}],"inLanguage":"fr-FR"},{"@type":"ImageObject","@id":"https:\/\/ecoturismo.lanzarotebiosfera.org\/logos\/#primaryimage","inLanguage":"fr-FR","url":"https:\/\/ecoturismo.lanzarotebiosfera.org\/wp-content\/uploads\/2015\/08\/logoRBEsp.png","contentUrl":"https:\/\/ecoturismo.lanzarotebiosfera.org\/wp-content\/uploads\/2015\/08\/logoRBEsp.png","width":347,"height":306},{"@type":"WebPage","@id":"https:\/\/ecoturismo.lanzarotebiosfera.org\/logos\/#webpage","url":"https:\/\/ecoturismo.lanzarotebiosfera.org\/logos\/","name":"Logos - Club Producto Tur\u00edstico","isPartOf":{"@id":"https:\/\/ecoturismo.lanzarotebiosfera.org\/#website"},"primaryImageOfPage":{"@id":"https:\/\/ecoturismo.lanzarotebiosfera.org\/logos\/#primaryimage"},"datePublished":"2015-08-05T09:02:52+00:00","dateModified":"2020-11-16T15:12:49+00:00","breadcrumb":{"@id":"https:\/\/ecoturismo.lanzarotebiosfera.org\/logos\/#breadcrumb"},"inLanguage":"fr-FR","potentialAction":[{"@type":"ReadAction","target":["https:\/\/ecoturismo.lanzarotebiosfera.org\/logos\/"]}]},{"@type":"BreadcrumbList","@id":"https:\/\/ecoturismo.lanzarotebiosfera.org\/logos\/#breadcrumb","itemListElement":[{"@type":"ListItem","position":1,"name":"Portada","item":"https:\/\/ecoturismo.lanzarotebiosfera.org\/"},{"@type":"ListItem","position":2,"name":"Logos"}]}]}},"_links":{"self":[{"href":"https:\/\/ecoturismo.lanzarotebiosfera.org\/fr\/wp-json\/wp\/v2\/pages\/26"}],"collection":[{"href":"https:\/\/ecoturismo.lanzarotebiosfera.org\/fr\/wp-json\/wp\/v2\/pages"}],"about":[{"href":"https:\/\/ecoturismo.lanzarotebiosfera.org\/fr\/wp-json\/wp\/v2\/types\/page"}],"author":[{"embeddable":true,"href":"https:\/\/ecoturismo.lanzarotebiosfera.org\/fr\/wp-json\/wp\/v2\/users\/1"}],"replies":[{"embeddable":true,"href":"https:\/\/ecoturismo.lanzarotebiosfera.org\/fr\/wp-json\/wp\/v2\/comments?post=26"}],"version-history":[{"count":63,"href":"https:\/\/ecoturismo.lanzarotebiosfera.org\/fr\/wp-json\/wp\/v2\/pages\/26\/revisions"}],"predecessor-version":[{"id":2423,"href":"https:\/\/ecoturismo.lanzarotebiosfera.org\/fr\/wp-json\/wp\/v2\/pages\/26\/revisions\/2423"}],"wp:attachment":[{"href":"https:\/\/ecoturismo.lanzarotebiosfera.org\/fr\/wp-json\/wp\/v2\/media?parent=26"}],"curies":[{"name":"wp","href":"https:\/\/api.w.org\/{rel}","templated":true}]}}