{"id":346,"date":"2016-03-22T18:16:18","date_gmt":"2016-03-22T18:16:18","guid":{"rendered":"https:\/\/ecoturismo.lanzarotebiosfera.org\/?page_id=346"},"modified":"2023-08-03T11:46:52","modified_gmt":"2023-08-03T11:46:52","slug":"preguntas-frecuentes","status":"publish","type":"page","link":"https:\/\/ecoturismo.lanzarotebiosfera.org\/fr\/preguntas-frecuentes\/","title":{"rendered":"Questions Fr\u00e9quentes"},"content":{"rendered":"[vc_row][vc_column][vc_tta_accordion active_section=\u00a0\u00bb0&Prime;][vc_tta_section title=\u00a0\u00bb1.- Qu\u2019est-ce que c\u2019est l\u2019\u00e9cotourisme? \u00a0\u00bb tab_id=\u00a0\u00bb1458670402175-890d7517-fc30&Prime;][vc_column_text]Le Tourisme \u00e9cologique ou \u00e9cotourisme est une nouvelle tendance du tourisme pour se diff\u00e9rencier du tourisme traditionnel. C\u2019est une approche pour les activit\u00e9s touristiques qui se concentre sur la durabilit\u00e9, la pr\u00e9servation et l\u2019appr\u00e9ciation du milieu naturel et culturel. On promeut le bien-\u00eatre des populations locaux et cela se refl\u00e8te dans le fonctionnement des entreprises qui fournissent des services.<\/p>\n<p>La Soci\u00e9t\u00e9 Internationale d\u2019\u00c9cotourisme (TIES) d\u00e9finit \u00e9cotourisme comme: \u201cvoyager de mani\u00e8re responsable dans des sites naturels tout en aidant \u00e0 la conservation de l\u2019environnement et en ayant un impact positif sur les conditions de vie des populations locales\u201d. L\u2019\u00e9cotourisme authentique doit suivre les sept principes suivants, tant pour ceux qui offrent les services et pour leurs b\u00e9n\u00e9ficiaires:<\/p>\n<ul>\n<li>Minimiser les impacts n\u00e9gatifs, pour le milieu et pour la communaut\u00e9, qui produit l\u2019activit\u00e9.<\/li>\n<li>Construir le respect et la conscience environnementale et culturelles.<\/li>\n<li>Fournir des exp\u00e9riences positives pour les visiteurs et les h\u00f4tes.<\/li>\n<li>Fournir des avantages financiers directs pour la conservation.<\/li>\n<li>Fournir des avantages financiers et renforcer la participation \u00e0 la prise de d\u00e9cisions de la communaut\u00e9 locale.<\/li>\n<li>Cr\u00e9er une sensibilit\u00e9 envers le climat politique, environnemental et social des pays d\u2019accueil.<\/li>\n<li>Soutenir les droits de l\u2019homme universels et les lois du travail.<\/li>\n<\/ul>\n[\/vc_column_text][\/vc_tta_section][vc_tta_section title=\u00a0\u00bb2.- Qu\u2019est-ce que c\u2019est un Club de Produits Touristiques?\u00a0\u00bb tab_id=\u00a0\u00bb1458670402179-1c10a62d-dae4&Prime;][vc_column_text] C\u2019est un ensemble de services touristiques organis\u00e9s. Une garantie pour le touriste consommateur de ces services touristiques rendus par le Club et le syst\u00e8me qui r\u00e9gule son utilisation. Une association des entrepreneurs qui fournissent de ces services au consommateur.<\/p>\n<p>Une m\u00e9thode de planification touristique et de promotion. Une alliance strat\u00e9gique entre les planificateurs, les prestataires de services et les institutions qui g\u00e8rent les ressources sur lesquels le produit est bas\u00e9 pour le d\u00e9velopper avec les garanties maximales. Un effort conjoint pour cr\u00e9er et g\u00e9rer un produit touristique durable: planifier, promouvoir, commercialiser et \u00e9valuer. [\/vc_column_text][\/vc_tta_section][vc_tta_section title=\u00a0\u00bb3.- Qu\u2019est-ce que c\u2019est le CPTRB Espagnoles?\u00a0\u00bb tab_id=\u00a0\u00bb1458670706341-729e5064-cf7b\u00a0\u00bb][vc_column_text]Le Club de Produits Touristiques R\u00e9serves de Biosph\u00e8re Espagnoles est une initiative du Secr\u00e9tariat d\u2019\u00c9tat au Tourisme qui pr\u00e9tend \u00e9tablir une m\u00e9thode pour cr\u00e9er un produit touristique diff\u00e9renci\u00e9 par sa localisation dans une s\u00e9lection de territoires: le R\u00e9seau de R\u00e9serves de Biosph\u00e8re Espagnoles, o\u00f9 il est possible de conna\u00eetre et profiter du patrimoine naturel model\u00e9 par les activit\u00e9s humaines et les uniques \u00e9chantillons de patrimoine ethnographique.<\/p>\n<p>La m\u00e9thode est unique et commune pour le R\u00e9seau de R\u00e9serves de la Biosph\u00e8re Espagnoles (RBE) et le produit touristique \u00e0 cr\u00e9er s\u2019articule autour de la diversit\u00e9 du  patrimoine de ces territoires d\u00e9sign\u00e9s par l\u2019UNESCO et autour de ses possibilit\u00e9s d\u2019interpr\u00e9tation et profit touristique. Le club a la participation des acteurs impliqu\u00e9s, principalement les gestionnaires des R\u00e9serves de Biosph\u00e8re, les entreprises touristiques et les secteurs de la population locale li\u00e9s \u00e0 l\u2019exploitation singuli\u00e8re du patrimoine des r\u00e9serves, en mettant l&rsquo;accent sur le d\u00e9veloppement rural.<br \/>\n[\/vc_column_text][\/vc_tta_section][vc_tta_section title=\u00a0\u00bb4.- Qui peut faire parti du CPTRB? \u00a0\u00bb tab_id=\u00a0\u00bb1458670955479-b60c05d5-110c\u00a0\u00bb][vc_column_text] Tout entrepreneur, association, coop\u00e9rative, etc. qui d\u00e9veloppe son activit\u00e9 dans la R\u00e9serve de Biosph\u00e8re de Lanzarote, qui a une actitud \u00e9thique coh\u00e9rente avec la R\u00e9serve et qui r\u00e9pond aux exigences requises \u00e0 cette effet et qui appartient aux sous-secteurs s\u00e9lectionn\u00e9s pour faire partie de ce Club: h\u00e9bergement, industries agroalimentaires (caves, fromageries, etc.), magasins sp\u00e9cialis\u00e9es, restaurants et entreprises d\u2019activit\u00e9s suppl\u00e9mentaires. On n\u2019a pas d\u00e9sign\u00e9 dans le Club des exigences sp\u00e9cifiques pour les artisans et les producteurs primaires, parce que le Club de Produits les int\u00e8gre comme composants \u00e0 travers les magasins de produits locaux.<\/p>\n<p>Exigences \u00e0 respecter:<\/p>\n<ul>\n<li>Remplir le formulaire d\u2019adh\u00e9sion<\/li>\n<li>Pr\u00e9senter la documentation qu\u2019on demande selon l\u2019activit\u00e9 d\u00e9velopp\u00e9e<\/li>\n<li>Assister aux cours de formation qui sont offerts par la R\u00e9serve de Biosph\u00e8re pour le CPTRB<\/li>\n<li>Recevoir la visite et le conseil du personnel technique charg\u00e9 de g\u00e9rer le CPTRB<\/li>\n<\/ul>\n[\/vc_column_text][\/vc_tta_section][vc_tta_section title=\u00a0\u00bb5.- Qu\u2019est-ce qu\u2019il faut faire pour adh\u00e9rer au Club? \u00a0\u00bb tab_id=\u00a0\u00bb1458671018959-2238825b-83df\u00a0\u00bb][vc_column_text]\n<ul>\n<li>Prendre contact avec le Bureau de la R\u00e9serve de Biosph\u00e8re par l\u2019email: ecoturismo@lanzarotebiosfera.org ou par le t\u00e9l\u00e9phone: 928 81 01 00 ext 2340 ou 2342<\/li>\n<li>Remplir le formulaire d\u2019adh\u00e9sion<\/li>\n<li>Pr\u00e9senter la documentation qu\u2019on demande<\/li>\n<li>Recevoir la formation du Bureau de la R\u00e9serve de Biosph\u00e8re pour le CPTRB<\/li>\n<li>Assister aux r\u00e9unions organis\u00e9es par le Club <\/li>\n<li>Recevoir la visite des techniques charg\u00e9s du projet dans les installations de l\u2019entreprise<\/li>\n<\/ul>\n[\/vc_column_text][\/vc_tta_section][vc_tta_section title=\u00a0\u00bb6.- Quels sont les b\u00e9n\u00e9fices d&rsquo;appartenir au CPTRB?\u00a0\u00bb tab_id=\u00a0\u00bb1458671101180-734c2ca9-b5cc\u00a0\u00bb][vc_column_text]\n<ul>\n<li>\u00catre reconnu au niveau national et europ\u00e9en<\/li>\n<li>Avoir des nouvelles opportunit\u00e9s commerciales<\/li>\n<li>Avoir une offre touristique orient\u00e9e vers la d\u00e9couverte de la destination diff\u00e9renci\u00e9 d\u2019une autre qui n\u2019est pas<\/li>\n<li>Avoir des informations sur la demande de la destination<\/li>\n<li>Am\u00e9liorer la qualit\u00e9 de vos services en utilisant les diff\u00e9rents outils disponibles<\/li>\n<li>Am\u00e9liorer la performance environnementale<\/li>\n<li>Contribuer au d\u00e9veloppement durable local et avoir la reconnaissance des consommateurs<\/li>\n<li>Avoir des conseils de l\u2019administration publique (Bureau de la R\u00e9serve de Biosph\u00e8re)<\/li>\n<\/ul>\n[\/vc_column_text][\/vc_tta_section][vc_tta_section title=\u00a0\u00bb7.- Combien cela co\u00fbte-t-il d&rsquo;appartenir au CPTRB?\u00a0\u00bb tab_id=\u00a0\u00bb1458671169115-e0f771e0-8427&Prime;][vc_column_text] Adh\u00e9rer et faire parti du CPTRB est compl\u00e8tement gratuit, il n\u2019y a pas de d\u00e9penses ant\u00e9rieures ni post\u00e9rieures au processus d\u2019adh\u00e9sion.<\/p>\n<p>C\u2019est un projet g\u00e9r\u00e9 par le Bureau de la R\u00e9serve de Biosph\u00e8re et les d\u00e9penses d\u00e9riv\u00e9s de de l\u2019appartenance au groupe d\u2019entreprises innovantes d\u2019\u00e9cotourisme responsable dans la Biosph\u00e8re TUREBE sont pay\u00e9es par le Cabildo de Lanzarote \u00e0 travers le Bureau de la R\u00e9serve de Biosph\u00e8re.[\/vc_column_text][\/vc_tta_section][\/vc_tta_accordion][\/vc_column][\/vc_row]","protected":false},"excerpt":{"rendered":"<p>[vc_row][vc_column][vc_tta_accordion active_section=\u00a0\u00bb0&Prime;][vc_tta_section title=\u00a0\u00bb1.- Qu\u2019est-ce que c\u2019est l\u2019\u00e9cotourisme? \u00a0\u00bb tab_id=\u00a0\u00bb1458670402175-890d7517-fc30&Prime;][vc_column_text]Le Tourisme \u00e9cologique ou \u00e9cotourisme est une nouvelle tendance du tourisme pour se diff\u00e9rencier du tourisme traditionnel. C\u2019est une approche pour les activit\u00e9s touristiques qui se concentre sur la durabilit\u00e9, la pr\u00e9servation et l\u2019appr\u00e9ciation du milieu naturel et culturel. On promeut le bien-\u00eatre des populations locaux et [&hellip;]<\/p>\n","protected":false},"author":1,"featured_media":0,"parent":0,"menu_order":0,"comment_status":"closed","ping_status":"closed","template":"","meta":[],"yoast_head":"<!-- This site is optimized with the Yoast SEO plugin v18.2 - https:\/\/yoast.com\/wordpress\/plugins\/seo\/ -->\n<title>Questions Fr\u00e9quentes - Club Producto Tur\u00edstico<\/title>\n<meta name=\"robots\" content=\"index, follow, max-snippet:-1, max-image-preview:large, max-video-preview:-1\" \/>\n<link rel=\"canonical\" href=\"https:\/\/ecoturismo.lanzarotebiosfera.org\/preguntas-frecuentes\/\" \/>\n<meta property=\"og:locale\" content=\"fr_FR\" \/>\n<meta property=\"og:type\" content=\"article\" \/>\n<meta property=\"og:title\" content=\"[:es]Preguntas Frecuentes[:en]FAQ[:de]FAQ \u2013 H\u00e4ufig Gestellte Fragen[:fr]Questions Fr\u00e9quentes[:] - Club Producto Tur\u00edstico\" \/>\n<meta property=\"og:description\" content=\"[vc_row][vc_column][vc_tta_accordion active_section=\u00a0\u00bb0&Prime;][vc_tta_section title=\u00a0\u00bb1.- Qu\u2019est-ce que c\u2019est l\u2019\u00e9cotourisme? \u00a0\u00bb tab_id=\u00a0\u00bb1458670402175-890d7517-fc30&Prime;][vc_column_text]Le Tourisme \u00e9cologique ou \u00e9cotourisme est une nouvelle tendance du tourisme pour se diff\u00e9rencier du tourisme traditionnel. C\u2019est une approche pour les activit\u00e9s touristiques qui se concentre sur la durabilit\u00e9, la pr\u00e9servation et l\u2019appr\u00e9ciation du milieu naturel et culturel. On promeut le bien-\u00eatre des populations locaux et [&hellip;]\" \/>\n<meta property=\"og:url\" content=\"https:\/\/ecoturismo.lanzarotebiosfera.org\/preguntas-frecuentes\/\" \/>\n<meta property=\"og:site_name\" content=\"Club Producto Tur\u00edstico\" \/>\n<meta property=\"article:modified_time\" content=\"2023-08-03T11:46:52+00:00\" \/>\n<meta name=\"twitter:card\" content=\"summary_large_image\" \/>\n<meta name=\"twitter:label1\" content=\"Dur\u00e9e de lecture estim\u00e9e\" \/>\n\t<meta name=\"twitter:data1\" content=\"20 minutes\" \/>\n<script type=\"application\/ld+json\" class=\"yoast-schema-graph\">{\"@context\":\"https:\/\/schema.org\",\"@graph\":[{\"@type\":\"WebSite\",\"@id\":\"https:\/\/ecoturismo.lanzarotebiosfera.org\/#website\",\"url\":\"https:\/\/ecoturismo.lanzarotebiosfera.org\/\",\"name\":\"Club Producto Tur\u00edstico\",\"description\":\"Lanzarote Reserva de la Biosfera\",\"potentialAction\":[{\"@type\":\"SearchAction\",\"target\":{\"@type\":\"EntryPoint\",\"urlTemplate\":\"https:\/\/ecoturismo.lanzarotebiosfera.org\/?s={search_term_string}\"},\"query-input\":\"required name=search_term_string\"}],\"inLanguage\":\"fr-FR\"},{\"@type\":\"WebPage\",\"@id\":\"https:\/\/ecoturismo.lanzarotebiosfera.org\/preguntas-frecuentes\/#webpage\",\"url\":\"https:\/\/ecoturismo.lanzarotebiosfera.org\/preguntas-frecuentes\/\",\"name\":\"[:es]Preguntas Frecuentes[:en]FAQ[:de]FAQ \u2013 H\u00e4ufig Gestellte Fragen[:fr]Questions Fr\u00e9quentes[:] - Club Producto Tur\u00edstico\",\"isPartOf\":{\"@id\":\"https:\/\/ecoturismo.lanzarotebiosfera.org\/#website\"},\"datePublished\":\"2016-03-22T18:16:18+00:00\",\"dateModified\":\"2023-08-03T11:46:52+00:00\",\"breadcrumb\":{\"@id\":\"https:\/\/ecoturismo.lanzarotebiosfera.org\/preguntas-frecuentes\/#breadcrumb\"},\"inLanguage\":\"fr-FR\",\"potentialAction\":[{\"@type\":\"ReadAction\",\"target\":[\"https:\/\/ecoturismo.lanzarotebiosfera.org\/preguntas-frecuentes\/\"]}]},{\"@type\":\"BreadcrumbList\",\"@id\":\"https:\/\/ecoturismo.lanzarotebiosfera.org\/preguntas-frecuentes\/#breadcrumb\",\"itemListElement\":[{\"@type\":\"ListItem\",\"position\":1,\"name\":\"Portada\",\"item\":\"https:\/\/ecoturismo.lanzarotebiosfera.org\/\"},{\"@type\":\"ListItem\",\"position\":2,\"name\":\"Preguntas Frecuentes\"}]}]}<\/script>\n<!-- \/ Yoast SEO plugin. -->","yoast_head_json":{"title":"[:es]Preguntas Frecuentes[:en]FAQ[:de]FAQ \u2013 H\u00e4ufig Gestellte Fragen[:fr]Questions Fr\u00e9quentes[:] - Club Producto Tur\u00edstico","robots":{"index":"index","follow":"follow","max-snippet":"max-snippet:-1","max-image-preview":"max-image-preview:large","max-video-preview":"max-video-preview:-1"},"canonical":"https:\/\/ecoturismo.lanzarotebiosfera.org\/preguntas-frecuentes\/","og_locale":"fr_FR","og_type":"article","og_title":"[:es]Preguntas Frecuentes[:en]FAQ[:de]FAQ \u2013 H\u00e4ufig Gestellte Fragen[:fr]Questions Fr\u00e9quentes[:] - Club Producto Tur\u00edstico","og_description":"[vc_row][vc_column][vc_tta_accordion active_section=\u00a0\u00bb0&Prime;][vc_tta_section title=\u00a0\u00bb1.- Qu\u2019est-ce que c\u2019est l\u2019\u00e9cotourisme? \u00a0\u00bb tab_id=\u00a0\u00bb1458670402175-890d7517-fc30&Prime;][vc_column_text]Le Tourisme \u00e9cologique ou \u00e9cotourisme est une nouvelle tendance du tourisme pour se diff\u00e9rencier du tourisme traditionnel. C\u2019est une approche pour les activit\u00e9s touristiques qui se concentre sur la durabilit\u00e9, la pr\u00e9servation et l\u2019appr\u00e9ciation du milieu naturel et culturel. On promeut le bien-\u00eatre des populations locaux et [&hellip;]","og_url":"https:\/\/ecoturismo.lanzarotebiosfera.org\/preguntas-frecuentes\/","og_site_name":"Club Producto Tur\u00edstico","article_modified_time":"2023-08-03T11:46:52+00:00","twitter_card":"summary_large_image","twitter_misc":{"Dur\u00e9e de lecture estim\u00e9e":"20 minutes"},"schema":{"@context":"https:\/\/schema.org","@graph":[{"@type":"WebSite","@id":"https:\/\/ecoturismo.lanzarotebiosfera.org\/#website","url":"https:\/\/ecoturismo.lanzarotebiosfera.org\/","name":"Club Producto Tur\u00edstico","description":"Lanzarote Reserva de la Biosfera","potentialAction":[{"@type":"SearchAction","target":{"@type":"EntryPoint","urlTemplate":"https:\/\/ecoturismo.lanzarotebiosfera.org\/?s={search_term_string}"},"query-input":"required name=search_term_string"}],"inLanguage":"fr-FR"},{"@type":"WebPage","@id":"https:\/\/ecoturismo.lanzarotebiosfera.org\/preguntas-frecuentes\/#webpage","url":"https:\/\/ecoturismo.lanzarotebiosfera.org\/preguntas-frecuentes\/","name":"[:es]Preguntas Frecuentes[:en]FAQ[:de]FAQ \u2013 H\u00e4ufig Gestellte Fragen[:fr]Questions Fr\u00e9quentes[:] - Club Producto Tur\u00edstico","isPartOf":{"@id":"https:\/\/ecoturismo.lanzarotebiosfera.org\/#website"},"datePublished":"2016-03-22T18:16:18+00:00","dateModified":"2023-08-03T11:46:52+00:00","breadcrumb":{"@id":"https:\/\/ecoturismo.lanzarotebiosfera.org\/preguntas-frecuentes\/#breadcrumb"},"inLanguage":"fr-FR","potentialAction":[{"@type":"ReadAction","target":["https:\/\/ecoturismo.lanzarotebiosfera.org\/preguntas-frecuentes\/"]}]},{"@type":"BreadcrumbList","@id":"https:\/\/ecoturismo.lanzarotebiosfera.org\/preguntas-frecuentes\/#breadcrumb","itemListElement":[{"@type":"ListItem","position":1,"name":"Portada","item":"https:\/\/ecoturismo.lanzarotebiosfera.org\/"},{"@type":"ListItem","position":2,"name":"Preguntas Frecuentes"}]}]}},"_links":{"self":[{"href":"https:\/\/ecoturismo.lanzarotebiosfera.org\/fr\/wp-json\/wp\/v2\/pages\/346"}],"collection":[{"href":"https:\/\/ecoturismo.lanzarotebiosfera.org\/fr\/wp-json\/wp\/v2\/pages"}],"about":[{"href":"https:\/\/ecoturismo.lanzarotebiosfera.org\/fr\/wp-json\/wp\/v2\/types\/page"}],"author":[{"embeddable":true,"href":"https:\/\/ecoturismo.lanzarotebiosfera.org\/fr\/wp-json\/wp\/v2\/users\/1"}],"replies":[{"embeddable":true,"href":"https:\/\/ecoturismo.lanzarotebiosfera.org\/fr\/wp-json\/wp\/v2\/comments?post=346"}],"version-history":[{"count":12,"href":"https:\/\/ecoturismo.lanzarotebiosfera.org\/fr\/wp-json\/wp\/v2\/pages\/346\/revisions"}],"predecessor-version":[{"id":2608,"href":"https:\/\/ecoturismo.lanzarotebiosfera.org\/fr\/wp-json\/wp\/v2\/pages\/346\/revisions\/2608"}],"wp:attachment":[{"href":"https:\/\/ecoturismo.lanzarotebiosfera.org\/fr\/wp-json\/wp\/v2\/media?parent=346"}],"curies":[{"name":"wp","href":"https:\/\/api.w.org\/{rel}","templated":true}]}}