{"id":401,"date":"2016-04-08T07:46:34","date_gmt":"2016-04-08T07:46:34","guid":{"rendered":"https:\/\/ecoturismo.lanzarotebiosfera.org\/?page_id=401"},"modified":"2018-08-10T11:06:49","modified_gmt":"2018-08-10T11:06:49","slug":"empresas-club-producto-turistico-lanzarote","status":"publish","type":"page","link":"https:\/\/ecoturismo.lanzarotebiosfera.org\/fr\/empresas-club-producto-turistico-lanzarote\/","title":{"rendered":"Entreprises du Club de Produits Touristiques de Lanzarote"},"content":{"rendered":"[vc_row][vc_column][vc_column_text]\n<p style=\"text-align: justify;\">Le <strong>Club de Produits Touristiques R\u00e9serve de Biosph\u00e8re de Lanzarote<\/strong>\u00a0n\u2019a pas essay\u00e9 de rappeler les exigences de qualit\u00e9 d\u00e9j\u00e0 \u00e9tablies pour d\u2019autres syst\u00e8mes, mais il a voulu se concentrer sur ceux qui servent \u00e0 relier l\u2019engagement de l\u2019entreprise \u00e0 la durabilit\u00e9 de l\u2019\u00eele.<\/p>\n<p style=\"text-align: justify;\">Le Secr\u00e9tariat d\u2019\u00c9tat au Tourisme \u00e9tablit une s\u00e9rie d\u2019exigences obligatoires, et d\u2019autres qui sont recommand\u00e9es pour les entreprises qui veulent faire partie du Club. Ces exigences ont \u00e9t\u00e9 agrandies par le Bureau de la R\u00e9serve de Biosph\u00e8re de Lanzarote \u00e0 la suite d\u2019un processus participatif avec les entreprises promotrice du Club.<\/p>\n<p style=\"text-align: justify;\">Les entreprises accr\u00e9dit\u00e9es par le Bureau de la R\u00e9serve de Biosph\u00e8re de Lanzarote sont les suivantes:<\/p>\n[\/vc_column_text][vc_masonry_grid post_type=\u00a0\u00bbpost\u00a0\u00bb max_items=\u00a0\u00bb-1&Prime; grid_id=\u00a0\u00bbvc_gid:1529310333945-9322657d-e54c-10&Prime; taxonomies=\u00a0\u00bb17&Prime;][\/vc_column][\/vc_row]","protected":false},"excerpt":{"rendered":"<p>[vc_row][vc_column][vc_column_text] Le Club de Produits Touristiques R\u00e9serve de Biosph\u00e8re de Lanzarote\u00a0n\u2019a pas essay\u00e9 de rappeler les exigences de qualit\u00e9 d\u00e9j\u00e0 \u00e9tablies pour d\u2019autres syst\u00e8mes, mais il a voulu se concentrer sur ceux qui servent \u00e0 relier l\u2019engagement de l\u2019entreprise \u00e0 la durabilit\u00e9 de l\u2019\u00eele. Le Secr\u00e9tariat d\u2019\u00c9tat au Tourisme \u00e9tablit une s\u00e9rie d\u2019exigences obligatoires, et [&hellip;]<\/p>\n","protected":false},"author":2,"featured_media":0,"parent":0,"menu_order":0,"comment_status":"closed","ping_status":"closed","template":"","meta":[],"yoast_head":"<!-- This site is optimized with the Yoast SEO plugin v18.2 - https:\/\/yoast.com\/wordpress\/plugins\/seo\/ -->\n<title>Entreprises du Club de Produits Touristiques de Lanzarote - Club Producto Tur\u00edstico<\/title>\n<meta name=\"robots\" content=\"index, follow, max-snippet:-1, max-image-preview:large, max-video-preview:-1\" \/>\n<link rel=\"canonical\" href=\"https:\/\/ecoturismo.lanzarotebiosfera.org\/de\/empresas-club-producto-turistico-lanzarote\/\" \/>\n<meta property=\"og:locale\" content=\"fr_FR\" \/>\n<meta property=\"og:type\" content=\"article\" \/>\n<meta property=\"og:title\" content=\"[:es]Empresas del Club de Producto Tur\u00edstico de Lanzarote[:en]Companies in Lanzatore\u2019s Tourism Product Club[:de]Unternehmen des Tourismusprodukt-Clubs von Lanzarote [:fr]Entreprises du Club de Produits Touristiques de Lanzarote[:] - Club Producto Tur\u00edstico\" \/>\n<meta property=\"og:description\" content=\"[vc_row][vc_column][vc_column_text] Le Club de Produits Touristiques R\u00e9serve de Biosph\u00e8re de Lanzarote\u00a0n\u2019a pas essay\u00e9 de rappeler les exigences de qualit\u00e9 d\u00e9j\u00e0 \u00e9tablies pour d\u2019autres syst\u00e8mes, mais il a voulu se concentrer sur ceux qui servent \u00e0 relier l\u2019engagement de l\u2019entreprise \u00e0 la durabilit\u00e9 de l\u2019\u00eele. Le Secr\u00e9tariat d\u2019\u00c9tat au Tourisme \u00e9tablit une s\u00e9rie d\u2019exigences obligatoires, et [&hellip;]\" \/>\n<meta property=\"og:url\" content=\"https:\/\/ecoturismo.lanzarotebiosfera.org\/de\/empresas-club-producto-turistico-lanzarote\/\" \/>\n<meta property=\"og:site_name\" content=\"Club Producto Tur\u00edstico\" \/>\n<meta property=\"article:modified_time\" content=\"2018-08-10T11:06:49+00:00\" \/>\n<meta property=\"og:image\" content=\"https:\/\/ecoturismo.lanzarotebiosfera.org\/wp-content\/uploads\/2018\/08\/revivirCertifColor-1-150x150.png\" \/>\n<meta name=\"twitter:card\" content=\"summary_large_image\" \/>\n<meta name=\"twitter:label1\" content=\"Dur\u00e9e de lecture estim\u00e9e\" \/>\n\t<meta name=\"twitter:data1\" content=\"3 minutes\" \/>\n<script type=\"application\/ld+json\" class=\"yoast-schema-graph\">{\"@context\":\"https:\/\/schema.org\",\"@graph\":[{\"@type\":\"WebSite\",\"@id\":\"https:\/\/ecoturismo.lanzarotebiosfera.org\/#website\",\"url\":\"https:\/\/ecoturismo.lanzarotebiosfera.org\/\",\"name\":\"Club Producto Tur\u00edstico\",\"description\":\"Lanzarote Reserva de la Biosfera\",\"potentialAction\":[{\"@type\":\"SearchAction\",\"target\":{\"@type\":\"EntryPoint\",\"urlTemplate\":\"https:\/\/ecoturismo.lanzarotebiosfera.org\/?s={search_term_string}\"},\"query-input\":\"required name=search_term_string\"}],\"inLanguage\":\"fr-FR\"},{\"@type\":\"ImageObject\",\"@id\":\"https:\/\/ecoturismo.lanzarotebiosfera.org\/de\/empresas-club-producto-turistico-lanzarote\/#primaryimage\",\"inLanguage\":\"fr-FR\",\"url\":\"https:\/\/ecoturismo.lanzarotebiosfera.org\/wp-content\/uploads\/2018\/08\/revivirCertifColor-1.png\",\"contentUrl\":\"https:\/\/ecoturismo.lanzarotebiosfera.org\/wp-content\/uploads\/2018\/08\/revivirCertifColor-1.png\",\"width\":300,\"height\":212},{\"@type\":\"WebPage\",\"@id\":\"https:\/\/ecoturismo.lanzarotebiosfera.org\/de\/empresas-club-producto-turistico-lanzarote\/#webpage\",\"url\":\"https:\/\/ecoturismo.lanzarotebiosfera.org\/de\/empresas-club-producto-turistico-lanzarote\/\",\"name\":\"[:es]Empresas del Club de Producto Tur\u00edstico de Lanzarote[:en]Companies in Lanzatore\u2019s Tourism Product Club[:de]Unternehmen des Tourismusprodukt-Clubs von Lanzarote [:fr]Entreprises du Club de Produits Touristiques de Lanzarote[:] - Club Producto Tur\u00edstico\",\"isPartOf\":{\"@id\":\"https:\/\/ecoturismo.lanzarotebiosfera.org\/#website\"},\"primaryImageOfPage\":{\"@id\":\"https:\/\/ecoturismo.lanzarotebiosfera.org\/de\/empresas-club-producto-turistico-lanzarote\/#primaryimage\"},\"datePublished\":\"2016-04-08T07:46:34+00:00\",\"dateModified\":\"2018-08-10T11:06:49+00:00\",\"breadcrumb\":{\"@id\":\"https:\/\/ecoturismo.lanzarotebiosfera.org\/de\/empresas-club-producto-turistico-lanzarote\/#breadcrumb\"},\"inLanguage\":\"fr-FR\",\"potentialAction\":[{\"@type\":\"ReadAction\",\"target\":[\"https:\/\/ecoturismo.lanzarotebiosfera.org\/de\/empresas-club-producto-turistico-lanzarote\/\"]}]},{\"@type\":\"BreadcrumbList\",\"@id\":\"https:\/\/ecoturismo.lanzarotebiosfera.org\/de\/empresas-club-producto-turistico-lanzarote\/#breadcrumb\",\"itemListElement\":[{\"@type\":\"ListItem\",\"position\":1,\"name\":\"Portada\",\"item\":\"https:\/\/ecoturismo.lanzarotebiosfera.org\/\"},{\"@type\":\"ListItem\",\"position\":2,\"name\":\"Unternehmen des Tourismusprodukt-Clubs von Lanzarote\"}]}]}<\/script>\n<!-- \/ Yoast SEO plugin. -->","yoast_head_json":{"title":"[:es]Empresas del Club de Producto Tur\u00edstico de Lanzarote[:en]Companies in Lanzatore\u2019s Tourism Product Club[:de]Unternehmen des Tourismusprodukt-Clubs von Lanzarote [:fr]Entreprises du Club de Produits Touristiques de Lanzarote[:] - Club Producto Tur\u00edstico","robots":{"index":"index","follow":"follow","max-snippet":"max-snippet:-1","max-image-preview":"max-image-preview:large","max-video-preview":"max-video-preview:-1"},"canonical":"https:\/\/ecoturismo.lanzarotebiosfera.org\/de\/empresas-club-producto-turistico-lanzarote\/","og_locale":"fr_FR","og_type":"article","og_title":"[:es]Empresas del Club de Producto Tur\u00edstico de Lanzarote[:en]Companies in Lanzatore\u2019s Tourism Product Club[:de]Unternehmen des Tourismusprodukt-Clubs von Lanzarote [:fr]Entreprises du Club de Produits Touristiques de Lanzarote[:] - Club Producto Tur\u00edstico","og_description":"[vc_row][vc_column][vc_column_text] Le Club de Produits Touristiques R\u00e9serve de Biosph\u00e8re de Lanzarote\u00a0n\u2019a pas essay\u00e9 de rappeler les exigences de qualit\u00e9 d\u00e9j\u00e0 \u00e9tablies pour d\u2019autres syst\u00e8mes, mais il a voulu se concentrer sur ceux qui servent \u00e0 relier l\u2019engagement de l\u2019entreprise \u00e0 la durabilit\u00e9 de l\u2019\u00eele. Le Secr\u00e9tariat d\u2019\u00c9tat au Tourisme \u00e9tablit une s\u00e9rie d\u2019exigences obligatoires, et [&hellip;]","og_url":"https:\/\/ecoturismo.lanzarotebiosfera.org\/de\/empresas-club-producto-turistico-lanzarote\/","og_site_name":"Club Producto Tur\u00edstico","article_modified_time":"2018-08-10T11:06:49+00:00","og_image":[{"url":"https:\/\/ecoturismo.lanzarotebiosfera.org\/wp-content\/uploads\/2018\/08\/revivirCertifColor-1-150x150.png"}],"twitter_card":"summary_large_image","twitter_misc":{"Dur\u00e9e de lecture estim\u00e9e":"3 minutes"},"schema":{"@context":"https:\/\/schema.org","@graph":[{"@type":"WebSite","@id":"https:\/\/ecoturismo.lanzarotebiosfera.org\/#website","url":"https:\/\/ecoturismo.lanzarotebiosfera.org\/","name":"Club Producto Tur\u00edstico","description":"Lanzarote Reserva de la Biosfera","potentialAction":[{"@type":"SearchAction","target":{"@type":"EntryPoint","urlTemplate":"https:\/\/ecoturismo.lanzarotebiosfera.org\/?s={search_term_string}"},"query-input":"required name=search_term_string"}],"inLanguage":"fr-FR"},{"@type":"ImageObject","@id":"https:\/\/ecoturismo.lanzarotebiosfera.org\/de\/empresas-club-producto-turistico-lanzarote\/#primaryimage","inLanguage":"fr-FR","url":"https:\/\/ecoturismo.lanzarotebiosfera.org\/wp-content\/uploads\/2018\/08\/revivirCertifColor-1.png","contentUrl":"https:\/\/ecoturismo.lanzarotebiosfera.org\/wp-content\/uploads\/2018\/08\/revivirCertifColor-1.png","width":300,"height":212},{"@type":"WebPage","@id":"https:\/\/ecoturismo.lanzarotebiosfera.org\/de\/empresas-club-producto-turistico-lanzarote\/#webpage","url":"https:\/\/ecoturismo.lanzarotebiosfera.org\/de\/empresas-club-producto-turistico-lanzarote\/","name":"[:es]Empresas del Club de Producto Tur\u00edstico de Lanzarote[:en]Companies in Lanzatore\u2019s Tourism Product Club[:de]Unternehmen des Tourismusprodukt-Clubs von Lanzarote [:fr]Entreprises du Club de Produits Touristiques de Lanzarote[:] - Club Producto Tur\u00edstico","isPartOf":{"@id":"https:\/\/ecoturismo.lanzarotebiosfera.org\/#website"},"primaryImageOfPage":{"@id":"https:\/\/ecoturismo.lanzarotebiosfera.org\/de\/empresas-club-producto-turistico-lanzarote\/#primaryimage"},"datePublished":"2016-04-08T07:46:34+00:00","dateModified":"2018-08-10T11:06:49+00:00","breadcrumb":{"@id":"https:\/\/ecoturismo.lanzarotebiosfera.org\/de\/empresas-club-producto-turistico-lanzarote\/#breadcrumb"},"inLanguage":"fr-FR","potentialAction":[{"@type":"ReadAction","target":["https:\/\/ecoturismo.lanzarotebiosfera.org\/de\/empresas-club-producto-turistico-lanzarote\/"]}]},{"@type":"BreadcrumbList","@id":"https:\/\/ecoturismo.lanzarotebiosfera.org\/de\/empresas-club-producto-turistico-lanzarote\/#breadcrumb","itemListElement":[{"@type":"ListItem","position":1,"name":"Portada","item":"https:\/\/ecoturismo.lanzarotebiosfera.org\/"},{"@type":"ListItem","position":2,"name":"Unternehmen des Tourismusprodukt-Clubs von Lanzarote"}]}]}},"_links":{"self":[{"href":"https:\/\/ecoturismo.lanzarotebiosfera.org\/fr\/wp-json\/wp\/v2\/pages\/401"}],"collection":[{"href":"https:\/\/ecoturismo.lanzarotebiosfera.org\/fr\/wp-json\/wp\/v2\/pages"}],"about":[{"href":"https:\/\/ecoturismo.lanzarotebiosfera.org\/fr\/wp-json\/wp\/v2\/types\/page"}],"author":[{"embeddable":true,"href":"https:\/\/ecoturismo.lanzarotebiosfera.org\/fr\/wp-json\/wp\/v2\/users\/2"}],"replies":[{"embeddable":true,"href":"https:\/\/ecoturismo.lanzarotebiosfera.org\/fr\/wp-json\/wp\/v2\/comments?post=401"}],"version-history":[{"count":17,"href":"https:\/\/ecoturismo.lanzarotebiosfera.org\/fr\/wp-json\/wp\/v2\/pages\/401\/revisions"}],"predecessor-version":[{"id":1727,"href":"https:\/\/ecoturismo.lanzarotebiosfera.org\/fr\/wp-json\/wp\/v2\/pages\/401\/revisions\/1727"}],"wp:attachment":[{"href":"https:\/\/ecoturismo.lanzarotebiosfera.org\/fr\/wp-json\/wp\/v2\/media?parent=401"}],"curies":[{"name":"wp","href":"https:\/\/api.w.org\/{rel}","templated":true}]}}